{"id":1086,"date":"2015-03-18T13:45:04","date_gmt":"2015-03-18T11:45:04","guid":{"rendered":"http:\/\/lynden.co.mz.s45189.gridserver.com\/?page_id=1086"},"modified":"2017-01-08T00:04:11","modified_gmt":"2017-01-07T22:04:11","slug":"metodologia","status":"publish","type":"page","link":"http:\/\/lynden.co.mz\/pt-pt\/metodologia\/","title":{"rendered":"Metodologia"},"content":{"rendered":"<blockquote><p>A metodologia utilizada pela LYNDEN foi desenvolvida para o ensino de Ingl\u00eas como L\u00edngua Estrangeira para Adultos principalmente pela Universidade de Cambridge, que foi pioneira de cursos de forma\u00e7\u00e3o especificamente para esta finalidade.\n<\/p><\/blockquote>\n<div class=\"row gutter k-equal-height\">\n<div class=\"col-lg-4 col-md-4 col-sm-4 col-xs-12\">\n<h5 class=\"font_0\">Metodologia<\/h5>\n<p class=\"font_0\">A metodologia utilizada \u00e9 baseada em m\u00e9todos desenvolvidos ao longo dos anos no ensino do idioma ingl\u00eas e s\u00e3o reconhecidos como sendo eficientes no ensino de Ingl\u00eas para adultos e jovens. Usamos uma variedade de livros de curso, desenvolvimento de compet\u00eancias multim\u00e9dia e on-line a fim de oferecer um ambiente entusiasmado e interessante, prop\u00edcio \u00e0 aprendizagem de l\u00ednguas.<\/p>\n<\/div>\n<div class=\"col-lg-4 col-md-4 col-sm-4 col-xs-12\">\n<h5 class=\"font_0\">Participantes por turma<\/h5>\n<p class=\"font_0\">O n\u00famero m\u00e1ximo de participantes por turma \u00e9 14, garantindo assim, todas as oportunidades ao aluno para praticar as suas habilidades na l\u00edngua.<\/p>\n<h5 class=\"font_0\">Equipe Profissional<\/h5>\n<p class=\"font_0\">Os professores da Lynden s\u00e3o altamente qualificados e experientes, e dedicam-se a optimizar a sua experi\u00eancia de aprendizagem de l\u00ednguas.<\/p>\n<\/div>\n<div class=\"col-lg-4 col-md-4 col-sm-4 col-xs-12\"><div class=\"gap20\"><\/div>\n<a href=\"\/?page_id=1087\" target=\"_self\" class=\"btn btn-default btn-lg\"><i class=\"fa fa-building-o\"><\/i> &nbsp; Veja instala\u00e7\u00f5es da Escola<\/a>\n<div class=\"gap30\"><\/div>\n<a href=\"\/?page_id=1080\" target=\"_self\" class=\"btn btn-default btn-sm\"><i class=\"fa fa-envelope-o\"><\/i> &nbsp; Entre em contato connosco<\/a>\n<\/div>\n<\/div>\n","protected":false},"excerpt":{"rendered":"<p>A metodologia utilizada pela LYNDEN foi desenvolvida para o ensino de Ingl\u00eas como L\u00edngua Estrangeira para Adultos principalmente pela Universidade de Cambridge, que foi&#8230; &nbsp; <a href=\"http:\/\/lynden.co.mz\/pt-pt\/metodologia\/\" class=\"moretag\">Read More<\/a><\/p>\n","protected":false},"author":6,"featured_media":0,"parent":0,"menu_order":0,"comment_status":"closed","ping_status":"closed","template":"page-fullwidth.php","meta":{"jetpack_post_was_ever_published":false,"footnotes":""},"class_list":["post-1086","page","type-page","status-publish","hentry"],"yoast_head":"<!-- This site is optimized with the Yoast SEO plugin v27.4 - https:\/\/yoast.com\/product\/yoast-seo-wordpress\/ -->\n<title>Metodologia - Lynden Language Solutions<\/title>\n<meta name=\"robots\" content=\"index, follow, max-snippet:-1, max-image-preview:large, max-video-preview:-1\" \/>\n<link rel=\"canonical\" href=\"http:\/\/lynden.co.mz\/pt-pt\/metodologia\/\" \/>\n<meta property=\"og:locale\" content=\"pt_PT\" \/>\n<meta property=\"og:type\" content=\"article\" \/>\n<meta property=\"og:title\" content=\"Metodologia - Lynden Language Solutions\" \/>\n<meta property=\"og:description\" content=\"A metodologia utilizada pela LYNDEN foi desenvolvida para o ensino de Ingl\u00eas como L\u00edngua Estrangeira para Adultos principalmente pela Universidade de Cambridge, que foi... &nbsp; Read More\" \/>\n<meta property=\"og:url\" content=\"http:\/\/lynden.co.mz\/pt-pt\/metodologia\/\" \/>\n<meta property=\"og:site_name\" content=\"Lynden Language Solutions\" \/>\n<meta property=\"article:modified_time\" content=\"2017-01-07T22:04:11+00:00\" \/>\n<meta name=\"twitter:card\" content=\"summary_large_image\" \/>\n<meta name=\"twitter:label1\" content=\"Tempo estimado de leitura\" \/>\n\t<meta name=\"twitter:data1\" content=\"1 minuto\" \/>\n<script type=\"application\/ld+json\" class=\"yoast-schema-graph\">{\"@context\":\"https:\\\/\\\/schema.org\",\"@graph\":[{\"@type\":\"WebPage\",\"@id\":\"http:\\\/\\\/lynden.co.mz\\\/pt-pt\\\/metodologia\\\/\",\"url\":\"http:\\\/\\\/lynden.co.mz\\\/pt-pt\\\/metodologia\\\/\",\"name\":\"Metodologia - Lynden Language Solutions\",\"isPartOf\":{\"@id\":\"https:\\\/\\\/lynden.co.mz\\\/#website\"},\"datePublished\":\"2015-03-18T11:45:04+00:00\",\"dateModified\":\"2017-01-07T22:04:11+00:00\",\"breadcrumb\":{\"@id\":\"http:\\\/\\\/lynden.co.mz\\\/pt-pt\\\/metodologia\\\/#breadcrumb\"},\"inLanguage\":\"pt-PT\",\"potentialAction\":[{\"@type\":\"ReadAction\",\"target\":[\"http:\\\/\\\/lynden.co.mz\\\/pt-pt\\\/metodologia\\\/\"]}]},{\"@type\":\"BreadcrumbList\",\"@id\":\"http:\\\/\\\/lynden.co.mz\\\/pt-pt\\\/metodologia\\\/#breadcrumb\",\"itemListElement\":[{\"@type\":\"ListItem\",\"position\":1,\"name\":\"Home\",\"item\":\"https:\\\/\\\/lynden.co.mz\\\/pt-pt\\\/\"},{\"@type\":\"ListItem\",\"position\":2,\"name\":\"Metodologia\"}]},{\"@type\":\"WebSite\",\"@id\":\"https:\\\/\\\/lynden.co.mz\\\/#website\",\"url\":\"https:\\\/\\\/lynden.co.mz\\\/\",\"name\":\"Lynden Language Solutions\",\"description\":\"Tailored language solutions for maximised learning.\",\"potentialAction\":[{\"@type\":\"SearchAction\",\"target\":{\"@type\":\"EntryPoint\",\"urlTemplate\":\"https:\\\/\\\/lynden.co.mz\\\/?s={search_term_string}\"},\"query-input\":{\"@type\":\"PropertyValueSpecification\",\"valueRequired\":true,\"valueName\":\"search_term_string\"}}],\"inLanguage\":\"pt-PT\"}]}<\/script>\n<!-- \/ Yoast SEO plugin. -->","yoast_head_json":{"title":"Metodologia - Lynden Language Solutions","robots":{"index":"index","follow":"follow","max-snippet":"max-snippet:-1","max-image-preview":"max-image-preview:large","max-video-preview":"max-video-preview:-1"},"canonical":"http:\/\/lynden.co.mz\/pt-pt\/metodologia\/","og_locale":"pt_PT","og_type":"article","og_title":"Metodologia - Lynden Language Solutions","og_description":"A metodologia utilizada pela LYNDEN foi desenvolvida para o ensino de Ingl\u00eas como L\u00edngua Estrangeira para Adultos principalmente pela Universidade de Cambridge, que foi... &nbsp; Read More","og_url":"http:\/\/lynden.co.mz\/pt-pt\/metodologia\/","og_site_name":"Lynden Language Solutions","article_modified_time":"2017-01-07T22:04:11+00:00","twitter_card":"summary_large_image","twitter_misc":{"Tempo estimado de leitura":"1 minuto"},"schema":{"@context":"https:\/\/schema.org","@graph":[{"@type":"WebPage","@id":"http:\/\/lynden.co.mz\/pt-pt\/metodologia\/","url":"http:\/\/lynden.co.mz\/pt-pt\/metodologia\/","name":"Metodologia - Lynden Language Solutions","isPartOf":{"@id":"https:\/\/lynden.co.mz\/#website"},"datePublished":"2015-03-18T11:45:04+00:00","dateModified":"2017-01-07T22:04:11+00:00","breadcrumb":{"@id":"http:\/\/lynden.co.mz\/pt-pt\/metodologia\/#breadcrumb"},"inLanguage":"pt-PT","potentialAction":[{"@type":"ReadAction","target":["http:\/\/lynden.co.mz\/pt-pt\/metodologia\/"]}]},{"@type":"BreadcrumbList","@id":"http:\/\/lynden.co.mz\/pt-pt\/metodologia\/#breadcrumb","itemListElement":[{"@type":"ListItem","position":1,"name":"Home","item":"https:\/\/lynden.co.mz\/pt-pt\/"},{"@type":"ListItem","position":2,"name":"Metodologia"}]},{"@type":"WebSite","@id":"https:\/\/lynden.co.mz\/#website","url":"https:\/\/lynden.co.mz\/","name":"Lynden Language Solutions","description":"Tailored language solutions for maximised learning.","potentialAction":[{"@type":"SearchAction","target":{"@type":"EntryPoint","urlTemplate":"https:\/\/lynden.co.mz\/?s={search_term_string}"},"query-input":{"@type":"PropertyValueSpecification","valueRequired":true,"valueName":"search_term_string"}}],"inLanguage":"pt-PT"}]}},"jetpack_sharing_enabled":true,"jetpack_shortlink":"https:\/\/wp.me\/P8lW95-hw","_links":{"self":[{"href":"http:\/\/lynden.co.mz\/pt-pt\/wp-json\/wp\/v2\/pages\/1086","targetHints":{"allow":["GET"]}}],"collection":[{"href":"http:\/\/lynden.co.mz\/pt-pt\/wp-json\/wp\/v2\/pages"}],"about":[{"href":"http:\/\/lynden.co.mz\/pt-pt\/wp-json\/wp\/v2\/types\/page"}],"author":[{"embeddable":true,"href":"http:\/\/lynden.co.mz\/pt-pt\/wp-json\/wp\/v2\/users\/6"}],"replies":[{"embeddable":true,"href":"http:\/\/lynden.co.mz\/pt-pt\/wp-json\/wp\/v2\/comments?post=1086"}],"version-history":[{"count":8,"href":"http:\/\/lynden.co.mz\/pt-pt\/wp-json\/wp\/v2\/pages\/1086\/revisions"}],"predecessor-version":[{"id":1546,"href":"http:\/\/lynden.co.mz\/pt-pt\/wp-json\/wp\/v2\/pages\/1086\/revisions\/1546"}],"wp:attachment":[{"href":"http:\/\/lynden.co.mz\/pt-pt\/wp-json\/wp\/v2\/media?parent=1086"}],"curies":[{"name":"wp","href":"https:\/\/api.w.org\/{rel}","templated":true}]}}