{"id":1100,"date":"2015-02-25T19:45:36","date_gmt":"2015-02-25T17:45:36","guid":{"rendered":"http:\/\/lynden.co.mz.s45189.gridserver.com\/?page_id=1100"},"modified":"2023-11-10T08:40:32","modified_gmt":"2023-11-10T06:40:32","slug":"study-skills","status":"publish","type":"page","link":"http:\/\/lynden.co.mz\/pt-pt\/study-skills\/","title":{"rendered":"Study Skills"},"content":{"rendered":"<div class=\"row gutter k-equal-height\">\n<blockquote><p>Learn how to study efficiently and effectively.<\/p><\/blockquote>\n<\/div><div class=\"row gutter k-equal-height\">\n<div class=\"col-lg-4 col-md-4 col-sm-4 col-xs-12\">\n<h5>Study Skills Programme<\/h5>\n<p>This programme is especially useful for people preparing for higher education, or embarking on a new study project. Content includes active listening, reading comprehension, note taking, stress management, time management, and test taking (amongst others). Programmes are focused on your specific needs, study style and preferences.<br \/>\n<div class=\"gap10\"><\/div><\/div>\n<div class=\"col-lg-4 col-md-4 col-sm-4 col-xs-12\">\n<h5><img loading=\"lazy\" decoding=\"async\" class=\"alignnone size-full wp-image-2090\" src=\"http:\/\/lynden.co.mz\/wp-content\/uploads\/2023\/10\/LLS-Study-Skills.png\" alt=\"\" width=\"920\" height=\"517\" srcset=\"http:\/\/lynden.co.mz\/wp-content\/uploads\/2023\/10\/LLS-Study-Skills.png 920w, http:\/\/lynden.co.mz\/wp-content\/uploads\/2023\/10\/LLS-Study-Skills-768x432.png 768w\" sizes=\"auto, (max-width: 920px) 100vw, 920px\" \/><\/h5>\n<p>By practicing study skills you acquire an important set of transferrable skills that go beyond your study performance, and can help with for example, organisational skills, time management, prioritising, learning how to analyse, and problem solving.<br \/>\n<div class=\"gap10\"><\/div>\n<\/div>\n<div class=\"col-lg-4 col-md-4 col-sm-4 col-xs-12\"><h5>Compet\u00eancias Espec\u00edficas<\/h5>\n<p>Todas as nossas forma\u00e7\u00f5es de compet\u00eancias espec\u00edficas, podem ser ministrados como cursos aut\u00f3nomos (em ingl\u00eas ou portugu\u00eas) ou como complemento de um programa de forma\u00e7\u00e3o lingu\u00edstica.<\/p>\n<div class=\"gap5\"><\/div>\n<p><a href=\"\/?page_id=991\" target=\"_self\" class=\"btn btn-geneng btn-md\">Study Skills<\/a><\/p>\n<div class=\"gap5\"><\/div>\n<p><a href=\"\/presentation-skills\" target=\"_self\" class=\"btn btn-geneng btn-md\">Presentation Skills<\/a><\/p>\n<div class=\"gap5\"><\/div>\n<p><a href=\"\/negotiation-skills\" target=\"_self\" class=\"btn btn-geneng btn-md\">Negotiation Skills<\/a><\/p>\n<div class=\"gap5\"><\/div>\n<p><a href=\"\/writing-skills\" target=\"_self\" class=\"btn btn-geneng btn-md\">Writing Skills<\/a><\/p>\n<div class=\"gap5\"><\/div>\n<div class=\"gap20\"><\/div>\n<p>Contacte-nos agora, para uma avalia\u00e7\u00e3o de n\u00edvel (gratuita) para come\u00e7ar a melhorar as suas habilidades lingu\u00edstacas.<\/p>\n<div class=\"gap10\"><\/div>\n<p><a href=\"\/?page_id=931\" target=\"_self\" class=\"btn btn-pricing btn-md\"><i class=\"fa fa-list-alt\"><\/i> &nbsp; Solicita uma Avalia\u00e7\u00e3o<\/a><\/p>\n<div class=\"gap20\"><\/div>\n<\/p>\n<a href=\"\/?page_id=39\" target=\"_self\" class=\"btn btn-default btn-sm\"><i class=\"fa fa-envelope-o\"><\/i> &nbsp; Contact us<\/a>\n<div class=\"gap30\"><\/div>\n<\/div>\n<\/div>\n","protected":false},"excerpt":{"rendered":"","protected":false},"author":6,"featured_media":0,"parent":0,"menu_order":0,"comment_status":"open","ping_status":"open","template":"page-fullwidth.php","meta":{"jetpack_post_was_ever_published":false,"footnotes":""},"class_list":["post-1100","page","type-page","status-publish","hentry"],"yoast_head":"<!-- This site is optimized with the Yoast SEO plugin v27.4 - https:\/\/yoast.com\/product\/yoast-seo-wordpress\/ -->\n<title>Study Skills - Lynden Language Solutions<\/title>\n<meta name=\"robots\" content=\"index, follow, max-snippet:-1, max-image-preview:large, max-video-preview:-1\" \/>\n<link rel=\"canonical\" href=\"http:\/\/lynden.co.mz\/pt-pt\/study-skills\/\" \/>\n<meta property=\"og:locale\" content=\"pt_PT\" \/>\n<meta property=\"og:type\" content=\"article\" \/>\n<meta property=\"og:title\" content=\"Study Skills - Lynden Language Solutions\" \/>\n<meta property=\"og:url\" content=\"http:\/\/lynden.co.mz\/pt-pt\/study-skills\/\" \/>\n<meta property=\"og:site_name\" content=\"Lynden Language Solutions\" \/>\n<meta property=\"article:modified_time\" content=\"2023-11-10T06:40:32+00:00\" \/>\n<meta property=\"og:image\" content=\"http:\/\/lynden.co.mz\/wp-content\/uploads\/2023\/10\/LLS-Study-Skills.png\" \/>\n<meta name=\"twitter:card\" content=\"summary_large_image\" \/>\n<meta name=\"twitter:label1\" content=\"Tempo estimado de leitura\" \/>\n\t<meta name=\"twitter:data1\" content=\"1 minuto\" \/>\n<script type=\"application\/ld+json\" class=\"yoast-schema-graph\">{\"@context\":\"https:\\\/\\\/schema.org\",\"@graph\":[{\"@type\":\"WebPage\",\"@id\":\"http:\\\/\\\/lynden.co.mz\\\/pt-pt\\\/study-skills\\\/\",\"url\":\"http:\\\/\\\/lynden.co.mz\\\/pt-pt\\\/study-skills\\\/\",\"name\":\"Study Skills - Lynden Language Solutions\",\"isPartOf\":{\"@id\":\"https:\\\/\\\/lynden.co.mz\\\/#website\"},\"primaryImageOfPage\":{\"@id\":\"http:\\\/\\\/lynden.co.mz\\\/pt-pt\\\/study-skills\\\/#primaryimage\"},\"image\":{\"@id\":\"http:\\\/\\\/lynden.co.mz\\\/pt-pt\\\/study-skills\\\/#primaryimage\"},\"thumbnailUrl\":\"http:\\\/\\\/lynden.co.mz\\\/wp-content\\\/uploads\\\/2023\\\/10\\\/LLS-Study-Skills.png\",\"datePublished\":\"2015-02-25T17:45:36+00:00\",\"dateModified\":\"2023-11-10T06:40:32+00:00\",\"breadcrumb\":{\"@id\":\"http:\\\/\\\/lynden.co.mz\\\/pt-pt\\\/study-skills\\\/#breadcrumb\"},\"inLanguage\":\"pt-PT\",\"potentialAction\":[{\"@type\":\"ReadAction\",\"target\":[\"http:\\\/\\\/lynden.co.mz\\\/pt-pt\\\/study-skills\\\/\"]}]},{\"@type\":\"ImageObject\",\"inLanguage\":\"pt-PT\",\"@id\":\"http:\\\/\\\/lynden.co.mz\\\/pt-pt\\\/study-skills\\\/#primaryimage\",\"url\":\"http:\\\/\\\/lynden.co.mz\\\/wp-content\\\/uploads\\\/2023\\\/10\\\/LLS-Study-Skills.png\",\"contentUrl\":\"http:\\\/\\\/lynden.co.mz\\\/wp-content\\\/uploads\\\/2023\\\/10\\\/LLS-Study-Skills.png\"},{\"@type\":\"BreadcrumbList\",\"@id\":\"http:\\\/\\\/lynden.co.mz\\\/pt-pt\\\/study-skills\\\/#breadcrumb\",\"itemListElement\":[{\"@type\":\"ListItem\",\"position\":1,\"name\":\"Home\",\"item\":\"https:\\\/\\\/lynden.co.mz\\\/pt-pt\\\/\"},{\"@type\":\"ListItem\",\"position\":2,\"name\":\"Study Skills\"}]},{\"@type\":\"WebSite\",\"@id\":\"https:\\\/\\\/lynden.co.mz\\\/#website\",\"url\":\"https:\\\/\\\/lynden.co.mz\\\/\",\"name\":\"Lynden Language Solutions\",\"description\":\"Tailored language solutions for maximised learning.\",\"potentialAction\":[{\"@type\":\"SearchAction\",\"target\":{\"@type\":\"EntryPoint\",\"urlTemplate\":\"https:\\\/\\\/lynden.co.mz\\\/?s={search_term_string}\"},\"query-input\":{\"@type\":\"PropertyValueSpecification\",\"valueRequired\":true,\"valueName\":\"search_term_string\"}}],\"inLanguage\":\"pt-PT\"}]}<\/script>\n<!-- \/ Yoast SEO plugin. -->","yoast_head_json":{"title":"Study Skills - Lynden Language Solutions","robots":{"index":"index","follow":"follow","max-snippet":"max-snippet:-1","max-image-preview":"max-image-preview:large","max-video-preview":"max-video-preview:-1"},"canonical":"http:\/\/lynden.co.mz\/pt-pt\/study-skills\/","og_locale":"pt_PT","og_type":"article","og_title":"Study Skills - Lynden Language Solutions","og_url":"http:\/\/lynden.co.mz\/pt-pt\/study-skills\/","og_site_name":"Lynden Language Solutions","article_modified_time":"2023-11-10T06:40:32+00:00","og_image":[{"url":"http:\/\/lynden.co.mz\/wp-content\/uploads\/2023\/10\/LLS-Study-Skills.png","type":"","width":"","height":""}],"twitter_card":"summary_large_image","twitter_misc":{"Tempo estimado de leitura":"1 minuto"},"schema":{"@context":"https:\/\/schema.org","@graph":[{"@type":"WebPage","@id":"http:\/\/lynden.co.mz\/pt-pt\/study-skills\/","url":"http:\/\/lynden.co.mz\/pt-pt\/study-skills\/","name":"Study Skills - Lynden Language Solutions","isPartOf":{"@id":"https:\/\/lynden.co.mz\/#website"},"primaryImageOfPage":{"@id":"http:\/\/lynden.co.mz\/pt-pt\/study-skills\/#primaryimage"},"image":{"@id":"http:\/\/lynden.co.mz\/pt-pt\/study-skills\/#primaryimage"},"thumbnailUrl":"http:\/\/lynden.co.mz\/wp-content\/uploads\/2023\/10\/LLS-Study-Skills.png","datePublished":"2015-02-25T17:45:36+00:00","dateModified":"2023-11-10T06:40:32+00:00","breadcrumb":{"@id":"http:\/\/lynden.co.mz\/pt-pt\/study-skills\/#breadcrumb"},"inLanguage":"pt-PT","potentialAction":[{"@type":"ReadAction","target":["http:\/\/lynden.co.mz\/pt-pt\/study-skills\/"]}]},{"@type":"ImageObject","inLanguage":"pt-PT","@id":"http:\/\/lynden.co.mz\/pt-pt\/study-skills\/#primaryimage","url":"http:\/\/lynden.co.mz\/wp-content\/uploads\/2023\/10\/LLS-Study-Skills.png","contentUrl":"http:\/\/lynden.co.mz\/wp-content\/uploads\/2023\/10\/LLS-Study-Skills.png"},{"@type":"BreadcrumbList","@id":"http:\/\/lynden.co.mz\/pt-pt\/study-skills\/#breadcrumb","itemListElement":[{"@type":"ListItem","position":1,"name":"Home","item":"https:\/\/lynden.co.mz\/pt-pt\/"},{"@type":"ListItem","position":2,"name":"Study Skills"}]},{"@type":"WebSite","@id":"https:\/\/lynden.co.mz\/#website","url":"https:\/\/lynden.co.mz\/","name":"Lynden Language Solutions","description":"Tailored language solutions for maximised learning.","potentialAction":[{"@type":"SearchAction","target":{"@type":"EntryPoint","urlTemplate":"https:\/\/lynden.co.mz\/?s={search_term_string}"},"query-input":{"@type":"PropertyValueSpecification","valueRequired":true,"valueName":"search_term_string"}}],"inLanguage":"pt-PT"}]}},"jetpack_sharing_enabled":true,"jetpack_shortlink":"https:\/\/wp.me\/P8lW95-hK","_links":{"self":[{"href":"http:\/\/lynden.co.mz\/pt-pt\/wp-json\/wp\/v2\/pages\/1100","targetHints":{"allow":["GET"]}}],"collection":[{"href":"http:\/\/lynden.co.mz\/pt-pt\/wp-json\/wp\/v2\/pages"}],"about":[{"href":"http:\/\/lynden.co.mz\/pt-pt\/wp-json\/wp\/v2\/types\/page"}],"author":[{"embeddable":true,"href":"http:\/\/lynden.co.mz\/pt-pt\/wp-json\/wp\/v2\/users\/6"}],"replies":[{"embeddable":true,"href":"http:\/\/lynden.co.mz\/pt-pt\/wp-json\/wp\/v2\/comments?post=1100"}],"version-history":[{"count":10,"href":"http:\/\/lynden.co.mz\/pt-pt\/wp-json\/wp\/v2\/pages\/1100\/revisions"}],"predecessor-version":[{"id":2253,"href":"http:\/\/lynden.co.mz\/pt-pt\/wp-json\/wp\/v2\/pages\/1100\/revisions\/2253"}],"wp:attachment":[{"href":"http:\/\/lynden.co.mz\/pt-pt\/wp-json\/wp\/v2\/media?parent=1100"}],"curies":[{"name":"wp","href":"https:\/\/api.w.org\/{rel}","templated":true}]}}