{"id":1034,"date":"2015-03-05T17:38:40","date_gmt":"2015-03-05T15:38:40","guid":{"rendered":"http:\/\/lynden.co.mz.s45189.gridserver.com\/?page_id=1034"},"modified":"2023-11-30T22:01:44","modified_gmt":"2023-11-30T20:01:44","slug":"aprenda-portugues","status":"publish","type":"page","link":"https:\/\/lynden.co.mz\/pt-pt\/aprenda-portugues\/","title":{"rendered":"Aprenda Portugu\u00eas"},"content":{"rendered":"<div class=\"row gutter k-equal-height\"> <div class=\"col-lg-8 col-md-8 col-sm-8 col-xs-12\">\n<blockquote><p>Oferecemos aulas para todos os n\u00edveis, do B\u00e1sico ao Avan\u00e7ado.<\/p><\/blockquote>\n<p>O conte\u00fado das aulas \u00e9 adaptado ao seu n\u00edvel e necessidades espec\u00edficas. As aulas podem incluir<br \/>\nlinguagem t\u00e9cnica ou focar em habilidades espec\u00edficas. O hor\u00e1rio e a frequ\u00eancia das aulas s\u00e3o<br \/>\nflex\u00edveis, dependendo do hor\u00e1rio e disponibilidade do aluno.<\/p>\n<\/div> <div class=\"col-lg-4 col-md-4 col-sm-4 col-xs-12\">\n<h5>Mais Informa\u00e7\u00f5es<\/h5>\n<p>Ligue-nos para obter mais informa\u00e7\u00f5es sobre as melhores op\u00e7\u00f5es de treinamento para suas<br \/>\nnecessidades. <div class=\"gap10\"><\/div> <a href=\"\/?page_id=39\" target=\"_self\" class=\"btn btn-default btn-md\"><i class=\"fa fa-envelope-o\"><\/i> &nbsp; Contacte-nos<\/a> <\/div> <\/div>\n","protected":false},"excerpt":{"rendered":"","protected":false},"author":6,"featured_media":0,"parent":0,"menu_order":0,"comment_status":"open","ping_status":"open","template":"page-fullwidth.php","meta":{"jetpack_post_was_ever_published":false,"footnotes":""},"class_list":["post-1034","page","type-page","status-publish","hentry"],"yoast_head":"<!-- This site is optimized with the Yoast SEO plugin v27.4 - https:\/\/yoast.com\/product\/yoast-seo-wordpress\/ -->\n<title>Aprenda Portugu\u00eas - Lynden Language Solutions<\/title>\n<meta name=\"robots\" content=\"index, follow, max-snippet:-1, max-image-preview:large, max-video-preview:-1\" \/>\n<link rel=\"canonical\" href=\"https:\/\/lynden.co.mz\/pt-pt\/aprenda-portugues\/\" \/>\n<meta property=\"og:locale\" content=\"pt_PT\" \/>\n<meta property=\"og:type\" content=\"article\" \/>\n<meta property=\"og:title\" content=\"Aprenda Portugu\u00eas - Lynden Language Solutions\" \/>\n<meta property=\"og:url\" content=\"https:\/\/lynden.co.mz\/pt-pt\/aprenda-portugues\/\" \/>\n<meta property=\"og:site_name\" content=\"Lynden Language Solutions\" \/>\n<meta property=\"article:modified_time\" content=\"2023-11-30T20:01:44+00:00\" \/>\n<meta name=\"twitter:card\" content=\"summary_large_image\" \/>\n<meta name=\"twitter:label1\" content=\"Tempo estimado de leitura\" \/>\n\t<meta name=\"twitter:data1\" content=\"1 minuto\" \/>\n<script type=\"application\/ld+json\" class=\"yoast-schema-graph\">{\"@context\":\"https:\\\/\\\/schema.org\",\"@graph\":[{\"@type\":\"WebPage\",\"@id\":\"https:\\\/\\\/lynden.co.mz\\\/pt-pt\\\/aprenda-portugues\\\/\",\"url\":\"https:\\\/\\\/lynden.co.mz\\\/pt-pt\\\/aprenda-portugues\\\/\",\"name\":\"Aprenda Portugu\u00eas - Lynden Language Solutions\",\"isPartOf\":{\"@id\":\"https:\\\/\\\/lynden.co.mz\\\/#website\"},\"datePublished\":\"2015-03-05T15:38:40+00:00\",\"dateModified\":\"2023-11-30T20:01:44+00:00\",\"breadcrumb\":{\"@id\":\"https:\\\/\\\/lynden.co.mz\\\/pt-pt\\\/aprenda-portugues\\\/#breadcrumb\"},\"inLanguage\":\"pt-PT\",\"potentialAction\":[{\"@type\":\"ReadAction\",\"target\":[\"https:\\\/\\\/lynden.co.mz\\\/pt-pt\\\/aprenda-portugues\\\/\"]}]},{\"@type\":\"BreadcrumbList\",\"@id\":\"https:\\\/\\\/lynden.co.mz\\\/pt-pt\\\/aprenda-portugues\\\/#breadcrumb\",\"itemListElement\":[{\"@type\":\"ListItem\",\"position\":1,\"name\":\"Home\",\"item\":\"https:\\\/\\\/lynden.co.mz\\\/pt-pt\\\/\"},{\"@type\":\"ListItem\",\"position\":2,\"name\":\"Aprenda Portugu\u00eas\"}]},{\"@type\":\"WebSite\",\"@id\":\"https:\\\/\\\/lynden.co.mz\\\/#website\",\"url\":\"https:\\\/\\\/lynden.co.mz\\\/\",\"name\":\"Lynden Language Solutions\",\"description\":\"Tailored language solutions for maximised learning.\",\"potentialAction\":[{\"@type\":\"SearchAction\",\"target\":{\"@type\":\"EntryPoint\",\"urlTemplate\":\"https:\\\/\\\/lynden.co.mz\\\/?s={search_term_string}\"},\"query-input\":{\"@type\":\"PropertyValueSpecification\",\"valueRequired\":true,\"valueName\":\"search_term_string\"}}],\"inLanguage\":\"pt-PT\"}]}<\/script>\n<!-- \/ Yoast SEO plugin. -->","yoast_head_json":{"title":"Aprenda Portugu\u00eas - Lynden Language Solutions","robots":{"index":"index","follow":"follow","max-snippet":"max-snippet:-1","max-image-preview":"max-image-preview:large","max-video-preview":"max-video-preview:-1"},"canonical":"https:\/\/lynden.co.mz\/pt-pt\/aprenda-portugues\/","og_locale":"pt_PT","og_type":"article","og_title":"Aprenda Portugu\u00eas - Lynden Language Solutions","og_url":"https:\/\/lynden.co.mz\/pt-pt\/aprenda-portugues\/","og_site_name":"Lynden Language Solutions","article_modified_time":"2023-11-30T20:01:44+00:00","twitter_card":"summary_large_image","twitter_misc":{"Tempo estimado de leitura":"1 minuto"},"schema":{"@context":"https:\/\/schema.org","@graph":[{"@type":"WebPage","@id":"https:\/\/lynden.co.mz\/pt-pt\/aprenda-portugues\/","url":"https:\/\/lynden.co.mz\/pt-pt\/aprenda-portugues\/","name":"Aprenda Portugu\u00eas - Lynden Language Solutions","isPartOf":{"@id":"https:\/\/lynden.co.mz\/#website"},"datePublished":"2015-03-05T15:38:40+00:00","dateModified":"2023-11-30T20:01:44+00:00","breadcrumb":{"@id":"https:\/\/lynden.co.mz\/pt-pt\/aprenda-portugues\/#breadcrumb"},"inLanguage":"pt-PT","potentialAction":[{"@type":"ReadAction","target":["https:\/\/lynden.co.mz\/pt-pt\/aprenda-portugues\/"]}]},{"@type":"BreadcrumbList","@id":"https:\/\/lynden.co.mz\/pt-pt\/aprenda-portugues\/#breadcrumb","itemListElement":[{"@type":"ListItem","position":1,"name":"Home","item":"https:\/\/lynden.co.mz\/pt-pt\/"},{"@type":"ListItem","position":2,"name":"Aprenda Portugu\u00eas"}]},{"@type":"WebSite","@id":"https:\/\/lynden.co.mz\/#website","url":"https:\/\/lynden.co.mz\/","name":"Lynden Language Solutions","description":"Tailored language solutions for maximised learning.","potentialAction":[{"@type":"SearchAction","target":{"@type":"EntryPoint","urlTemplate":"https:\/\/lynden.co.mz\/?s={search_term_string}"},"query-input":{"@type":"PropertyValueSpecification","valueRequired":true,"valueName":"search_term_string"}}],"inLanguage":"pt-PT"}]}},"jetpack_sharing_enabled":true,"jetpack_shortlink":"https:\/\/wp.me\/P8lW95-gG","_links":{"self":[{"href":"https:\/\/lynden.co.mz\/pt-pt\/wp-json\/wp\/v2\/pages\/1034","targetHints":{"allow":["GET"]}}],"collection":[{"href":"https:\/\/lynden.co.mz\/pt-pt\/wp-json\/wp\/v2\/pages"}],"about":[{"href":"https:\/\/lynden.co.mz\/pt-pt\/wp-json\/wp\/v2\/types\/page"}],"author":[{"embeddable":true,"href":"https:\/\/lynden.co.mz\/pt-pt\/wp-json\/wp\/v2\/users\/6"}],"replies":[{"embeddable":true,"href":"https:\/\/lynden.co.mz\/pt-pt\/wp-json\/wp\/v2\/comments?post=1034"}],"version-history":[{"count":3,"href":"https:\/\/lynden.co.mz\/pt-pt\/wp-json\/wp\/v2\/pages\/1034\/revisions"}],"predecessor-version":[{"id":2302,"href":"https:\/\/lynden.co.mz\/pt-pt\/wp-json\/wp\/v2\/pages\/1034\/revisions\/2302"}],"wp:attachment":[{"href":"https:\/\/lynden.co.mz\/pt-pt\/wp-json\/wp\/v2\/media?parent=1034"}],"curies":[{"name":"wp","href":"https:\/\/api.w.org\/{rel}","templated":true}]}}