{"id":1078,"date":"2014-09-24T16:43:16","date_gmt":"2014-09-24T14:43:16","guid":{"rendered":"http:\/\/lynden.co.mz.s45189.gridserver.com\/?page_id=1078"},"modified":"2023-11-30T21:51:39","modified_gmt":"2023-11-30T19:51:39","slug":"english-for-your-business","status":"publish","type":"page","link":"https:\/\/lynden.co.mz\/pt-pt\/english-for-your-business\/","title":{"rendered":"Ingl\u00eas para o seu neg\u00f3cio"},"content":{"rendered":"<div class=\"row gutter k-equal-height\">\n<div class=\"col-lg-9 col-md-9 col-sm-6 col-xs-12\">\n<blockquote><p>Cada organiza\u00e7\u00e3o tem necessidades e objetivos \u00fanicos, por isso os nossos cursos s\u00e3o adaptados para atender \u00e0s suas necessidades espec\u00edficas.<\/p><\/blockquote>\n<\/div>\n<div class=\"col-lg-3 col-md-3 col-sm-6 col-xs-12\"><\/div><\/div><div class=\"row gutter k-equal-height\">\n<div class=\"col-lg-4 col-md-4 col-sm-4 col-xs-12\">\n<h5>Ensino de l\u00ednguas para equipas corporativas<\/h5>\n<p>Quando se trata de ensino de l\u00ednguas, entendemos a import\u00e2ncia de atender \u00e0s suas preocupa\u00e7\u00f5es espec\u00edficas. Quer seus funcion\u00e1rios sejam de n\u00edvel iniciante, intermedi\u00e1rio ou avan\u00e7ado, nossos instructores experientes avaliar\u00e3o sua profici\u00eancia e adaptar\u00e3o a forma\u00e7\u00e3o de acordo. Tamb\u00e9m reconhecemos que determinados sectores exigem conhecimento de linguagem t\u00e9cnica, e os nossos programas podem ser personalizados para incorporar terminologia e conceitos espec\u00edficos do sector. Al\u00e9m disso, focamos em melhorar as habilidades de comunica\u00e7\u00e3o falada e escrita, garantindo um desenvolvimento completo para sua equipa.<\/p>\n<h5>Op\u00e7\u00f5es flex\u00edveis de forma\u00e7\u00e3o<\/h5>\n<p>Oferecemos flexibilidade na entrega de forma\u00e7\u00e3o para atender \u00e0s necessidades da sua empresa.<br \/>\nAl\u00e9m dos cursos de ingl\u00eas geral, realizados na nossa escola, pode optar por realizar qualquer<br \/>\ntreinamento na Lynden ou nas suas instala\u00e7\u00f5es, permitindo uma experi\u00eancia de aprendizado<br \/>\nconveniente e envolvente. Alternativamente, caso preferir uma abordagem h\u00edbrida, oferecemos a<br \/>\nop\u00e7\u00e3o de complementar a forma\u00e7\u00e3o presencial com aulas on-line, criando um ambiente de<br \/>\naprendizagem h\u00edbrido que maximiza a conveni\u00eancia sem comprometer a efic\u00e1cia.<\/p>\n<\/div>\n<div class=\"col-lg-4 col-md-4 col-sm-4 col-xs-12\">\n<h5>Os nossos clientes<\/h5>\n<h5><img loading=\"lazy\" decoding=\"async\" class=\"alignnone size-full wp-image-1361\" src=\"http:\/\/lynden.co.mz\/wp-content\/uploads\/2014\/09\/LLS-CLients-01.jpg\" alt=\"LLS-CLients-01\" width=\"799\" height=\"973\" srcset=\"https:\/\/lynden.co.mz\/wp-content\/uploads\/2014\/09\/LLS-CLients-01.jpg 799w, https:\/\/lynden.co.mz\/wp-content\/uploads\/2014\/09\/LLS-CLients-01-768x935.jpg 768w\" sizes=\"auto, (max-width: 799px) 100vw, 799px\" \/><\/h5>\n<h5>Ingl\u00eas Empresarial<\/h5>\n<p class=\"font_8\">Os cursos podem ser elaborados para incluir \u00e1reas ou habilidades lingu\u00edsticas profissionais<br \/>\nespec\u00edficas, como idioma para:<\/p>\n<p class=\"font_8\" style=\"text-align: left;\"><span style=\"color: #084566;\"><em><strong>ONGs<\/strong><\/em><\/span><br \/>\n<span style=\"color: #084566;\"><em><strong>Diplomacia<\/strong><\/em><\/span><br \/>\n<span style=\"color: #084566;\"><em><strong>\u00d3leo e g\u00e1s<\/strong><\/em><\/span><br \/>\n<span style=\"color: #084566;\"><em><strong>Engenharia<\/strong><\/em><\/span><br \/>\n<span style=\"color: #084566;\"><em><strong>O campo jur\u00eddico<\/strong><\/em><\/span><br \/>\n<span style=\"color: #084566;\"><em><strong>Bancos e finan\u00e7as<\/strong><\/em><\/span><br \/>\n<span style=\"color: #084566;\"><em><strong>Apresenta\u00e7\u00f5es<\/strong><\/em><\/span><br \/>\n<span style=\"color: #084566;\"><em><strong>Escrita<\/strong><\/em><\/span><br \/>\nE muitos mais<\/p>\n<div class=\"gap10\"><\/div>\n<\/div>\n<div class=\"col-lg-4 col-md-4 col-sm-4 col-xs-12\">\n<h5>Forma\u00e7\u00e3o Corporativa<\/h5>\n<p>Al\u00e9m de compet\u00eancias lingu\u00edsticas, tamb\u00e9m oferecemos cursos de compet\u00eancias espec\u00edficas.<\/p>\n<div class=\"gap10\"><\/div>\n<p><a href=\"\/?page_id=1557\" target=\"_self\" class=\"btn btn-corp btn-md\">Cursos de Atendimento ao Cliente<\/a><\/p>\n<div class=\"gap5\"><\/div>\n<p><a href=\"\/?page_id=1386\" target=\"_self\" class=\"btn btn-corp btn-md\">Forma\u00e7\u00e3o Intercultural<\/a><\/p>\n<div class=\"gap5\"><\/div>\n<p><a href=\"\/pt-pt\/cultura-organizacional\" target=\"_self\" class=\"btn btn-corp btn-md\">Cultura Organizacional<\/a><\/p>\n<div class=\"gap5\"><\/div>\n<p><a href=\"\/pt-pt\/competencias-de-apresentacao\/\" target=\"_self\" class=\"btn btn-corp btn-md\">Compet\u00eancias de Apresenta\u00e7\u00e3o<\/a><\/p>\n<div class=\"gap5\"><\/div>\n<div class=\"gap5\"><\/div>\n<p><a href=\"\/pt-pt\/excel-skills\/\" target=\"_self\" class=\"btn btn-corp btn-md\">Cursos de Excel<\/a><\/p>\n<div class=\"gap5\"><\/div>\n<p><a href=\"\/negotiation-skills-and-strategies\" target=\"_self\" class=\"btn btn-corp btn-md\">Negotiation Skills and Strategies<\/a><\/p>\n<div class=\"gap5\"><\/div>\n<p><a href=\"\/?page_id=1376\" target=\"_self\" class=\"btn btn-pt btn-md\">Portuguese for International Staff<\/a><\/p>\n<div class=\"gap20\"><\/div>\n<p>Oferecemos pre\u00e7os altamente competitivos, por hora. Os cursos podem ser ministrados na nossa Escola, online ou presencial. Os hor\u00e1rios s\u00e3o flex\u00edveis de modo a satisfazer as necessidades dos nossos Clientes.<\/p>\n<div class=\"gap10\"><\/div>\n\n<p>Estes cursos podem ser ministrados como cursos aut\u00f3nomos (em ingl\u00eas ou portugu\u00eas) ou como<br \/>\ncomplemento de um programa de forma\u00e7\u00e3o lingu\u00edstica.<\/p>\n<div class=\"gap10\"><\/div>\n<h5>Avalia\u00e7\u00e3o de n\u00edvel<\/h5>\n<p>Analisamos as necessidades das empresas ou departamentos governamentais e avaliamos o n\u00edvel<br \/>\nlingu\u00edstico dos alunos, de modo a coloc\u00e1-los em grupos para maximizar a aprendizagem.<\/p>\n<p>A avalia\u00e7\u00e3o de n\u00edvel \u00e9 gratuita para grupos corporativos.<\/p>\n<div class=\"gap20\"><\/div>\n<a href=\"\/?page_id=39\" target=\"_self\" class=\"btn btn-default btn-sm\"><i class=\"fa fa-envelope-o\"><\/i> &nbsp; Contact us<\/a>\n<\/div>\n<\/div>\n","protected":false},"excerpt":{"rendered":"","protected":false},"author":6,"featured_media":0,"parent":0,"menu_order":0,"comment_status":"closed","ping_status":"closed","template":"page-fullwidth.php","meta":{"jetpack_post_was_ever_published":false,"footnotes":""},"class_list":["post-1078","page","type-page","status-publish","hentry"],"yoast_head":"<!-- This site is optimized with the Yoast SEO plugin v27.3 - https:\/\/yoast.com\/product\/yoast-seo-wordpress\/ -->\n<title>Ingl\u00eas para o seu neg\u00f3cio - Lynden Language Solutions<\/title>\n<meta name=\"robots\" content=\"index, follow, max-snippet:-1, max-image-preview:large, max-video-preview:-1\" \/>\n<link rel=\"canonical\" href=\"https:\/\/lynden.co.mz\/pt-pt\/english-for-your-business\/\" \/>\n<meta property=\"og:locale\" content=\"pt_PT\" \/>\n<meta property=\"og:type\" content=\"article\" \/>\n<meta property=\"og:title\" content=\"Ingl\u00eas para o seu neg\u00f3cio - Lynden Language Solutions\" \/>\n<meta property=\"og:url\" content=\"https:\/\/lynden.co.mz\/pt-pt\/english-for-your-business\/\" \/>\n<meta property=\"og:site_name\" content=\"Lynden Language Solutions\" \/>\n<meta property=\"article:modified_time\" content=\"2023-11-30T19:51:39+00:00\" \/>\n<meta property=\"og:image\" content=\"http:\/\/lynden.co.mz\/wp-content\/uploads\/2014\/09\/LLS-CLients-01.jpg\" \/>\n<meta name=\"twitter:card\" content=\"summary_large_image\" \/>\n<meta name=\"twitter:label1\" content=\"Tempo estimado de leitura\" \/>\n\t<meta name=\"twitter:data1\" content=\"2 minutos\" \/>\n<script type=\"application\/ld+json\" class=\"yoast-schema-graph\">{\"@context\":\"https:\\\/\\\/schema.org\",\"@graph\":[{\"@type\":\"WebPage\",\"@id\":\"https:\\\/\\\/lynden.co.mz\\\/pt-pt\\\/english-for-your-business\\\/\",\"url\":\"https:\\\/\\\/lynden.co.mz\\\/pt-pt\\\/english-for-your-business\\\/\",\"name\":\"Ingl\u00eas para o seu neg\u00f3cio - Lynden Language Solutions\",\"isPartOf\":{\"@id\":\"http:\\\/\\\/lynden.co.mz\\\/#website\"},\"primaryImageOfPage\":{\"@id\":\"https:\\\/\\\/lynden.co.mz\\\/pt-pt\\\/english-for-your-business\\\/#primaryimage\"},\"image\":{\"@id\":\"https:\\\/\\\/lynden.co.mz\\\/pt-pt\\\/english-for-your-business\\\/#primaryimage\"},\"thumbnailUrl\":\"http:\\\/\\\/lynden.co.mz\\\/wp-content\\\/uploads\\\/2014\\\/09\\\/LLS-CLients-01.jpg\",\"datePublished\":\"2014-09-24T14:43:16+00:00\",\"dateModified\":\"2023-11-30T19:51:39+00:00\",\"breadcrumb\":{\"@id\":\"https:\\\/\\\/lynden.co.mz\\\/pt-pt\\\/english-for-your-business\\\/#breadcrumb\"},\"inLanguage\":\"pt-PT\",\"potentialAction\":[{\"@type\":\"ReadAction\",\"target\":[\"https:\\\/\\\/lynden.co.mz\\\/pt-pt\\\/english-for-your-business\\\/\"]}]},{\"@type\":\"ImageObject\",\"inLanguage\":\"pt-PT\",\"@id\":\"https:\\\/\\\/lynden.co.mz\\\/pt-pt\\\/english-for-your-business\\\/#primaryimage\",\"url\":\"http:\\\/\\\/lynden.co.mz\\\/wp-content\\\/uploads\\\/2014\\\/09\\\/LLS-CLients-01.jpg\",\"contentUrl\":\"http:\\\/\\\/lynden.co.mz\\\/wp-content\\\/uploads\\\/2014\\\/09\\\/LLS-CLients-01.jpg\"},{\"@type\":\"BreadcrumbList\",\"@id\":\"https:\\\/\\\/lynden.co.mz\\\/pt-pt\\\/english-for-your-business\\\/#breadcrumb\",\"itemListElement\":[{\"@type\":\"ListItem\",\"position\":1,\"name\":\"Home\",\"item\":\"https:\\\/\\\/lynden.co.mz\\\/pt-pt\\\/\"},{\"@type\":\"ListItem\",\"position\":2,\"name\":\"Ingl\u00eas para o seu neg\u00f3cio\"}]},{\"@type\":\"WebSite\",\"@id\":\"http:\\\/\\\/lynden.co.mz\\\/#website\",\"url\":\"http:\\\/\\\/lynden.co.mz\\\/\",\"name\":\"Lynden Language Solutions\",\"description\":\"Tailored language solutions for maximised learning.\",\"potentialAction\":[{\"@type\":\"SearchAction\",\"target\":{\"@type\":\"EntryPoint\",\"urlTemplate\":\"http:\\\/\\\/lynden.co.mz\\\/?s={search_term_string}\"},\"query-input\":{\"@type\":\"PropertyValueSpecification\",\"valueRequired\":true,\"valueName\":\"search_term_string\"}}],\"inLanguage\":\"pt-PT\"}]}<\/script>\n<!-- \/ Yoast SEO plugin. -->","yoast_head_json":{"title":"Ingl\u00eas para o seu neg\u00f3cio - Lynden Language Solutions","robots":{"index":"index","follow":"follow","max-snippet":"max-snippet:-1","max-image-preview":"max-image-preview:large","max-video-preview":"max-video-preview:-1"},"canonical":"https:\/\/lynden.co.mz\/pt-pt\/english-for-your-business\/","og_locale":"pt_PT","og_type":"article","og_title":"Ingl\u00eas para o seu neg\u00f3cio - Lynden Language Solutions","og_url":"https:\/\/lynden.co.mz\/pt-pt\/english-for-your-business\/","og_site_name":"Lynden Language Solutions","article_modified_time":"2023-11-30T19:51:39+00:00","og_image":[{"url":"http:\/\/lynden.co.mz\/wp-content\/uploads\/2014\/09\/LLS-CLients-01.jpg","type":"","width":"","height":""}],"twitter_card":"summary_large_image","twitter_misc":{"Tempo estimado de leitura":"2 minutos"},"schema":{"@context":"https:\/\/schema.org","@graph":[{"@type":"WebPage","@id":"https:\/\/lynden.co.mz\/pt-pt\/english-for-your-business\/","url":"https:\/\/lynden.co.mz\/pt-pt\/english-for-your-business\/","name":"Ingl\u00eas para o seu neg\u00f3cio - Lynden Language Solutions","isPartOf":{"@id":"http:\/\/lynden.co.mz\/#website"},"primaryImageOfPage":{"@id":"https:\/\/lynden.co.mz\/pt-pt\/english-for-your-business\/#primaryimage"},"image":{"@id":"https:\/\/lynden.co.mz\/pt-pt\/english-for-your-business\/#primaryimage"},"thumbnailUrl":"http:\/\/lynden.co.mz\/wp-content\/uploads\/2014\/09\/LLS-CLients-01.jpg","datePublished":"2014-09-24T14:43:16+00:00","dateModified":"2023-11-30T19:51:39+00:00","breadcrumb":{"@id":"https:\/\/lynden.co.mz\/pt-pt\/english-for-your-business\/#breadcrumb"},"inLanguage":"pt-PT","potentialAction":[{"@type":"ReadAction","target":["https:\/\/lynden.co.mz\/pt-pt\/english-for-your-business\/"]}]},{"@type":"ImageObject","inLanguage":"pt-PT","@id":"https:\/\/lynden.co.mz\/pt-pt\/english-for-your-business\/#primaryimage","url":"http:\/\/lynden.co.mz\/wp-content\/uploads\/2014\/09\/LLS-CLients-01.jpg","contentUrl":"http:\/\/lynden.co.mz\/wp-content\/uploads\/2014\/09\/LLS-CLients-01.jpg"},{"@type":"BreadcrumbList","@id":"https:\/\/lynden.co.mz\/pt-pt\/english-for-your-business\/#breadcrumb","itemListElement":[{"@type":"ListItem","position":1,"name":"Home","item":"https:\/\/lynden.co.mz\/pt-pt\/"},{"@type":"ListItem","position":2,"name":"Ingl\u00eas para o seu neg\u00f3cio"}]},{"@type":"WebSite","@id":"http:\/\/lynden.co.mz\/#website","url":"http:\/\/lynden.co.mz\/","name":"Lynden Language Solutions","description":"Tailored language solutions for maximised learning.","potentialAction":[{"@type":"SearchAction","target":{"@type":"EntryPoint","urlTemplate":"http:\/\/lynden.co.mz\/?s={search_term_string}"},"query-input":{"@type":"PropertyValueSpecification","valueRequired":true,"valueName":"search_term_string"}}],"inLanguage":"pt-PT"}]}},"jetpack_sharing_enabled":true,"jetpack_shortlink":"https:\/\/wp.me\/P8lW95-ho","_links":{"self":[{"href":"https:\/\/lynden.co.mz\/pt-pt\/wp-json\/wp\/v2\/pages\/1078","targetHints":{"allow":["GET"]}}],"collection":[{"href":"https:\/\/lynden.co.mz\/pt-pt\/wp-json\/wp\/v2\/pages"}],"about":[{"href":"https:\/\/lynden.co.mz\/pt-pt\/wp-json\/wp\/v2\/types\/page"}],"author":[{"embeddable":true,"href":"https:\/\/lynden.co.mz\/pt-pt\/wp-json\/wp\/v2\/users\/6"}],"replies":[{"embeddable":true,"href":"https:\/\/lynden.co.mz\/pt-pt\/wp-json\/wp\/v2\/comments?post=1078"}],"version-history":[{"count":21,"href":"https:\/\/lynden.co.mz\/pt-pt\/wp-json\/wp\/v2\/pages\/1078\/revisions"}],"predecessor-version":[{"id":2299,"href":"https:\/\/lynden.co.mz\/pt-pt\/wp-json\/wp\/v2\/pages\/1078\/revisions\/2299"}],"wp:attachment":[{"href":"https:\/\/lynden.co.mz\/pt-pt\/wp-json\/wp\/v2\/media?parent=1078"}],"curies":[{"name":"wp","href":"https:\/\/api.w.org\/{rel}","templated":true}]}}