{"id":1085,"date":"2014-09-24T17:18:58","date_gmt":"2014-09-24T15:18:58","guid":{"rendered":"http:\/\/lynden.co.mz.s45189.gridserver.com\/?page_id=1085"},"modified":"2017-01-07T22:37:39","modified_gmt":"2017-01-07T20:37:39","slug":"quem-somos","status":"publish","type":"page","link":"https:\/\/lynden.co.mz\/pt-pt\/quem-somos\/","title":{"rendered":"Quem somos?"},"content":{"rendered":"<div class=\"row gutter k-equal-height\">\n<div class=\"col-lg-9 col-md-9 col-sm-6 col-xs-12\">\n<blockquote><p>Estabelecida em 1991, em Maputo, Mo\u00e7ambique, a Lynden Language School tem treinado milhares de estudantes: funcion\u00e1rios p\u00fablicos, colaboradores e executivos de empresas nacionais e internacionais, bancos, organiza\u00e7\u00f5es governamentais e n\u00e3o-governamentais, estudantes patrocinados pelas Na\u00e7\u00f5es Unidas, funcion\u00e1rios de embaixadas, bem como particulares. <\/p><\/blockquote>\n<\/div>\n<div class=\"col-lg-3 col-md-3 col-sm-6 col-xs-12\"><\/div>\n<\/div>\n<div class=\"gap20\"><\/div>\n<div class=\"row gutter k-equal-height\">\n<div class=\"col-lg-4 col-md-4 col-sm-4 col-xs-12\">\n<img loading=\"lazy\" decoding=\"async\" src=\"http:\/\/lynden.co.mz\/wp-content\/uploads\/2014\/09\/LLS-Logo-25-anos-2.jpg\" alt=\"LLS-Logo-25-anos-2\" width=\"800\" height=\"638\" class=\"alignnone size-full wp-image-1304\" srcset=\"https:\/\/lynden.co.mz\/wp-content\/uploads\/2014\/09\/LLS-Logo-25-anos-2.jpg 800w, https:\/\/lynden.co.mz\/wp-content\/uploads\/2014\/09\/LLS-Logo-25-anos-2-768x612.jpg 768w\" sizes=\"auto, (max-width: 800px) 100vw, 800px\" \/><br \/>\nAo longo dos \u00faltimos 25 anos ganhamos grande reputa\u00e7\u00e3o na \u00e1rea de forma\u00e7\u00e3o lingu\u00edstica de qualidade. Os nossos professores s\u00e3o altamente qualificados e experientes, e s\u00e3o especializados em optimizar a experi\u00eancia de aprendizagem dos alunos.<br \/>\n<\/div>\n<div class=\"col-lg-4 col-md-4 col-sm-4 col-xs-12\">\nOs nossos servi\u00e7os de forma\u00e7\u00e3o lingu\u00edstica incluem: cursos de ingl\u00eas geral, cursos corporativos, Ingl\u00eas para fins espec\u00edficos, tais como Ingl\u00eas para Neg\u00f3cios, Ingl\u00eas Jur\u00eddico e Ingl\u00eas para petr\u00f3leo e g\u00e1s. Devido \u00e0s exig\u00eancias do mercado mo\u00e7ambicano, a Lynden introduziu recentemente cursos de Portugu\u00eas. <\/p>\n<p>Al\u00e9m de cursos espec\u00edficos de l\u00ednguas tamb\u00e9m oferecemos servi\u00e7os corporativos relacionados, tais como treinamento de servi\u00e7o ao cliente, treino Intercultural, tradu\u00e7\u00e3o e edi\u00e7\u00e3o.  <\/p>\n<p><strong>Sejam quais for as suas necessidades, temos uma solu\u00e7\u00e3o.<\/strong><\/p>\n<div class=\"gap20\"><\/div>\n<\/div>\n<div class=\"col-lg-4 col-md-4 col-sm-4 col-xs-12\">\n<a href=\"\/?page_id=1086\" target=\"_self\" class=\"btn btn-default btn-lg\"><i class=\"fa fa-edit\"><\/i> &nbsp; Nossa metodologia<\/a>\n<div class=\"gap10\"><\/div>\n<a href=\"\/?page_id=1087\" target=\"_self\" class=\"btn btn-default btn-lg\"><i class=\"fa fa-building-o\"><\/i> &nbsp; Veja instala\u00e7\u00f5es da Escola<\/a>\n<div class=\"gap30\"><\/div>\n<a href=\"\/?page_id=1080\" target=\"_self\" class=\"btn btn-default btn-sm\"><i class=\"fa fa-envelope-o\"><\/i> &nbsp; Contacto<\/a>\n<\/div>\n<\/div><div class=\"row gutter k-equal-height\">\n<\/div>\n","protected":false},"excerpt":{"rendered":"","protected":false},"author":6,"featured_media":0,"parent":0,"menu_order":0,"comment_status":"closed","ping_status":"closed","template":"page-fullwidth.php","meta":{"jetpack_post_was_ever_published":false,"footnotes":""},"class_list":["post-1085","page","type-page","status-publish","hentry"],"yoast_head":"<!-- This site is optimized with the Yoast SEO plugin v27.3 - https:\/\/yoast.com\/product\/yoast-seo-wordpress\/ -->\n<title>Quem somos? - Lynden Language Solutions<\/title>\n<meta name=\"robots\" content=\"index, follow, max-snippet:-1, max-image-preview:large, max-video-preview:-1\" \/>\n<link rel=\"canonical\" href=\"http:\/\/lynden.co.mz\/pt-pt\/quem-somos\/\" \/>\n<meta property=\"og:locale\" content=\"pt_PT\" \/>\n<meta property=\"og:type\" content=\"article\" \/>\n<meta property=\"og:title\" content=\"Quem somos? - Lynden Language Solutions\" \/>\n<meta property=\"og:url\" content=\"http:\/\/lynden.co.mz\/pt-pt\/quem-somos\/\" \/>\n<meta property=\"og:site_name\" content=\"Lynden Language Solutions\" \/>\n<meta property=\"article:modified_time\" content=\"2017-01-07T20:37:39+00:00\" \/>\n<meta property=\"og:image\" content=\"http:\/\/lynden.co.mz\/wp-content\/uploads\/2014\/09\/LLS-Logo-25-anos-2.jpg\" \/>\n<meta name=\"twitter:card\" content=\"summary_large_image\" \/>\n<meta name=\"twitter:label1\" content=\"Tempo estimado de leitura\" \/>\n\t<meta name=\"twitter:data1\" content=\"1 minuto\" \/>\n<script type=\"application\/ld+json\" class=\"yoast-schema-graph\">{\"@context\":\"https:\\\/\\\/schema.org\",\"@graph\":[{\"@type\":\"WebPage\",\"@id\":\"http:\\\/\\\/lynden.co.mz\\\/pt-pt\\\/quem-somos\\\/\",\"url\":\"http:\\\/\\\/lynden.co.mz\\\/pt-pt\\\/quem-somos\\\/\",\"name\":\"Quem somos? - Lynden Language Solutions\",\"isPartOf\":{\"@id\":\"http:\\\/\\\/lynden.co.mz\\\/#website\"},\"primaryImageOfPage\":{\"@id\":\"http:\\\/\\\/lynden.co.mz\\\/pt-pt\\\/quem-somos\\\/#primaryimage\"},\"image\":{\"@id\":\"http:\\\/\\\/lynden.co.mz\\\/pt-pt\\\/quem-somos\\\/#primaryimage\"},\"thumbnailUrl\":\"http:\\\/\\\/lynden.co.mz\\\/wp-content\\\/uploads\\\/2014\\\/09\\\/LLS-Logo-25-anos-2.jpg\",\"datePublished\":\"2014-09-24T15:18:58+00:00\",\"dateModified\":\"2017-01-07T20:37:39+00:00\",\"breadcrumb\":{\"@id\":\"http:\\\/\\\/lynden.co.mz\\\/pt-pt\\\/quem-somos\\\/#breadcrumb\"},\"inLanguage\":\"pt-PT\",\"potentialAction\":[{\"@type\":\"ReadAction\",\"target\":[\"http:\\\/\\\/lynden.co.mz\\\/pt-pt\\\/quem-somos\\\/\"]}]},{\"@type\":\"ImageObject\",\"inLanguage\":\"pt-PT\",\"@id\":\"http:\\\/\\\/lynden.co.mz\\\/pt-pt\\\/quem-somos\\\/#primaryimage\",\"url\":\"http:\\\/\\\/lynden.co.mz\\\/wp-content\\\/uploads\\\/2014\\\/09\\\/LLS-Logo-25-anos-2.jpg\",\"contentUrl\":\"http:\\\/\\\/lynden.co.mz\\\/wp-content\\\/uploads\\\/2014\\\/09\\\/LLS-Logo-25-anos-2.jpg\"},{\"@type\":\"BreadcrumbList\",\"@id\":\"http:\\\/\\\/lynden.co.mz\\\/pt-pt\\\/quem-somos\\\/#breadcrumb\",\"itemListElement\":[{\"@type\":\"ListItem\",\"position\":1,\"name\":\"Home\",\"item\":\"https:\\\/\\\/lynden.co.mz\\\/pt-pt\\\/\"},{\"@type\":\"ListItem\",\"position\":2,\"name\":\"Quem somos?\"}]},{\"@type\":\"WebSite\",\"@id\":\"http:\\\/\\\/lynden.co.mz\\\/#website\",\"url\":\"http:\\\/\\\/lynden.co.mz\\\/\",\"name\":\"Lynden Language Solutions\",\"description\":\"Tailored language solutions for maximised learning.\",\"potentialAction\":[{\"@type\":\"SearchAction\",\"target\":{\"@type\":\"EntryPoint\",\"urlTemplate\":\"http:\\\/\\\/lynden.co.mz\\\/?s={search_term_string}\"},\"query-input\":{\"@type\":\"PropertyValueSpecification\",\"valueRequired\":true,\"valueName\":\"search_term_string\"}}],\"inLanguage\":\"pt-PT\"}]}<\/script>\n<!-- \/ Yoast SEO plugin. -->","yoast_head_json":{"title":"Quem somos? - Lynden Language Solutions","robots":{"index":"index","follow":"follow","max-snippet":"max-snippet:-1","max-image-preview":"max-image-preview:large","max-video-preview":"max-video-preview:-1"},"canonical":"http:\/\/lynden.co.mz\/pt-pt\/quem-somos\/","og_locale":"pt_PT","og_type":"article","og_title":"Quem somos? - Lynden Language Solutions","og_url":"http:\/\/lynden.co.mz\/pt-pt\/quem-somos\/","og_site_name":"Lynden Language Solutions","article_modified_time":"2017-01-07T20:37:39+00:00","og_image":[{"url":"http:\/\/lynden.co.mz\/wp-content\/uploads\/2014\/09\/LLS-Logo-25-anos-2.jpg","type":"","width":"","height":""}],"twitter_card":"summary_large_image","twitter_misc":{"Tempo estimado de leitura":"1 minuto"},"schema":{"@context":"https:\/\/schema.org","@graph":[{"@type":"WebPage","@id":"http:\/\/lynden.co.mz\/pt-pt\/quem-somos\/","url":"http:\/\/lynden.co.mz\/pt-pt\/quem-somos\/","name":"Quem somos? - Lynden Language Solutions","isPartOf":{"@id":"http:\/\/lynden.co.mz\/#website"},"primaryImageOfPage":{"@id":"http:\/\/lynden.co.mz\/pt-pt\/quem-somos\/#primaryimage"},"image":{"@id":"http:\/\/lynden.co.mz\/pt-pt\/quem-somos\/#primaryimage"},"thumbnailUrl":"http:\/\/lynden.co.mz\/wp-content\/uploads\/2014\/09\/LLS-Logo-25-anos-2.jpg","datePublished":"2014-09-24T15:18:58+00:00","dateModified":"2017-01-07T20:37:39+00:00","breadcrumb":{"@id":"http:\/\/lynden.co.mz\/pt-pt\/quem-somos\/#breadcrumb"},"inLanguage":"pt-PT","potentialAction":[{"@type":"ReadAction","target":["http:\/\/lynden.co.mz\/pt-pt\/quem-somos\/"]}]},{"@type":"ImageObject","inLanguage":"pt-PT","@id":"http:\/\/lynden.co.mz\/pt-pt\/quem-somos\/#primaryimage","url":"http:\/\/lynden.co.mz\/wp-content\/uploads\/2014\/09\/LLS-Logo-25-anos-2.jpg","contentUrl":"http:\/\/lynden.co.mz\/wp-content\/uploads\/2014\/09\/LLS-Logo-25-anos-2.jpg"},{"@type":"BreadcrumbList","@id":"http:\/\/lynden.co.mz\/pt-pt\/quem-somos\/#breadcrumb","itemListElement":[{"@type":"ListItem","position":1,"name":"Home","item":"https:\/\/lynden.co.mz\/pt-pt\/"},{"@type":"ListItem","position":2,"name":"Quem somos?"}]},{"@type":"WebSite","@id":"http:\/\/lynden.co.mz\/#website","url":"http:\/\/lynden.co.mz\/","name":"Lynden Language Solutions","description":"Tailored language solutions for maximised learning.","potentialAction":[{"@type":"SearchAction","target":{"@type":"EntryPoint","urlTemplate":"http:\/\/lynden.co.mz\/?s={search_term_string}"},"query-input":{"@type":"PropertyValueSpecification","valueRequired":true,"valueName":"search_term_string"}}],"inLanguage":"pt-PT"}]}},"jetpack_sharing_enabled":true,"jetpack_shortlink":"https:\/\/wp.me\/P8lW95-hv","_links":{"self":[{"href":"https:\/\/lynden.co.mz\/pt-pt\/wp-json\/wp\/v2\/pages\/1085","targetHints":{"allow":["GET"]}}],"collection":[{"href":"https:\/\/lynden.co.mz\/pt-pt\/wp-json\/wp\/v2\/pages"}],"about":[{"href":"https:\/\/lynden.co.mz\/pt-pt\/wp-json\/wp\/v2\/types\/page"}],"author":[{"embeddable":true,"href":"https:\/\/lynden.co.mz\/pt-pt\/wp-json\/wp\/v2\/users\/6"}],"replies":[{"embeddable":true,"href":"https:\/\/lynden.co.mz\/pt-pt\/wp-json\/wp\/v2\/comments?post=1085"}],"version-history":[{"count":11,"href":"https:\/\/lynden.co.mz\/pt-pt\/wp-json\/wp\/v2\/pages\/1085\/revisions"}],"predecessor-version":[{"id":1530,"href":"https:\/\/lynden.co.mz\/pt-pt\/wp-json\/wp\/v2\/pages\/1085\/revisions\/1530"}],"wp:attachment":[{"href":"https:\/\/lynden.co.mz\/pt-pt\/wp-json\/wp\/v2\/media?parent=1085"}],"curies":[{"name":"wp","href":"https:\/\/api.w.org\/{rel}","templated":true}]}}