{"id":1087,"date":"2015-03-18T13:49:12","date_gmt":"2015-03-18T11:49:12","guid":{"rendered":"http:\/\/lynden.co.mz.s45189.gridserver.com\/?page_id=1087"},"modified":"2017-01-07T22:37:12","modified_gmt":"2017-01-07T20:37:12","slug":"instalacoes","status":"publish","type":"page","link":"https:\/\/lynden.co.mz\/pt-pt\/instalacoes\/","title":{"rendered":"Instala\u00e7\u00f5es"},"content":{"rendered":"<blockquote><p>Lynden Language School tem salas de aulas confort\u00e1veis e arejadas, permitindo aos alunos interagirem com os seus colegas e tutor.\n<\/p><\/blockquote>\n<div class=\"gap20\"><\/div>\n<img decoding=\"async\" src=\"http:\/\/lynden.co.mz\/wp-content\/uploads\/2016\/09\/LLS_school_facilities.jpg\" alt=\"\" \/><br \/>\n<div class=\"gap20\"><\/div><div class=\"row gutter k-equal-height\">\n<div class=\"col-lg-4 col-md-4 col-sm-4 col-xs-12\">\n<h5>Centro de estudo<\/h5>\n<p>Al\u00e9m das facilidades de aprendizagem nas salas de aula, que incluem instala\u00e7\u00f5es multim\u00e9dias actuais, a Escola tem igualmente um centro de estudo. Um membro da equipe est\u00e1 dispon\u00edvel em todos os momentos para auxiliar os alunos em qualquer dificuldade da l\u00edngua e tamb\u00e9m localizar o material apropriado para um auto-estudo.<\/p>\n<\/div>\n<div class=\"col-lg-4 col-md-4 col-sm-4 col-xs-12\">\n<h5>Ensino on-line<\/h5>\n<p>Oferecemos c\u00f3digos de acesso para v\u00eddeos, gram\u00e1tica e vocabul\u00e1rio on-line. Os alunos s\u00e3o testados e recebem feedback on-line.<\/p>\n<\/div><div class=\"col-lg-4 col-md-4 col-sm-4 col-xs-12\"><div class=\"gap20\"><\/div>\n<a href=\"\/?page_id=1086\" target=\"_self\" class=\"btn btn-default btn-lg\"><i class=\"fa fa-edit\"><\/i> &nbsp; Metodologia<\/a>\n<div class=\"gap30\"><\/div>\n<a href=\"http:\/\/lynden.co.mz\/pt-pt\/contacto\/\" target=\"_self\" class=\"btn btn-default btn-sm\"><i class=\"fa fa-envelope-o\"><\/i> &nbsp; Contacto<\/a>\n<\/div>\n<\/div>\n","protected":false},"excerpt":{"rendered":"<p>Lynden Language School tem salas de aulas confort\u00e1veis e arejadas, permitindo aos alunos interagirem com os seus colegas e tutor.<\/p>\n","protected":false},"author":6,"featured_media":0,"parent":0,"menu_order":0,"comment_status":"closed","ping_status":"closed","template":"page-fullwidth.php","meta":{"jetpack_post_was_ever_published":false,"footnotes":""},"class_list":["post-1087","page","type-page","status-publish","hentry"],"yoast_head":"<!-- This site is optimized with the Yoast SEO plugin v27.4 - https:\/\/yoast.com\/product\/yoast-seo-wordpress\/ -->\n<title>Instala\u00e7\u00f5es - Lynden Language Solutions<\/title>\n<meta name=\"robots\" content=\"index, follow, max-snippet:-1, max-image-preview:large, max-video-preview:-1\" \/>\n<link rel=\"canonical\" href=\"https:\/\/lynden.co.mz\/pt-pt\/instalacoes\/\" \/>\n<meta property=\"og:locale\" content=\"pt_PT\" \/>\n<meta property=\"og:type\" content=\"article\" \/>\n<meta property=\"og:title\" content=\"Instala\u00e7\u00f5es - Lynden Language Solutions\" \/>\n<meta property=\"og:description\" content=\"Lynden Language School tem salas de aulas confort\u00e1veis e arejadas, permitindo aos alunos interagirem com os seus colegas e tutor.\" \/>\n<meta property=\"og:url\" content=\"https:\/\/lynden.co.mz\/pt-pt\/instalacoes\/\" \/>\n<meta property=\"og:site_name\" content=\"Lynden Language Solutions\" \/>\n<meta property=\"article:modified_time\" content=\"2017-01-07T20:37:12+00:00\" \/>\n<meta property=\"og:image\" content=\"http:\/\/lynden.co.mz\/wp-content\/uploads\/2016\/09\/LLS_school_facilities.jpg\" \/>\n<meta name=\"twitter:card\" content=\"summary_large_image\" \/>\n<meta name=\"twitter:label1\" content=\"Tempo estimado de leitura\" \/>\n\t<meta name=\"twitter:data1\" content=\"1 minuto\" \/>\n<script type=\"application\/ld+json\" class=\"yoast-schema-graph\">{\"@context\":\"https:\\\/\\\/schema.org\",\"@graph\":[{\"@type\":\"WebPage\",\"@id\":\"https:\\\/\\\/lynden.co.mz\\\/pt-pt\\\/instalacoes\\\/\",\"url\":\"https:\\\/\\\/lynden.co.mz\\\/pt-pt\\\/instalacoes\\\/\",\"name\":\"Instala\u00e7\u00f5es - Lynden Language Solutions\",\"isPartOf\":{\"@id\":\"https:\\\/\\\/lynden.co.mz\\\/#website\"},\"primaryImageOfPage\":{\"@id\":\"https:\\\/\\\/lynden.co.mz\\\/pt-pt\\\/instalacoes\\\/#primaryimage\"},\"image\":{\"@id\":\"https:\\\/\\\/lynden.co.mz\\\/pt-pt\\\/instalacoes\\\/#primaryimage\"},\"thumbnailUrl\":\"http:\\\/\\\/lynden.co.mz\\\/wp-content\\\/uploads\\\/2016\\\/09\\\/LLS_school_facilities.jpg\",\"datePublished\":\"2015-03-18T11:49:12+00:00\",\"dateModified\":\"2017-01-07T20:37:12+00:00\",\"breadcrumb\":{\"@id\":\"https:\\\/\\\/lynden.co.mz\\\/pt-pt\\\/instalacoes\\\/#breadcrumb\"},\"inLanguage\":\"pt-PT\",\"potentialAction\":[{\"@type\":\"ReadAction\",\"target\":[\"https:\\\/\\\/lynden.co.mz\\\/pt-pt\\\/instalacoes\\\/\"]}]},{\"@type\":\"ImageObject\",\"inLanguage\":\"pt-PT\",\"@id\":\"https:\\\/\\\/lynden.co.mz\\\/pt-pt\\\/instalacoes\\\/#primaryimage\",\"url\":\"http:\\\/\\\/lynden.co.mz\\\/wp-content\\\/uploads\\\/2016\\\/09\\\/LLS_school_facilities.jpg\",\"contentUrl\":\"http:\\\/\\\/lynden.co.mz\\\/wp-content\\\/uploads\\\/2016\\\/09\\\/LLS_school_facilities.jpg\"},{\"@type\":\"BreadcrumbList\",\"@id\":\"https:\\\/\\\/lynden.co.mz\\\/pt-pt\\\/instalacoes\\\/#breadcrumb\",\"itemListElement\":[{\"@type\":\"ListItem\",\"position\":1,\"name\":\"Home\",\"item\":\"https:\\\/\\\/lynden.co.mz\\\/pt-pt\\\/\"},{\"@type\":\"ListItem\",\"position\":2,\"name\":\"Instala\u00e7\u00f5es\"}]},{\"@type\":\"WebSite\",\"@id\":\"https:\\\/\\\/lynden.co.mz\\\/#website\",\"url\":\"https:\\\/\\\/lynden.co.mz\\\/\",\"name\":\"Lynden Language Solutions\",\"description\":\"Tailored language solutions for maximised learning.\",\"potentialAction\":[{\"@type\":\"SearchAction\",\"target\":{\"@type\":\"EntryPoint\",\"urlTemplate\":\"https:\\\/\\\/lynden.co.mz\\\/?s={search_term_string}\"},\"query-input\":{\"@type\":\"PropertyValueSpecification\",\"valueRequired\":true,\"valueName\":\"search_term_string\"}}],\"inLanguage\":\"pt-PT\"}]}<\/script>\n<!-- \/ Yoast SEO plugin. -->","yoast_head_json":{"title":"Instala\u00e7\u00f5es - Lynden Language Solutions","robots":{"index":"index","follow":"follow","max-snippet":"max-snippet:-1","max-image-preview":"max-image-preview:large","max-video-preview":"max-video-preview:-1"},"canonical":"https:\/\/lynden.co.mz\/pt-pt\/instalacoes\/","og_locale":"pt_PT","og_type":"article","og_title":"Instala\u00e7\u00f5es - Lynden Language Solutions","og_description":"Lynden Language School tem salas de aulas confort\u00e1veis e arejadas, permitindo aos alunos interagirem com os seus colegas e tutor.","og_url":"https:\/\/lynden.co.mz\/pt-pt\/instalacoes\/","og_site_name":"Lynden Language Solutions","article_modified_time":"2017-01-07T20:37:12+00:00","og_image":[{"url":"http:\/\/lynden.co.mz\/wp-content\/uploads\/2016\/09\/LLS_school_facilities.jpg","type":"","width":"","height":""}],"twitter_card":"summary_large_image","twitter_misc":{"Tempo estimado de leitura":"1 minuto"},"schema":{"@context":"https:\/\/schema.org","@graph":[{"@type":"WebPage","@id":"https:\/\/lynden.co.mz\/pt-pt\/instalacoes\/","url":"https:\/\/lynden.co.mz\/pt-pt\/instalacoes\/","name":"Instala\u00e7\u00f5es - Lynden Language Solutions","isPartOf":{"@id":"https:\/\/lynden.co.mz\/#website"},"primaryImageOfPage":{"@id":"https:\/\/lynden.co.mz\/pt-pt\/instalacoes\/#primaryimage"},"image":{"@id":"https:\/\/lynden.co.mz\/pt-pt\/instalacoes\/#primaryimage"},"thumbnailUrl":"http:\/\/lynden.co.mz\/wp-content\/uploads\/2016\/09\/LLS_school_facilities.jpg","datePublished":"2015-03-18T11:49:12+00:00","dateModified":"2017-01-07T20:37:12+00:00","breadcrumb":{"@id":"https:\/\/lynden.co.mz\/pt-pt\/instalacoes\/#breadcrumb"},"inLanguage":"pt-PT","potentialAction":[{"@type":"ReadAction","target":["https:\/\/lynden.co.mz\/pt-pt\/instalacoes\/"]}]},{"@type":"ImageObject","inLanguage":"pt-PT","@id":"https:\/\/lynden.co.mz\/pt-pt\/instalacoes\/#primaryimage","url":"http:\/\/lynden.co.mz\/wp-content\/uploads\/2016\/09\/LLS_school_facilities.jpg","contentUrl":"http:\/\/lynden.co.mz\/wp-content\/uploads\/2016\/09\/LLS_school_facilities.jpg"},{"@type":"BreadcrumbList","@id":"https:\/\/lynden.co.mz\/pt-pt\/instalacoes\/#breadcrumb","itemListElement":[{"@type":"ListItem","position":1,"name":"Home","item":"https:\/\/lynden.co.mz\/pt-pt\/"},{"@type":"ListItem","position":2,"name":"Instala\u00e7\u00f5es"}]},{"@type":"WebSite","@id":"https:\/\/lynden.co.mz\/#website","url":"https:\/\/lynden.co.mz\/","name":"Lynden Language Solutions","description":"Tailored language solutions for maximised learning.","potentialAction":[{"@type":"SearchAction","target":{"@type":"EntryPoint","urlTemplate":"https:\/\/lynden.co.mz\/?s={search_term_string}"},"query-input":{"@type":"PropertyValueSpecification","valueRequired":true,"valueName":"search_term_string"}}],"inLanguage":"pt-PT"}]}},"jetpack_sharing_enabled":true,"jetpack_shortlink":"https:\/\/wp.me\/P8lW95-hx","_links":{"self":[{"href":"https:\/\/lynden.co.mz\/pt-pt\/wp-json\/wp\/v2\/pages\/1087","targetHints":{"allow":["GET"]}}],"collection":[{"href":"https:\/\/lynden.co.mz\/pt-pt\/wp-json\/wp\/v2\/pages"}],"about":[{"href":"https:\/\/lynden.co.mz\/pt-pt\/wp-json\/wp\/v2\/types\/page"}],"author":[{"embeddable":true,"href":"https:\/\/lynden.co.mz\/pt-pt\/wp-json\/wp\/v2\/users\/6"}],"replies":[{"embeddable":true,"href":"https:\/\/lynden.co.mz\/pt-pt\/wp-json\/wp\/v2\/comments?post=1087"}],"version-history":[{"count":5,"href":"https:\/\/lynden.co.mz\/pt-pt\/wp-json\/wp\/v2\/pages\/1087\/revisions"}],"predecessor-version":[{"id":1540,"href":"https:\/\/lynden.co.mz\/pt-pt\/wp-json\/wp\/v2\/pages\/1087\/revisions\/1540"}],"wp:attachment":[{"href":"https:\/\/lynden.co.mz\/pt-pt\/wp-json\/wp\/v2\/media?parent=1087"}],"curies":[{"name":"wp","href":"https:\/\/api.w.org\/{rel}","templated":true}]}}