{"id":1474,"date":"2016-08-27T03:01:58","date_gmt":"2016-08-27T01:01:58","guid":{"rendered":"http:\/\/lynden.co.mz\/pt-pt\/?page_id=1474"},"modified":"2023-04-06T19:35:30","modified_gmt":"2023-04-06T17:35:30","slug":"home-pt","status":"publish","type":"page","link":"https:\/\/lynden.co.mz\/pt-pt\/home-pt\/","title":{"rendered":"Home PT"},"content":{"rendered":"<div class=\"row gutter k-equal-height\">\n<div class=\"col-lg-12\"><div id=\"slider-4AnGJEvsodYv\" class=\"carousel slide clear-margins carousel-push\" data-ride=\"carousel\" data-interval=\"6000\"><ol class=\"carousel-indicators\"><li data-target=\"#slider-4AnGJEvsodYv\" data-slide-to=\"0\" class=\"active\"><\/li><li data-target=\"#slider-4AnGJEvsodYv\" data-slide-to=\"1\"><\/li><\/ol><div class=\"carousel-inner\"><div class=\"item active\"><img decoding=\"async\" src=\"http:\/\/lynden.co.mz\/wp-content\/uploads\/2023\/04\/Facebook-cover-2.png\" alt=\"\" \/><\/div><div class=\"item\"><a href=\"http:\/\/lynden.co.mz\/english-for-your-business\/\" title=\"http:\/\/lynden.co.mz\/english-for-your-business\/\"><img decoding=\"async\" src=\"http:\/\/lynden.co.mz\/wp-content\/uploads\/2023\/05\/LLS23-M_OG-banner_01.jpg\" alt=\"\" \/><\/a><\/div><\/div><a class=\"left carousel-control\" href=\"#slider-4AnGJEvsodYv\" data-slide=\"prev\"><i class=\"fa fa-chevron-left\"><\/i><\/a><a class=\"right carousel-control\" href=\"#slider-4AnGJEvsodYv\" data-slide=\"next\"><i class=\"fa fa-chevron-right\"><\/i><\/a><\/div>\n<div class=\"gap40\"><\/div>\n<blockquote><p>A LYNDEN, a operar no mercado mo\u00e7ambicano h\u00e1 mais de 32 anos, posui uma vasta gama de experi\u00eancia no ensino de l\u00ednguas. Oferecemos solu\u00e7\u00f5es para todas as suas necessidades de comunica\u00e7\u00e3o e linguagem.<\/p><\/blockquote>\n<div class=\"gap30\"><\/div>\n<\/div>\n<\/div>\n<div class=\"row gutter k-equal-height\">\n<div class=\"col-lg-4 col-md-4 col-sm-4 col-xs-12\"><h5 class=\"lang\">Forma\u00e7\u00e3o Lingu\u00edstica<\/h5>\n<div class=\"gap10\"><\/div>\n<p><a href=\"\/pt-pt\/?page_id=863\" target=\"_self\" class=\"btn btn-geneng btn-lg\">Cursos de Ingl\u00eas Geral<\/a><\/p>\n<div class=\"gap5\"><\/div>\n<p><a href=\"\/pt-pt\/?page_id=1100\" target=\"_self\" class=\"btn btn-geneng btn-lg\">Habilidades de comunica\u00e7\u00e3o<\/a><\/p>\n<div class=\"gap5\"><\/div>\n<p><a href=\"\/pt-pt\/?page_id=1098\" target=\"_self\" class=\"btn btn-geneng btn-lg\">Exames Cambridge<\/a><\/p>\n<div class=\"gap5\"><\/div>\n<p><a href=\"\/pt-pt\/?page_id=1078\" target=\"_self\" class=\"btn btn-geneng btn-lg\">Ingl\u00eas para neg\u00f3cios<\/a><\/p>\n<div class=\"gap5\"><\/div>\n<p><a href=\"\/pt-pt\/?page_id=1034\" target=\"_self\" class=\"btn btn-pt btn-lg\">Portugu\u00eas Geral<\/a><\/p>\n<div class=\"gap5\"><\/div>\n<div class=\"gap20\"><\/div>\n<p>Nossos cursos de Ingl\u00eas geral abrangem todos os n\u00edveis, do iniciante ao avan\u00e7ado. Os cursos come\u00e7am ao longo do ano, dependendo das inscri\u00e7\u00f5es realizadas.<\/p>\n<div class=\"gap5\"><\/div>\n<p>Entre em contacto connosco para uma avalia\u00e7\u00e3o de n\u00edvel (gratuita) para come\u00e7ar a melhorar suas habilidades no idioma agora!<\/p>\n<div class=\"gap10\"><\/div>\n<p><a href=\"\/?page_id=863\" target=\"_self\" class=\"btn btn-calendar btn-md\"><i class=\"fa fa-calendar\"><\/i> &nbsp; 2023 Cursos de Ingl\u00eas Geral<\/a><\/p>\n<div class=\"gap5\"><\/div>\n<p><a href=\"\/?page_id=931\" target=\"_self\" class=\"btn btn-pricing btn-md\"><i class=\"fa fa-list-alt\"><\/i> &nbsp; Avalia\u00e7\u00e3o<\/a><\/p>\n<div class=\"gap5\"><\/div>\n<p><a href=\"\/?page_id=1080\" target=\"_self\" class=\"btn btn-default btn-md\"><i class=\"fa fa-envelope-o\"><\/i> &nbsp; Contato<\/a><\/p>\n<div class=\"gap40\"><\/div>\n<\/div>\n<div class=\"col-lg-4 col-md-4 col-sm-4 col-xs-12\"><h5 class=\"corp\">Solu\u00e7\u00f5es Corporativas<\/h5>\n<div class=\"gap10\"><\/div>\n<p><a href=\"\/?page_id=1557\" target=\"_self\" class=\"btn btn-corp btn-lg\">Cursos de Atendimento ao Cliente<\/a><\/p>\n<div class=\"gap5\"><\/div>\n<p><a href=\"\/?page_id=1565\" target=\"_self\" class=\"btn btn-corp btn-lg\">Forma\u00e7\u00e3o intercultural<\/a><\/p>\n<div class=\"gap5\"><\/div>\n<p><a href=\"\/?page_id=1078\" target=\"_self\" class=\"btn btn-corp btn-lg\">Ensino Corporativo<\/a><\/p>\n<div class=\"gap5\"><\/div>\n<p><a href=\"\/?page_id=1566\" target=\"_self\" class=\"btn btn-corp btn-lg\">Tradu\u00e7\u00e3o \/ Edi\u00e7\u00e3o<\/a><\/p>\n<div class=\"gap20\"><\/div>\n<p>Prec\u0327os altamente competitivos \/ base hora\u0301ria. Formac\u0327a\u0303o na nossa instituic\u0327a\u0303o ou <em>in-house<\/em> nas<br \/>\ninstalac\u0327o\u0303es do cliente. <\/p>\n<div class=\"gap5\"><\/div>\n<p>Hora\u0301rios flexi\u0301veis, de modo a acomodar a\u0300s necessidades das organizac\u0327o\u0303es\/ empresas.<\/p>\n<div class=\"gap5\"><\/div>\n<p>Cursos e workshops podem ser organizados em conjunto com cursos gerais de li\u0301nguas.<\/p>\n<h4 class=\"sub\">De\u0302 vantagem competitiva aos seus funciona\u0301rios.<br \/>\n<span class=\"corp\"><strong><span class=\"lang\">Ligue para<\/span> +258 82 3072540<\/strong><\/span><\/h4>\n<div class=\"gap40\"><\/div>\n<\/div>\n<div class=\"col-lg-4 col-md-4 col-sm-4 col-xs-12\">\n<div class=\"nb\"><h5><span style=\"color: #ffffff;\">Boletim<\/span><\/h5>\n<div class=\"gap20\"><\/div>\n<div class=\"alert alert-danger\">No entries found!<\/div>\n<div class=\"gap20\"><\/div>\n<h5 class=\"font_0\"><span style=\"color: #ffffff;\">Redes Sociais<\/span><\/h5>\n<p>Junte-se a n\u00f3s na sua rede social favorita!<\/p>\n<p><a href=\"https:\/\/www.facebook.com\/lyndenschool\"><img loading=\"lazy\" decoding=\"async\" class=\"alignleft wp-image-697\" src=\"http:\/\/lynden.co.mz\/wp-content\/uploads\/2016\/06\/Lynden-Language-School-fb_icon.png\" alt=\"Lynden-Language-School-fb_icon\" width=\"27\" height=\"24\" \/><\/a><a href=\"https:\/\/www.instagram.com\/lyndenlanguage\/\"><img loading=\"lazy\" decoding=\"async\" class=\"alignleft wp-image-697\" src=\"http:\/\/lynden.co.mz\/wp-content\/uploads\/2023\/04\/new-instagram-icon-topic.png\" width=\"27\" height=\"24\" \/><\/a><a href=\"https:\/\/www.linkedin.com\/company\/10681892\/\"><img loading=\"lazy\" decoding=\"async\" class=\"alignleft wp-image-697\" src=\"http:\/\/lynden.co.mz\/wp-content\/uploads\/2023\/04\/linkedIn_PNG16-1707302374.png\" width=\"27\" height=\"24\" \/><\/a><\/p>\n<div class=\"gap20\"><\/div>\n<h5 class=\"font_0\"><span style=\"color: #ffffff;\">Inqu\u00e9ritos?<\/span><\/h5>\n<p><span style=\"color: #f1dac4;\">Envie-nos uma<a href=\"\/?page_id=1080\"> mensagem<\/a><\/span><\/p>\n<\/div>\n<\/div>\n<\/div>\n","protected":false},"excerpt":{"rendered":"","protected":false},"author":6,"featured_media":0,"parent":0,"menu_order":0,"comment_status":"open","ping_status":"open","template":"page-fullwidth.php","meta":{"jetpack_post_was_ever_published":false,"footnotes":""},"class_list":["post-1474","page","type-page","status-publish","hentry"],"yoast_head":"<!-- This site is optimized with the Yoast SEO plugin v27.4 - https:\/\/yoast.com\/product\/yoast-seo-wordpress\/ -->\n<title>Home PT - Lynden Language Solutions<\/title>\n<meta name=\"robots\" content=\"index, follow, max-snippet:-1, max-image-preview:large, max-video-preview:-1\" \/>\n<link rel=\"canonical\" href=\"https:\/\/lynden.co.mz\/pt-pt\/home-pt\/\" \/>\n<meta property=\"og:locale\" content=\"pt_PT\" \/>\n<meta property=\"og:type\" content=\"article\" \/>\n<meta property=\"og:title\" content=\"Home PT - Lynden Language Solutions\" \/>\n<meta property=\"og:url\" content=\"https:\/\/lynden.co.mz\/pt-pt\/home-pt\/\" \/>\n<meta property=\"og:site_name\" content=\"Lynden Language Solutions\" \/>\n<meta property=\"article:modified_time\" content=\"2023-04-06T17:35:30+00:00\" \/>\n<meta name=\"twitter:card\" content=\"summary_large_image\" \/>\n<script type=\"application\/ld+json\" class=\"yoast-schema-graph\">{\"@context\":\"https:\\\/\\\/schema.org\",\"@graph\":[{\"@type\":\"WebPage\",\"@id\":\"https:\\\/\\\/lynden.co.mz\\\/pt-pt\\\/home-pt\\\/\",\"url\":\"https:\\\/\\\/lynden.co.mz\\\/pt-pt\\\/home-pt\\\/\",\"name\":\"Home PT - Lynden Language Solutions\",\"isPartOf\":{\"@id\":\"http:\\\/\\\/lynden.co.mz\\\/#website\"},\"datePublished\":\"2016-08-27T01:01:58+00:00\",\"dateModified\":\"2023-04-06T17:35:30+00:00\",\"breadcrumb\":{\"@id\":\"https:\\\/\\\/lynden.co.mz\\\/pt-pt\\\/home-pt\\\/#breadcrumb\"},\"inLanguage\":\"pt-PT\",\"potentialAction\":[{\"@type\":\"ReadAction\",\"target\":[\"https:\\\/\\\/lynden.co.mz\\\/pt-pt\\\/home-pt\\\/\"]}]},{\"@type\":\"BreadcrumbList\",\"@id\":\"https:\\\/\\\/lynden.co.mz\\\/pt-pt\\\/home-pt\\\/#breadcrumb\",\"itemListElement\":[{\"@type\":\"ListItem\",\"position\":1,\"name\":\"Home\",\"item\":\"https:\\\/\\\/lynden.co.mz\\\/pt-pt\\\/\"},{\"@type\":\"ListItem\",\"position\":2,\"name\":\"Home PT\"}]},{\"@type\":\"WebSite\",\"@id\":\"http:\\\/\\\/lynden.co.mz\\\/#website\",\"url\":\"http:\\\/\\\/lynden.co.mz\\\/\",\"name\":\"Lynden Language Solutions\",\"description\":\"Tailored language solutions for maximised learning.\",\"potentialAction\":[{\"@type\":\"SearchAction\",\"target\":{\"@type\":\"EntryPoint\",\"urlTemplate\":\"http:\\\/\\\/lynden.co.mz\\\/?s={search_term_string}\"},\"query-input\":{\"@type\":\"PropertyValueSpecification\",\"valueRequired\":true,\"valueName\":\"search_term_string\"}}],\"inLanguage\":\"pt-PT\"}]}<\/script>\n<!-- \/ Yoast SEO plugin. -->","yoast_head_json":{"title":"Home PT - Lynden Language Solutions","robots":{"index":"index","follow":"follow","max-snippet":"max-snippet:-1","max-image-preview":"max-image-preview:large","max-video-preview":"max-video-preview:-1"},"canonical":"https:\/\/lynden.co.mz\/pt-pt\/home-pt\/","og_locale":"pt_PT","og_type":"article","og_title":"Home PT - Lynden Language Solutions","og_url":"https:\/\/lynden.co.mz\/pt-pt\/home-pt\/","og_site_name":"Lynden Language Solutions","article_modified_time":"2023-04-06T17:35:30+00:00","twitter_card":"summary_large_image","schema":{"@context":"https:\/\/schema.org","@graph":[{"@type":"WebPage","@id":"https:\/\/lynden.co.mz\/pt-pt\/home-pt\/","url":"https:\/\/lynden.co.mz\/pt-pt\/home-pt\/","name":"Home PT - Lynden Language Solutions","isPartOf":{"@id":"http:\/\/lynden.co.mz\/#website"},"datePublished":"2016-08-27T01:01:58+00:00","dateModified":"2023-04-06T17:35:30+00:00","breadcrumb":{"@id":"https:\/\/lynden.co.mz\/pt-pt\/home-pt\/#breadcrumb"},"inLanguage":"pt-PT","potentialAction":[{"@type":"ReadAction","target":["https:\/\/lynden.co.mz\/pt-pt\/home-pt\/"]}]},{"@type":"BreadcrumbList","@id":"https:\/\/lynden.co.mz\/pt-pt\/home-pt\/#breadcrumb","itemListElement":[{"@type":"ListItem","position":1,"name":"Home","item":"https:\/\/lynden.co.mz\/pt-pt\/"},{"@type":"ListItem","position":2,"name":"Home PT"}]},{"@type":"WebSite","@id":"http:\/\/lynden.co.mz\/#website","url":"http:\/\/lynden.co.mz\/","name":"Lynden Language Solutions","description":"Tailored language solutions for maximised learning.","potentialAction":[{"@type":"SearchAction","target":{"@type":"EntryPoint","urlTemplate":"http:\/\/lynden.co.mz\/?s={search_term_string}"},"query-input":{"@type":"PropertyValueSpecification","valueRequired":true,"valueName":"search_term_string"}}],"inLanguage":"pt-PT"}]}},"jetpack_sharing_enabled":true,"jetpack_shortlink":"https:\/\/wp.me\/P8lW95-nM","_links":{"self":[{"href":"https:\/\/lynden.co.mz\/pt-pt\/wp-json\/wp\/v2\/pages\/1474","targetHints":{"allow":["GET"]}}],"collection":[{"href":"https:\/\/lynden.co.mz\/pt-pt\/wp-json\/wp\/v2\/pages"}],"about":[{"href":"https:\/\/lynden.co.mz\/pt-pt\/wp-json\/wp\/v2\/types\/page"}],"author":[{"embeddable":true,"href":"https:\/\/lynden.co.mz\/pt-pt\/wp-json\/wp\/v2\/users\/6"}],"replies":[{"embeddable":true,"href":"https:\/\/lynden.co.mz\/pt-pt\/wp-json\/wp\/v2\/comments?post=1474"}],"version-history":[{"count":3,"href":"https:\/\/lynden.co.mz\/pt-pt\/wp-json\/wp\/v2\/pages\/1474\/revisions"}],"predecessor-version":[{"id":1758,"href":"https:\/\/lynden.co.mz\/pt-pt\/wp-json\/wp\/v2\/pages\/1474\/revisions\/1758"}],"wp:attachment":[{"href":"https:\/\/lynden.co.mz\/pt-pt\/wp-json\/wp\/v2\/media?parent=1474"}],"curies":[{"name":"wp","href":"https:\/\/api.w.org\/{rel}","templated":true}]}}