{"id":1565,"date":"2017-01-08T06:11:21","date_gmt":"2017-01-08T04:11:21","guid":{"rendered":"http:\/\/lynden.co.mz\/?page_id=1565\/"},"modified":"2023-11-30T17:16:59","modified_gmt":"2023-11-30T15:16:59","slug":"formacao-intercultural","status":"publish","type":"page","link":"https:\/\/lynden.co.mz\/pt-pt\/formacao-intercultural\/","title":{"rendered":"Forma\u00e7\u00e3o intercultural"},"content":{"rendered":"<div class=\"row gutter k-equal-height\">\n<div class=\"col-lg-9 col-md-9 col-sm-6 col-xs-12\">\n<blockquote><p>A Lynden fornece solu\u00e7\u00f5es de treinamento para superar diferentes tipos de barreiras culturais.<\/p><\/blockquote>\n<\/div><div class=\"col-lg-3 col-md-3 col-sm-6 col-xs-12\"> <\/div>\n<\/div><div class=\"row gutter k-equal-height\">\n<div class=\"col-lg-8 col-md-8 col-sm-8 col-xs-12\">\n<h5>A vantagem competitiva<\/h5>\n<p>No mercado internacional de hoje as empresas cada vez mais trabalham com diversas culturas, seja com clientes internacionais ou funcion\u00e1rios de diferentes culturas que trabalham em conjunto:<br \/>\n<div id=\"k-make-accordions-ML4Gm1wCer6k\" class=\"panel-group\">\n<div class=\"panel panel-default\"><div class=\"panel-heading\"><h4 class=\"panel-title\"><a class=\"accordion-toggle collapsed\" data-toggle=\"collapse\" href=\"#k-collapse-element-nqMdTU37OJrk\">Colabora\u00e7\u00e3o bem-sucedida com os clientes e \/ ou colegas internacionais<\/a><\/h4><\/div><div id=\"k-collapse-element-nqMdTU37OJrk\" class=\"panel-collapse collapse\"><div class=\"panel-body\">\n<ul>\n<li>\u2014 Entenda diferentes valores de neg\u00f3cios<\/li>\n<li>\u2014 Compreender diferentes percep\u00e7\u00f5es de colabora\u00e7\u00e3o eficaz<\/li>\n<li>\u2014 Reconhecer e adaptar-se a diferentes estilos de comunica\u00e7\u00e3o<\/li>\n<li>\u2014 Adquirir conhecimento sobre como motivar o cliente ou colega internacional<\/li>\n<li>\u2014 Gerenciar Gerir expectativas e superar diferen\u00e7as culturais<\/li>\n<\/ul>\n<\/div><\/div><\/div>\n<div class=\"panel panel-default\"><div class=\"panel-heading\"><h4 class=\"panel-title\"><a class=\"accordion-toggle collapsed\" data-toggle=\"collapse\" href=\"#k-collapse-element-bqXcWHtz96Pa\">Apresenta\u00e7\u00f5es internacionais de sucesso<\/a><\/h4><\/div><div id=\"k-collapse-element-bqXcWHtz96Pa\" class=\"panel-collapse collapse\"><div class=\"panel-body\">\n<ul>\n<li>\u2014 Expresse-se com clareza e confian\u00e7a diante de v\u00e1rias nacionalidades<\/li>\n<li>\u2014 Aprenda como estruturar sua apresenta\u00e7\u00e3o<\/li>\n<li>\u2014 Crie aberturas e conclus\u00f5es fortes<\/li>\n<\/ul>\n<\/div><\/div><\/div>\n<div class=\"panel panel-default\"><div class=\"panel-heading\"><h4 class=\"panel-title\"><a class=\"accordion-toggle collapsed\" data-toggle=\"collapse\" href=\"#k-collapse-element-391Jf4TkLe0B\">Forma\u00e7\u00e3o para deslocaliza\u00e7\u00e3o<\/a><\/h4><\/div><div id=\"k-collapse-element-391Jf4TkLe0B\" class=\"panel-collapse collapse\"><div class=\"panel-body\">\n<ul>\n<li>\u2014 Entenda a cultura do pa\u00eds anfitri\u00e3o<\/li>\n<li>\u2014 Adquira as habilidades para interagir de novas maneiras, a fim de estabelecer novas redes<\/li>\n<li>\u2014 Gerenciar equipes e motivar os funcion\u00e1rios locais de forma mais eficaz<\/li>\n<\/ul>\n<\/div><\/div><\/div>\n<\/div>\n<\/div>\n<div class=\"col-lg-4 col-md-4 col-sm-4 col-xs-12\">\n<h5>Ensino Corporativo<\/h5>\n<div class=\"gap10\"><\/div>\n<p><a href=\"\/?page_id=1557\" target=\"_self\" class=\"btn btn-corp btn-md\">Cursos de Atendimento ao Cliente<\/a><\/p>\n<div class=\"gap5\"><\/div>\n<p><a href=\"\/?page_id=1386\" target=\"_self\" class=\"btn btn-corp btn-md\">Forma\u00e7\u00e3o Intercultural<\/a><\/p>\n<div class=\"gap5\"><\/div>\n<p><a href=\"\/pt-pt\/cultura-organizacional\" target=\"_self\" class=\"btn btn-corp btn-md\">Cultura Organizacional<\/a><\/p>\n<div class=\"gap5\"><\/div>\n<p><a href=\"\/pt-pt\/competencias-de-apresentacao\/\" target=\"_self\" class=\"btn btn-corp btn-md\">Compet\u00eancias de Apresenta\u00e7\u00e3o<\/a><\/p>\n<div class=\"gap5\"><\/div>\n<div class=\"gap5\"><\/div>\n<p><a href=\"\/pt-pt\/excel-skills\/\" target=\"_self\" class=\"btn btn-corp btn-md\">Cursos de Excel<\/a><\/p>\n<div class=\"gap5\"><\/div>\n<p><a href=\"\/negotiation-skills-and-strategies\" target=\"_self\" class=\"btn btn-corp btn-md\">Negotiation Skills and Strategies<\/a><\/p>\n<div class=\"gap5\"><\/div>\n<p><a href=\"\/?page_id=1376\" target=\"_self\" class=\"btn btn-pt btn-md\">Portuguese for International Staff<\/a><\/p>\n<div class=\"gap20\"><\/div>\n<p>Oferecemos pre\u00e7os altamente competitivos, por hora. Os cursos podem ser ministrados na nossa Escola, online ou presencial. Os hor\u00e1rios s\u00e3o flex\u00edveis de modo a satisfazer as necessidades dos nossos Clientes.<\/p>\n<div class=\"gap10\"><\/div>\n\n<div class=\"gap10\"><\/div>\n<a href=\"\/?page_id=39\" target=\"_self\" class=\"btn btn-default btn-sm\"><i class=\"fa fa-envelope-o\"><\/i> &nbsp; Contacte-nos<\/a><div class=\"gap30\"><\/div>\n<\/div>\n<\/div>\n","protected":false},"excerpt":{"rendered":"","protected":false},"author":6,"featured_media":0,"parent":0,"menu_order":0,"comment_status":"closed","ping_status":"closed","template":"page-fullwidth.php","meta":{"jetpack_post_was_ever_published":false,"footnotes":""},"class_list":["post-1565","page","type-page","status-publish","hentry"],"yoast_head":"<!-- This site is optimized with the Yoast SEO plugin v27.4 - https:\/\/yoast.com\/product\/yoast-seo-wordpress\/ -->\n<title>Forma\u00e7\u00e3o intercultural - Lynden Language Solutions<\/title>\n<meta name=\"robots\" content=\"index, follow, max-snippet:-1, max-image-preview:large, max-video-preview:-1\" \/>\n<link rel=\"canonical\" href=\"https:\/\/lynden.co.mz\/pt-pt\/formacao-intercultural\/\" \/>\n<meta property=\"og:locale\" content=\"pt_PT\" \/>\n<meta property=\"og:type\" content=\"article\" \/>\n<meta property=\"og:title\" content=\"Forma\u00e7\u00e3o intercultural - Lynden Language Solutions\" \/>\n<meta property=\"og:url\" content=\"https:\/\/lynden.co.mz\/pt-pt\/formacao-intercultural\/\" \/>\n<meta property=\"og:site_name\" content=\"Lynden Language Solutions\" \/>\n<meta property=\"article:modified_time\" content=\"2023-11-30T15:16:59+00:00\" \/>\n<meta name=\"twitter:card\" content=\"summary_large_image\" \/>\n<meta name=\"twitter:label1\" content=\"Tempo estimado de leitura\" \/>\n\t<meta name=\"twitter:data1\" content=\"1 minuto\" \/>\n<script type=\"application\/ld+json\" class=\"yoast-schema-graph\">{\"@context\":\"https:\\\/\\\/schema.org\",\"@graph\":[{\"@type\":\"WebPage\",\"@id\":\"https:\\\/\\\/lynden.co.mz\\\/pt-pt\\\/formacao-intercultural\\\/\",\"url\":\"https:\\\/\\\/lynden.co.mz\\\/pt-pt\\\/formacao-intercultural\\\/\",\"name\":\"Forma\u00e7\u00e3o intercultural - Lynden Language Solutions\",\"isPartOf\":{\"@id\":\"https:\\\/\\\/lynden.co.mz\\\/#website\"},\"datePublished\":\"2017-01-08T04:11:21+00:00\",\"dateModified\":\"2023-11-30T15:16:59+00:00\",\"breadcrumb\":{\"@id\":\"https:\\\/\\\/lynden.co.mz\\\/pt-pt\\\/formacao-intercultural\\\/#breadcrumb\"},\"inLanguage\":\"pt-PT\",\"potentialAction\":[{\"@type\":\"ReadAction\",\"target\":[\"https:\\\/\\\/lynden.co.mz\\\/pt-pt\\\/formacao-intercultural\\\/\"]}]},{\"@type\":\"BreadcrumbList\",\"@id\":\"https:\\\/\\\/lynden.co.mz\\\/pt-pt\\\/formacao-intercultural\\\/#breadcrumb\",\"itemListElement\":[{\"@type\":\"ListItem\",\"position\":1,\"name\":\"Home\",\"item\":\"https:\\\/\\\/lynden.co.mz\\\/pt-pt\\\/\"},{\"@type\":\"ListItem\",\"position\":2,\"name\":\"Forma\u00e7\u00e3o intercultural\"}]},{\"@type\":\"WebSite\",\"@id\":\"https:\\\/\\\/lynden.co.mz\\\/#website\",\"url\":\"https:\\\/\\\/lynden.co.mz\\\/\",\"name\":\"Lynden Language Solutions\",\"description\":\"Tailored language solutions for maximised learning.\",\"potentialAction\":[{\"@type\":\"SearchAction\",\"target\":{\"@type\":\"EntryPoint\",\"urlTemplate\":\"https:\\\/\\\/lynden.co.mz\\\/?s={search_term_string}\"},\"query-input\":{\"@type\":\"PropertyValueSpecification\",\"valueRequired\":true,\"valueName\":\"search_term_string\"}}],\"inLanguage\":\"pt-PT\"}]}<\/script>\n<!-- \/ Yoast SEO plugin. -->","yoast_head_json":{"title":"Forma\u00e7\u00e3o intercultural - Lynden Language Solutions","robots":{"index":"index","follow":"follow","max-snippet":"max-snippet:-1","max-image-preview":"max-image-preview:large","max-video-preview":"max-video-preview:-1"},"canonical":"https:\/\/lynden.co.mz\/pt-pt\/formacao-intercultural\/","og_locale":"pt_PT","og_type":"article","og_title":"Forma\u00e7\u00e3o intercultural - Lynden Language Solutions","og_url":"https:\/\/lynden.co.mz\/pt-pt\/formacao-intercultural\/","og_site_name":"Lynden Language Solutions","article_modified_time":"2023-11-30T15:16:59+00:00","twitter_card":"summary_large_image","twitter_misc":{"Tempo estimado de leitura":"1 minuto"},"schema":{"@context":"https:\/\/schema.org","@graph":[{"@type":"WebPage","@id":"https:\/\/lynden.co.mz\/pt-pt\/formacao-intercultural\/","url":"https:\/\/lynden.co.mz\/pt-pt\/formacao-intercultural\/","name":"Forma\u00e7\u00e3o intercultural - Lynden Language Solutions","isPartOf":{"@id":"https:\/\/lynden.co.mz\/#website"},"datePublished":"2017-01-08T04:11:21+00:00","dateModified":"2023-11-30T15:16:59+00:00","breadcrumb":{"@id":"https:\/\/lynden.co.mz\/pt-pt\/formacao-intercultural\/#breadcrumb"},"inLanguage":"pt-PT","potentialAction":[{"@type":"ReadAction","target":["https:\/\/lynden.co.mz\/pt-pt\/formacao-intercultural\/"]}]},{"@type":"BreadcrumbList","@id":"https:\/\/lynden.co.mz\/pt-pt\/formacao-intercultural\/#breadcrumb","itemListElement":[{"@type":"ListItem","position":1,"name":"Home","item":"https:\/\/lynden.co.mz\/pt-pt\/"},{"@type":"ListItem","position":2,"name":"Forma\u00e7\u00e3o intercultural"}]},{"@type":"WebSite","@id":"https:\/\/lynden.co.mz\/#website","url":"https:\/\/lynden.co.mz\/","name":"Lynden Language Solutions","description":"Tailored language solutions for maximised learning.","potentialAction":[{"@type":"SearchAction","target":{"@type":"EntryPoint","urlTemplate":"https:\/\/lynden.co.mz\/?s={search_term_string}"},"query-input":{"@type":"PropertyValueSpecification","valueRequired":true,"valueName":"search_term_string"}}],"inLanguage":"pt-PT"}]}},"jetpack_sharing_enabled":true,"jetpack_shortlink":"https:\/\/wp.me\/P8lW95-pf","_links":{"self":[{"href":"https:\/\/lynden.co.mz\/pt-pt\/wp-json\/wp\/v2\/pages\/1565","targetHints":{"allow":["GET"]}}],"collection":[{"href":"https:\/\/lynden.co.mz\/pt-pt\/wp-json\/wp\/v2\/pages"}],"about":[{"href":"https:\/\/lynden.co.mz\/pt-pt\/wp-json\/wp\/v2\/types\/page"}],"author":[{"embeddable":true,"href":"https:\/\/lynden.co.mz\/pt-pt\/wp-json\/wp\/v2\/users\/6"}],"replies":[{"embeddable":true,"href":"https:\/\/lynden.co.mz\/pt-pt\/wp-json\/wp\/v2\/comments?post=1565"}],"version-history":[{"count":9,"href":"https:\/\/lynden.co.mz\/pt-pt\/wp-json\/wp\/v2\/pages\/1565\/revisions"}],"predecessor-version":[{"id":2284,"href":"https:\/\/lynden.co.mz\/pt-pt\/wp-json\/wp\/v2\/pages\/1565\/revisions\/2284"}],"wp:attachment":[{"href":"https:\/\/lynden.co.mz\/pt-pt\/wp-json\/wp\/v2\/media?parent=1565"}],"curies":[{"name":"wp","href":"https:\/\/api.w.org\/{rel}","templated":true}]}}