{"id":1566,"date":"2017-01-08T06:11:25","date_gmt":"2017-01-08T04:11:25","guid":{"rendered":"http:\/\/lynden.co.mz\/?page_id=1566\/"},"modified":"2017-01-08T06:26:02","modified_gmt":"2017-01-08T04:26:02","slug":"traducao-edicao","status":"publish","type":"page","link":"https:\/\/lynden.co.mz\/pt-pt\/traducao-edicao\/","title":{"rendered":"Tradu\u00e7\u00e3o \/ Edi\u00e7\u00e3o"},"content":{"rendered":"<div class=\"row gutter k-equal-height\">\n<blockquote><p>Uma boa tradu\u00e7\u00e3o \u00e9 a chave para transmitir a sua mensagem. Com uma equipe de tradutores e revisores experientes, a Lynden garante que os textos da sua empresa se destaquem!<\/p><\/blockquote>\n<\/div><div class=\"row gutter k-equal-height\">\n<div class=\"col-lg-4 col-md-4 col-sm-4 col-xs-12\">\n<h5>Os servi\u00e7os incluem:<\/h5>\n<p><strong>Tradu\u00e7\u00e3o Geral<\/strong><br \/>\nPortugu\u00eas &#8211; Ingl\u00eas &#8211; Portugu\u00eas<div class=\"gap10\"><\/div>\n<strong>Revis\u00e3o geral \/ Edi\u00e7\u00e3o<br \/>\n<\/strong><br \/>\n<div class=\"gap10\"><\/div><\/div>\n<div class=\"col-lg-4 col-md-4 col-sm-4 col-xs-12\">\n<h5>Mais Informa\u00e7\u00f5es<\/h5>\n<p>Contacte-nos para mais informa\u00e7\u00f5es e pre\u00e7os.<\/p>\n<h4><span class=\"corp\"><strong><span class=\"lang\">Ligue para<\/span> +258 82 3072540<\/strong><\/span><\/h4>\n<div class=\"gap10\"><\/div><a href=\"\/?page_id=1080\" target=\"_self\" class=\"btn btn-default btn-sm\"><i class=\"fa fa-envelope-o\"><\/i> &nbsp; Envie-nos uma mensagem<\/a>\n<div class=\"gap10\"><\/div>\n<\/div>\n<div class=\"col-lg-4 col-md-4 col-sm-4 col-xs-12\">\n<\/div>\n<\/div>\n","protected":false},"excerpt":{"rendered":"","protected":false},"author":6,"featured_media":0,"parent":0,"menu_order":0,"comment_status":"closed","ping_status":"closed","template":"page-fullwidth.php","meta":{"jetpack_post_was_ever_published":false,"footnotes":""},"class_list":["post-1566","page","type-page","status-publish","hentry"],"yoast_head":"<!-- This site is optimized with the Yoast SEO plugin v27.4 - https:\/\/yoast.com\/product\/yoast-seo-wordpress\/ -->\n<title>Tradu\u00e7\u00e3o \/ Edi\u00e7\u00e3o - Lynden Language Solutions<\/title>\n<meta name=\"robots\" content=\"index, follow, max-snippet:-1, max-image-preview:large, max-video-preview:-1\" \/>\n<link rel=\"canonical\" href=\"https:\/\/lynden.co.mz\/pt-pt\/traducao-edicao\/\" \/>\n<meta property=\"og:locale\" content=\"pt_PT\" \/>\n<meta property=\"og:type\" content=\"article\" \/>\n<meta property=\"og:title\" content=\"Tradu\u00e7\u00e3o \/ Edi\u00e7\u00e3o - Lynden Language Solutions\" \/>\n<meta property=\"og:url\" content=\"https:\/\/lynden.co.mz\/pt-pt\/traducao-edicao\/\" \/>\n<meta property=\"og:site_name\" content=\"Lynden Language Solutions\" \/>\n<meta property=\"article:modified_time\" content=\"2017-01-08T04:26:02+00:00\" \/>\n<meta name=\"twitter:card\" content=\"summary_large_image\" \/>\n<meta name=\"twitter:label1\" content=\"Tempo estimado de leitura\" \/>\n\t<meta name=\"twitter:data1\" content=\"1 minuto\" \/>\n<script type=\"application\/ld+json\" class=\"yoast-schema-graph\">{\"@context\":\"https:\\\/\\\/schema.org\",\"@graph\":[{\"@type\":\"WebPage\",\"@id\":\"https:\\\/\\\/lynden.co.mz\\\/pt-pt\\\/traducao-edicao\\\/\",\"url\":\"https:\\\/\\\/lynden.co.mz\\\/pt-pt\\\/traducao-edicao\\\/\",\"name\":\"Tradu\u00e7\u00e3o \\\/ Edi\u00e7\u00e3o - Lynden Language Solutions\",\"isPartOf\":{\"@id\":\"http:\\\/\\\/lynden.co.mz\\\/#website\"},\"datePublished\":\"2017-01-08T04:11:25+00:00\",\"dateModified\":\"2017-01-08T04:26:02+00:00\",\"breadcrumb\":{\"@id\":\"https:\\\/\\\/lynden.co.mz\\\/pt-pt\\\/traducao-edicao\\\/#breadcrumb\"},\"inLanguage\":\"pt-PT\",\"potentialAction\":[{\"@type\":\"ReadAction\",\"target\":[\"https:\\\/\\\/lynden.co.mz\\\/pt-pt\\\/traducao-edicao\\\/\"]}]},{\"@type\":\"BreadcrumbList\",\"@id\":\"https:\\\/\\\/lynden.co.mz\\\/pt-pt\\\/traducao-edicao\\\/#breadcrumb\",\"itemListElement\":[{\"@type\":\"ListItem\",\"position\":1,\"name\":\"Home\",\"item\":\"https:\\\/\\\/lynden.co.mz\\\/pt-pt\\\/\"},{\"@type\":\"ListItem\",\"position\":2,\"name\":\"Tradu\u00e7\u00e3o \\\/ Edi\u00e7\u00e3o\"}]},{\"@type\":\"WebSite\",\"@id\":\"http:\\\/\\\/lynden.co.mz\\\/#website\",\"url\":\"http:\\\/\\\/lynden.co.mz\\\/\",\"name\":\"Lynden Language Solutions\",\"description\":\"Tailored language solutions for maximised learning.\",\"potentialAction\":[{\"@type\":\"SearchAction\",\"target\":{\"@type\":\"EntryPoint\",\"urlTemplate\":\"http:\\\/\\\/lynden.co.mz\\\/?s={search_term_string}\"},\"query-input\":{\"@type\":\"PropertyValueSpecification\",\"valueRequired\":true,\"valueName\":\"search_term_string\"}}],\"inLanguage\":\"pt-PT\"}]}<\/script>\n<!-- \/ Yoast SEO plugin. -->","yoast_head_json":{"title":"Tradu\u00e7\u00e3o \/ Edi\u00e7\u00e3o - Lynden Language Solutions","robots":{"index":"index","follow":"follow","max-snippet":"max-snippet:-1","max-image-preview":"max-image-preview:large","max-video-preview":"max-video-preview:-1"},"canonical":"https:\/\/lynden.co.mz\/pt-pt\/traducao-edicao\/","og_locale":"pt_PT","og_type":"article","og_title":"Tradu\u00e7\u00e3o \/ Edi\u00e7\u00e3o - Lynden Language Solutions","og_url":"https:\/\/lynden.co.mz\/pt-pt\/traducao-edicao\/","og_site_name":"Lynden Language Solutions","article_modified_time":"2017-01-08T04:26:02+00:00","twitter_card":"summary_large_image","twitter_misc":{"Tempo estimado de leitura":"1 minuto"},"schema":{"@context":"https:\/\/schema.org","@graph":[{"@type":"WebPage","@id":"https:\/\/lynden.co.mz\/pt-pt\/traducao-edicao\/","url":"https:\/\/lynden.co.mz\/pt-pt\/traducao-edicao\/","name":"Tradu\u00e7\u00e3o \/ Edi\u00e7\u00e3o - Lynden Language Solutions","isPartOf":{"@id":"http:\/\/lynden.co.mz\/#website"},"datePublished":"2017-01-08T04:11:25+00:00","dateModified":"2017-01-08T04:26:02+00:00","breadcrumb":{"@id":"https:\/\/lynden.co.mz\/pt-pt\/traducao-edicao\/#breadcrumb"},"inLanguage":"pt-PT","potentialAction":[{"@type":"ReadAction","target":["https:\/\/lynden.co.mz\/pt-pt\/traducao-edicao\/"]}]},{"@type":"BreadcrumbList","@id":"https:\/\/lynden.co.mz\/pt-pt\/traducao-edicao\/#breadcrumb","itemListElement":[{"@type":"ListItem","position":1,"name":"Home","item":"https:\/\/lynden.co.mz\/pt-pt\/"},{"@type":"ListItem","position":2,"name":"Tradu\u00e7\u00e3o \/ Edi\u00e7\u00e3o"}]},{"@type":"WebSite","@id":"http:\/\/lynden.co.mz\/#website","url":"http:\/\/lynden.co.mz\/","name":"Lynden Language Solutions","description":"Tailored language solutions for maximised learning.","potentialAction":[{"@type":"SearchAction","target":{"@type":"EntryPoint","urlTemplate":"http:\/\/lynden.co.mz\/?s={search_term_string}"},"query-input":{"@type":"PropertyValueSpecification","valueRequired":true,"valueName":"search_term_string"}}],"inLanguage":"pt-PT"}]}},"jetpack_sharing_enabled":true,"jetpack_shortlink":"https:\/\/wp.me\/P8lW95-pg","_links":{"self":[{"href":"https:\/\/lynden.co.mz\/pt-pt\/wp-json\/wp\/v2\/pages\/1566","targetHints":{"allow":["GET"]}}],"collection":[{"href":"https:\/\/lynden.co.mz\/pt-pt\/wp-json\/wp\/v2\/pages"}],"about":[{"href":"https:\/\/lynden.co.mz\/pt-pt\/wp-json\/wp\/v2\/types\/page"}],"author":[{"embeddable":true,"href":"https:\/\/lynden.co.mz\/pt-pt\/wp-json\/wp\/v2\/users\/6"}],"replies":[{"embeddable":true,"href":"https:\/\/lynden.co.mz\/pt-pt\/wp-json\/wp\/v2\/comments?post=1566"}],"version-history":[{"count":4,"href":"https:\/\/lynden.co.mz\/pt-pt\/wp-json\/wp\/v2\/pages\/1566\/revisions"}],"predecessor-version":[{"id":1578,"href":"https:\/\/lynden.co.mz\/pt-pt\/wp-json\/wp\/v2\/pages\/1566\/revisions\/1578"}],"wp:attachment":[{"href":"https:\/\/lynden.co.mz\/pt-pt\/wp-json\/wp\/v2\/media?parent=1566"}],"curies":[{"name":"wp","href":"https:\/\/api.w.org\/{rel}","templated":true}]}}