{"id":2245,"date":"2023-09-07T04:37:50","date_gmt":"2023-09-07T02:37:50","guid":{"rendered":"https:\/\/lynden.co.mz\/2023-2\/"},"modified":"2025-07-15T13:06:53","modified_gmt":"2025-07-15T11:06:53","slug":"2023-2","status":"publish","type":"page","link":"https:\/\/lynden.co.mz\/pt-pt\/","title":{"rendered":"PT 2023"},"content":{"rendered":"<div class=\"row gutter k-equal-height\">\n<div class=\"col-lg-12\"><div id=\"slider-KGdVlm70mMU4\" class=\"carousel slide clear-margins\" data-ride=\"carousel\" data-interval=\"10000\"><div class=\"carousel-inner\"><div class=\"item active\"><img decoding=\"async\" src=\"http:\/\/lynden.co.mz\/wp-content\/uploads\/2023\/10\/LLS-Slide-02.png\" alt=\"\" \/><div class=\"k-carousel-caption pos-c-full scheme-light\"><div class=\"caption-content\"><p>Lynden has an extensive track record in providing tailored language training for corporate teams in Mozambique<\/p><\/div><\/div><\/div><div class=\"item\"><img decoding=\"async\" src=\"http:\/\/lynden.co.mz\/wp-content\/uploads\/2023\/10\/LLS-Slide-00-1.png\" alt=\"Template\" \/><div class=\"k-carousel-caption pos-c-full scheme-light\"><div class=\"caption-content\"><h3 class=\"caption-title title-giant remove-margin-top\">Template<\/h3><p>Template<\/p><\/div><\/div><\/div><div class=\"item\"><img decoding=\"async\" src=\"http:\/\/lynden.co.mz\/wp-content\/uploads\/2023\/10\/LLS-Slide-01-2.png\" alt=\"33 years! and waiting to welcome you!\" \/><div class=\"k-carousel-caption pos-c-full scheme-light\"><div class=\"caption-content\"><h3 class=\"caption-title title-giant remove-margin-top\">33 years! and waiting to welcome you!<\/h3><\/div><\/div><\/div><div class=\"item\"><img decoding=\"async\" src=\"http:\/\/lynden.co.mz\/wp-content\/uploads\/2023\/10\/LLS-Slide-3.png\" alt=\"\" \/><\/div><div class=\"item\"><a href=\"https:\/\/lynden.co.mz\/exam-preparation\/\" title=\"https:\/\/lynden.co.mz\/exam-preparation\/\"><img decoding=\"async\" src=\"http:\/\/lynden.co.mz\/wp-content\/uploads\/2023\/10\/LLS-Slide-4-1.png\" alt=\"\" \/><\/a><div class=\"k-carousel-caption pos-c-full scheme-dark\"><div class=\"caption-content\"><p>Lynden is an official Cambridge Exam Preparation Centre.\r\nPrepare with us, and get the most out of your international exam!<\/p><\/div><\/div><\/div><div class=\"item\"><a href=\"https:\/\/lynden.co.mz\/general-english-public-courses\/\" title=\"https:\/\/lynden.co.mz\/general-english-public-courses\/\"><img decoding=\"async\" src=\"http:\/\/lynden.co.mz\/wp-content\/uploads\/2023\/10\/LLS-Slide-5.png\" alt=\"\" \/><\/a><div class=\"k-carousel-caption pos-c-full scheme-dark\"><div class=\"caption-content\"><p>We operate all levels simultaneously over the year from Elementary to Advanced. General English is given in open group courses at our school, or online. <\/p><\/div><\/div><\/div><div class=\"item\"><a href=\"https:\/\/lynden.co.mz\/kids\/\" title=\"https:\/\/lynden.co.mz\/kids\/\"><img decoding=\"async\" src=\"http:\/\/lynden.co.mz\/wp-content\/uploads\/2023\/10\/LLS-Slide-7.png\" alt=\"\" \/><\/a><\/div><div class=\"item\"><a href=\"https:\/\/www.instagram.com\/lyndenlanguage\/\" title=\"https:\/\/www.instagram.com\/lyndenlanguage\/\"><img decoding=\"async\" src=\"http:\/\/lynden.co.mz\/wp-content\/uploads\/2023\/10\/29ab1f88-3bb3-481f-a7df-493c92f851ca.jpg\" alt=\"\" \/><\/a><\/div><div class=\"item\"><a href=\"https:\/\/lynden.co.mz\/excel-skills\/\" title=\"https:\/\/lynden.co.mz\/excel-skills\/\"><img decoding=\"async\" src=\"http:\/\/lynden.co.mz\/wp-content\/uploads\/2023\/12\/LLS-Slide-8.png\" alt=\"\" \/><\/a><\/div><\/div><a class=\"left carousel-control\" href=\"#slider-KGdVlm70mMU4\" data-slide=\"prev\"><i class=\"fa fa-chevron-left\"><\/i><\/a><a class=\"right carousel-control\" href=\"#slider-KGdVlm70mMU4\" data-slide=\"next\"><i class=\"fa fa-chevron-right\"><\/i><\/a><\/div>\n<div class=\"gap40\"><\/div>\n<\/div>\n<\/div>\n\n\n<div class=\"row gutter k-equal-height\">\n<div class=\"col-lg-8 col-md-8 col-sm-8 col-xs-12\">\n<blockquote><p>Lynden fornece solu\u00e7\u00f5es para todas as suas necessidades lingu\u00edsticas e de comunica\u00e7\u00e3o. Activo no mercado mo\u00e7ambicano desde 1991, Lynden tem uma vasta experi\u00eancia, desde conhecimentos lingu\u00edsticos gerais e aplicados, at\u00e9 solu\u00e7\u00f5es de forma\u00e7\u00e3o corporativa para o seu neg\u00f3cio.<\/p><\/blockquote>\n<\/div>\n<div class=\"col-lg-4 col-md-4 col-sm-4 col-xs-12\">\n<div class=\"nb\"><h5><span style=\"color: #ffffff;\">Boletim<\/span><\/h5>\n<div class=\"gap20\"><\/div>\n<div class=\"alert alert-danger\">No entries found!<\/div>\n<\/div>\n<\/div>\n<\/div>\n<div class=\"row gutter k-equal-height\">\n<div class=\"col-lg-4 col-md-4 col-sm-4 col-xs-12\"><h5  style=\"color:#66ff66;\">Ingl\u00eas geral<\/h5>\n<div id=\"slider-CtK52KlNgUhk\" class=\"carousel slide utabm\" data-ride=\"carousel\" data-interval=\"6000\">\n<ol class=\"carousel-indicators\">\n<li data-target=\"#slider-CtK52KlNgUhk\" data-slide-to=\"0\" class=\"active\"><\/li>\n<\/ol>\n<div class=\"carousel-inner\">\n<div class=\"item active\"><img decoding=\"async\" src=\"http:\/\/lynden.co.mz\/wp-content\/uploads\/2023\/07\/e4dd067e-93aa-4401-8e5a-9c52a6ca5d51.jpg\" alt=\"\" \/><\/div>\n<\/div>\n<p><a class=\"left carousel-control\" href=\"#slider-CtK52KlNgUhk\" data-slide=\"prev\"><i class=\"fa fa-chevron-left\"><\/i><\/a><a class=\"right carousel-control\" href=\"#slider-CtK52KlNgUhk\" data-slide=\"next\"><i class=\"fa fa-chevron-right\"><\/i><\/a><\/div>\n<p><a href=\"\/?page_id=863\" target=\"_self\" class=\"btn btn-geneng btn-lg\">Cursos de Ingl\u00eas Geral<\/a><\/p>\n<div class=\"gap5\"><\/div>\n<p>Os cursos de ingl\u00eas geral abrangem todos os n\u00edveis, desde o iniciante at\u00e9 ao avan\u00e7ado. Os cursos iniciam ao longo do ano, dependendo das inscri\u00e7\u00f5es. <\/p>\n<div class=\"gap5\"><\/div>\n<p><a href=\"\/?page_id=1098\" target=\"_self\" class=\"btn btn-geneng btn-md\">Prepara\u00e7\u00e3o Exames<\/a><\/p>\n<div class=\"gap10\"><\/div>\n<h5>Compet\u00eancias Espec\u00edficas<\/h5>\n<p>Todas as nossas forma\u00e7\u00f5es de compet\u00eancias espec\u00edficas, podem ser ministrados como cursos aut\u00f3nomos (em ingl\u00eas ou portugu\u00eas) ou como complemento de um programa de forma\u00e7\u00e3o lingu\u00edstica.<\/p>\n<div class=\"gap5\"><\/div>\n<p><a href=\"\/?page_id=991\" target=\"_self\" class=\"btn btn-geneng btn-md\">Study Skills<\/a><\/p>\n<div class=\"gap5\"><\/div>\n<p><a href=\"\/presentation-skills\" target=\"_self\" class=\"btn btn-geneng btn-md\">Presentation Skills<\/a><\/p>\n<div class=\"gap5\"><\/div>\n<p><a href=\"\/negotiation-skills\" target=\"_self\" class=\"btn btn-geneng btn-md\">Negotiation Skills<\/a><\/p>\n<div class=\"gap5\"><\/div>\n<p><a href=\"\/writing-skills\" target=\"_self\" class=\"btn btn-geneng btn-md\">Writing Skills<\/a><\/p>\n<div class=\"gap5\"><\/div>\n<div class=\"gap20\"><\/div>\n<p>Contacte-nos agora, para uma avalia\u00e7\u00e3o de n\u00edvel (gratuita) para come\u00e7ar a melhorar as suas habilidades lingu\u00edstacas.<\/p>\n<div class=\"gap10\"><\/div>\n<p><a href=\"\/?page_id=931\" target=\"_self\" class=\"btn btn-pricing btn-md\"><i class=\"fa fa-list-alt\"><\/i> &nbsp; Solicita uma Avalia\u00e7\u00e3o<\/a><\/p>\n<div class=\"gap20\"><\/div>\n<\/div>\n<div class=\"col-lg-4 col-md-4 col-sm-4 col-xs-12\"><h5>Ensino Corporativo<\/h5>\n<div id=\"slider-1l41IGoE0S5I\" class=\"carousel slide utabm carousel-fade\" data-ride=\"carousel\" data-interval=\"6000\">\n<ol class=\"carousel-indicators\">\n<li data-target=\"#slider-1l41IGoE0S5I\" data-slide-to=\"0\" class=\"active\"><\/li>\n<li data-target=\"#slider-1l41IGoE0S5I\" data-slide-to=\"1\"><\/li>\n<li data-target=\"#slider-1l41IGoE0S5I\" data-slide-to=\"2\"><\/li>\n<li data-target=\"#slider-1l41IGoE0S5I\" data-slide-to=\"3\"><\/li>\n<li data-target=\"#slider-1l41IGoE0S5I\" data-slide-to=\"4\"><\/li>\n<li data-target=\"#slider-1l41IGoE0S5I\" data-slide-to=\"5\"><\/li>\n<\/ol>\n<div class=\"carousel-inner\">\n<div class=\"item active\"><img decoding=\"async\" src=\"http:\/\/lynden.co.mz\/wp-content\/uploads\/2023\/05\/LLS-OXFAM-01.png\" alt=\"OXFAM Mo\u00e7ambique \" \/><\/p>\n<div class=\"k-carousel-caption pos-c-full scheme-dark\">\n<div class=\"caption-content\">\n<h3 class=\"caption-title remove-margin-top\">OXFAM Mo\u00e7ambique <\/h3>\n<p>&quot;The working relationship with Lynden has been professional and reliable. Lynden is always available to look at the needs of the students, and adapt content or develop specific courses if needed. The teachers have a high level of professionalism and are very experienced. Classes are interesting and motivating.&quot;\n<\/p>\n<\/div>\n<\/div>\n<\/div>\n<div class=\"item\"><img decoding=\"async\" src=\"http:\/\/lynden.co.mz\/wp-content\/uploads\/2023\/05\/LLS-PIMENTA-01.png\" alt=\"Pimenta e Associados\" \/><\/p>\n<div class=\"k-carousel-caption pos-c-full scheme-dark\">\n<div class=\"caption-content\">\n<h3 class=\"caption-title remove-margin-top\">Pimenta e Associados<\/h3>\n<p>&quot;Over the years, Lynden has proven to be reliable and trustworthy. The teachers are highly professional. They use a communicative and engaging methodology and attend to the specific needs of the students.&quot;<\/p>\n<\/div>\n<\/div>\n<\/div>\n<div class=\"item\"><img decoding=\"async\" src=\"http:\/\/lynden.co.mz\/wp-content\/uploads\/2023\/05\/LLS-SCDS-1.png\" alt=\"SCDS\" \/><\/p>\n<div class=\"k-carousel-caption pos-c-full scheme-dark\">\n<div class=\"caption-content\">\n<h3 class=\"caption-title remove-margin-top\">SCDS<\/h3>\n<p>&quot;Classes are engaging and the teachers are professional and experienced. Lynden had shown to be dependable and flexible, both in scheduling classes as well as in adapting content to the needs of the students.&quot;<\/p>\n<\/div>\n<\/div>\n<\/div>\n<div class=\"item\"><img decoding=\"async\" src=\"http:\/\/lynden.co.mz\/wp-content\/uploads\/2023\/05\/LLS-HEINEKEN-01.png\" alt=\"HEINEKEN MOZAMBIQUE\" \/><\/p>\n<div class=\"k-carousel-caption pos-c-full scheme-dark\">\n<div class=\"caption-content\">\n<h3 class=\"caption-title remove-margin-top\">HEINEKEN MOZAMBIQUE<\/h3>\n<p>&quot;Lynden has been very flexible in accommodating our work schedule along with the training. The quality of the training has been very good and effective and the trainers very knowledgeable. Classes are engaging, useful and communicative.&quot;<\/p>\n<\/div>\n<\/div>\n<\/div>\n<div class=\"item\"><img decoding=\"async\" src=\"http:\/\/lynden.co.mz\/wp-content\/uploads\/2023\/05\/LLS-FAO-01.png\" alt=\"FAO\" \/><\/p>\n<div class=\"k-carousel-caption pos-c-full scheme-dark\">\n<div class=\"caption-content\">\n<h3 class=\"caption-title remove-margin-top\">FAO<\/h3>\n<p>&quot;A qualidade de ensino prestado \u00e9 de qualidade, e as rela\u00e7\u00f5es comercias s\u00e3o profissionais.&quot;<\/p>\n<\/div>\n<\/div>\n<\/div>\n<div class=\"item\"><img decoding=\"async\" src=\"http:\/\/lynden.co.mz\/wp-content\/uploads\/2023\/05\/LLS-ABT-2.png\" alt=\"ABT Associates\" \/><\/p>\n<div class=\"k-carousel-caption pos-c-full scheme-dark\">\n<div class=\"caption-content\">\n<h3 class=\"caption-title remove-margin-top\">ABT Associates<\/h3>\n<p>&quot;Lynden has been professional and reliable in their service. They have a flexible attitude and are always available to adapt teaching hours, as well as content to best serve the requirements of the students. Classes are given by highly qualified, experienced teachers.&quot;<\/p>\n<\/div>\n<\/div>\n<\/div>\n<\/div>\n<p><a class=\"left carousel-control\" href=\"#slider-1l41IGoE0S5I\" data-slide=\"prev\"><i class=\"fa fa-chevron-left\"><\/i><\/a><a class=\"right carousel-control\" href=\"#slider-1l41IGoE0S5I\" data-slide=\"next\"><i class=\"fa fa-chevron-right\"><\/i><\/a><\/div>\n<p><a href=\"\/?page_id=549\" target=\"_self\" class=\"btn btn-corp btn-lg\">Ingl\u00eas para neg\u00f3cios<\/a><\/p>\n<div class=\"gap20\"><\/div>\n<p>Comunicar-se de forma eficaz e coerente \u00e9 a chave para o sucesso no mundo de neg\u00f3cios nos \u00faltimos tempos, e \u00e9 nessa perspectiva que a Lynden oferece cursos desnhados especificamente para responder as necessidades das empresas Mo\u00e7ambicanas.<\/p>\n<div class=\"gap10\"><\/div>\n<p><a href=\"\/?page_id=1557\" target=\"_self\" class=\"btn btn-corp btn-md\">Cursos de Atendimento ao Cliente<\/a><\/p>\n<div class=\"gap5\"><\/div>\n<p><a href=\"\/?page_id=1386\" target=\"_self\" class=\"btn btn-corp btn-md\">Forma\u00e7\u00e3o Intercultural<\/a><\/p>\n<div class=\"gap5\"><\/div>\n<p><a href=\"\/pt-pt\/cultura-organizacional\" target=\"_self\" class=\"btn btn-corp btn-md\">Cultura Organizacional<\/a><\/p>\n<div class=\"gap5\"><\/div>\n<p><a href=\"\/pt-pt\/competencias-de-apresentacao\/\" target=\"_self\" class=\"btn btn-corp btn-md\">Compet\u00eancias de Apresenta\u00e7\u00e3o<\/a><\/p>\n<div class=\"gap5\"><\/div>\n<div class=\"gap5\"><\/div>\n<p><a href=\"\/pt-pt\/excel-skills\/\" target=\"_self\" class=\"btn btn-corp btn-md\">Cursos de Excel<\/a><\/p>\n<div class=\"gap5\"><\/div>\n<p><a href=\"\/negotiation-skills-and-strategies\" target=\"_self\" class=\"btn btn-corp btn-md\">Negotiation Skills and Strategies<\/a><\/p>\n<div class=\"gap5\"><\/div>\n<p><a href=\"\/?page_id=1376\" target=\"_self\" class=\"btn btn-pt btn-md\">Portuguese for International Staff<\/a><\/p>\n<div class=\"gap20\"><\/div>\n<p>Oferecemos pre\u00e7os altamente competitivos, por hora. Os cursos podem ser ministrados na nossa Escola, online ou presencial. Os hor\u00e1rios s\u00e3o flex\u00edveis de modo a satisfazer as necessidades dos nossos Clientes.<\/p>\n<div class=\"gap10\"><\/div>\n<\/div>\n<div class=\"col-lg-4 col-md-4 col-sm-4 col-xs-12\">\n<div class=\"nb\"><div class=\"alert alert-danger\">No entries found!<\/div><\/div>\n<\/div>\n<\/div>\n\n\n<div class=\"gap30\"><\/div>\n","protected":false},"excerpt":{"rendered":"","protected":false},"author":7,"featured_media":0,"parent":0,"menu_order":0,"comment_status":"closed","ping_status":"closed","template":"page-fullwidth.php","meta":{"jetpack_post_was_ever_published":false,"footnotes":""},"class_list":["post-2245","page","type-page","status-publish","hentry"],"yoast_head":"<!-- This site is optimized with the Yoast SEO plugin v27.4 - https:\/\/yoast.com\/product\/yoast-seo-wordpress\/ -->\n<title>PT 2023 - Lynden Language Solutions<\/title>\n<meta name=\"description\" content=\"Lynden provides solutions for all your language and communication needs. Active in the Mozambican market for over 33 years Lynden has a wide range of experience, from general and applied language skills, to corporate training solutions for your business.\" \/>\n<meta name=\"robots\" content=\"index, follow, max-snippet:-1, max-image-preview:large, max-video-preview:-1\" \/>\n<link rel=\"canonical\" href=\"https:\/\/lynden.co.mz\/pt-pt\/\" \/>\n<meta property=\"og:locale\" content=\"pt_PT\" \/>\n<meta property=\"og:type\" content=\"article\" \/>\n<meta property=\"og:title\" content=\"PT 2023 - Lynden Language Solutions\" \/>\n<meta property=\"og:description\" content=\"Lynden provides solutions for all your language and communication needs. Active in the Mozambican market for over 33 years Lynden has a wide range of experience, from general and applied language skills, to corporate training solutions for your business.\" \/>\n<meta property=\"og:url\" content=\"https:\/\/lynden.co.mz\/pt-pt\/\" \/>\n<meta property=\"og:site_name\" content=\"Lynden Language Solutions\" \/>\n<meta property=\"article:modified_time\" content=\"2025-07-15T11:06:53+00:00\" \/>\n<meta name=\"twitter:card\" content=\"summary_large_image\" \/>\n<meta name=\"twitter:label1\" content=\"Tempo estimado de leitura\" \/>\n\t<meta name=\"twitter:data1\" content=\"1 minuto\" \/>\n<script type=\"application\/ld+json\" class=\"yoast-schema-graph\">{\"@context\":\"https:\\\/\\\/schema.org\",\"@graph\":[{\"@type\":\"WebPage\",\"@id\":\"https:\\\/\\\/lynden.co.mz\\\/pt-pt\\\/\",\"url\":\"https:\\\/\\\/lynden.co.mz\\\/pt-pt\\\/\",\"name\":\"PT 2023 - Lynden Language Solutions\",\"isPartOf\":{\"@id\":\"https:\\\/\\\/lynden.co.mz\\\/pt-pt\\\/#website\"},\"datePublished\":\"2023-09-07T02:37:50+00:00\",\"dateModified\":\"2025-07-15T11:06:53+00:00\",\"description\":\"Lynden provides solutions for all your language and communication needs. Active in the Mozambican market for over 33 years Lynden has a wide range of experience, from general and applied language skills, to corporate training solutions for your business.\",\"breadcrumb\":{\"@id\":\"https:\\\/\\\/lynden.co.mz\\\/pt-pt\\\/#breadcrumb\"},\"inLanguage\":\"pt-PT\",\"potentialAction\":[{\"@type\":\"ReadAction\",\"target\":[\"https:\\\/\\\/lynden.co.mz\\\/pt-pt\\\/\"]}]},{\"@type\":\"BreadcrumbList\",\"@id\":\"https:\\\/\\\/lynden.co.mz\\\/pt-pt\\\/#breadcrumb\",\"itemListElement\":[{\"@type\":\"ListItem\",\"position\":1,\"name\":\"Home\",\"item\":\"https:\\\/\\\/lynden.co.mz\\\/pt-pt\\\/\"},{\"@type\":\"ListItem\",\"position\":2,\"name\":\"PT 2023\"}]},{\"@type\":\"WebSite\",\"@id\":\"https:\\\/\\\/lynden.co.mz\\\/pt-pt\\\/#website\",\"url\":\"https:\\\/\\\/lynden.co.mz\\\/pt-pt\\\/\",\"name\":\"Lynden Language Solutions\",\"description\":\"Tailored language solutions for maximised learning.\",\"potentialAction\":[{\"@type\":\"SearchAction\",\"target\":{\"@type\":\"EntryPoint\",\"urlTemplate\":\"https:\\\/\\\/lynden.co.mz\\\/pt-pt\\\/?s={search_term_string}\"},\"query-input\":{\"@type\":\"PropertyValueSpecification\",\"valueRequired\":true,\"valueName\":\"search_term_string\"}}],\"inLanguage\":\"pt-PT\"}]}<\/script>\n<!-- \/ Yoast SEO plugin. -->","yoast_head_json":{"title":"PT 2023 - Lynden Language Solutions","description":"Lynden provides solutions for all your language and communication needs. Active in the Mozambican market for over 33 years Lynden has a wide range of experience, from general and applied language skills, to corporate training solutions for your business.","robots":{"index":"index","follow":"follow","max-snippet":"max-snippet:-1","max-image-preview":"max-image-preview:large","max-video-preview":"max-video-preview:-1"},"canonical":"https:\/\/lynden.co.mz\/pt-pt\/","og_locale":"pt_PT","og_type":"article","og_title":"PT 2023 - Lynden Language Solutions","og_description":"Lynden provides solutions for all your language and communication needs. Active in the Mozambican market for over 33 years Lynden has a wide range of experience, from general and applied language skills, to corporate training solutions for your business.","og_url":"https:\/\/lynden.co.mz\/pt-pt\/","og_site_name":"Lynden Language Solutions","article_modified_time":"2025-07-15T11:06:53+00:00","twitter_card":"summary_large_image","twitter_misc":{"Tempo estimado de leitura":"1 minuto"},"schema":{"@context":"https:\/\/schema.org","@graph":[{"@type":"WebPage","@id":"https:\/\/lynden.co.mz\/pt-pt\/","url":"https:\/\/lynden.co.mz\/pt-pt\/","name":"PT 2023 - Lynden Language Solutions","isPartOf":{"@id":"https:\/\/lynden.co.mz\/pt-pt\/#website"},"datePublished":"2023-09-07T02:37:50+00:00","dateModified":"2025-07-15T11:06:53+00:00","description":"Lynden provides solutions for all your language and communication needs. Active in the Mozambican market for over 33 years Lynden has a wide range of experience, from general and applied language skills, to corporate training solutions for your business.","breadcrumb":{"@id":"https:\/\/lynden.co.mz\/pt-pt\/#breadcrumb"},"inLanguage":"pt-PT","potentialAction":[{"@type":"ReadAction","target":["https:\/\/lynden.co.mz\/pt-pt\/"]}]},{"@type":"BreadcrumbList","@id":"https:\/\/lynden.co.mz\/pt-pt\/#breadcrumb","itemListElement":[{"@type":"ListItem","position":1,"name":"Home","item":"https:\/\/lynden.co.mz\/pt-pt\/"},{"@type":"ListItem","position":2,"name":"PT 2023"}]},{"@type":"WebSite","@id":"https:\/\/lynden.co.mz\/pt-pt\/#website","url":"https:\/\/lynden.co.mz\/pt-pt\/","name":"Lynden Language Solutions","description":"Tailored language solutions for maximised learning.","potentialAction":[{"@type":"SearchAction","target":{"@type":"EntryPoint","urlTemplate":"https:\/\/lynden.co.mz\/pt-pt\/?s={search_term_string}"},"query-input":{"@type":"PropertyValueSpecification","valueRequired":true,"valueName":"search_term_string"}}],"inLanguage":"pt-PT"}]}},"jetpack_sharing_enabled":true,"jetpack_shortlink":"https:\/\/wp.me\/P8lW95-Ad","_links":{"self":[{"href":"https:\/\/lynden.co.mz\/pt-pt\/wp-json\/wp\/v2\/pages\/2245","targetHints":{"allow":["GET"]}}],"collection":[{"href":"https:\/\/lynden.co.mz\/pt-pt\/wp-json\/wp\/v2\/pages"}],"about":[{"href":"https:\/\/lynden.co.mz\/pt-pt\/wp-json\/wp\/v2\/types\/page"}],"author":[{"embeddable":true,"href":"https:\/\/lynden.co.mz\/pt-pt\/wp-json\/wp\/v2\/users\/7"}],"replies":[{"embeddable":true,"href":"https:\/\/lynden.co.mz\/pt-pt\/wp-json\/wp\/v2\/comments?post=2245"}],"version-history":[{"count":6,"href":"https:\/\/lynden.co.mz\/pt-pt\/wp-json\/wp\/v2\/pages\/2245\/revisions"}],"predecessor-version":[{"id":2409,"href":"https:\/\/lynden.co.mz\/pt-pt\/wp-json\/wp\/v2\/pages\/2245\/revisions\/2409"}],"wp:attachment":[{"href":"https:\/\/lynden.co.mz\/pt-pt\/wp-json\/wp\/v2\/media?parent=2245"}],"curies":[{"name":"wp","href":"https:\/\/api.w.org\/{rel}","templated":true}]}}