{"id":2266,"date":"2023-11-19T17:50:28","date_gmt":"2023-11-19T15:50:28","guid":{"rendered":"https:\/\/lynden.co.mz\/?page_id=2266"},"modified":"2023-11-19T17:50:30","modified_gmt":"2023-11-19T15:50:30","slug":"presentation-skills","status":"publish","type":"page","link":"https:\/\/lynden.co.mz\/pt-pt\/presentation-skills\/","title":{"rendered":"Presentation Skills"},"content":{"rendered":"<div class=\"row gutter k-equal-height\">\n<blockquote><p>Communicate confidently and competently to all types of audiences.<\/p><\/blockquote>\n<\/div>\n\n\n<div class=\"row gutter k-equal-height\">\n<div class=\"col-lg-4 col-md-4 col-sm-4 col-xs-12\">\n<img decoding=\"async\" class=\"alignnone size-full wp-image-2090\" src=\"http:\/\/lynden.co.mz\/wp-content\/uploads\/2023\/10\/LLS-Presentation-Skills.png\" alt=\"\" ><\/p>\n<div class=\"gap10\"><\/div>\n<\/div>\n<div class=\"col-lg-4 col-md-4 col-sm-4 col-xs-12\">\n<h5>Presentation Skills Programme<\/h5>\n<p>Programmes are adapted to your specific needs, on an individual or team basis. Content includes use of effective language, structure of the presentation, optimum use of voice and gestures to create a lasting impression, as well as a variety of public speaking styles, ranging from a formal speech to a casual meeting or conversation.<br \/>\n<div class=\"gap10\"><\/div>\n<\/div>\n<div class=\"col-lg-4 col-md-4 col-sm-4 col-xs-12\">\n<h5>Compet\u00eancias Espec\u00edficas<\/h5>\n<p>Todas as nossas forma\u00e7\u00f5es de compet\u00eancias espec\u00edficas, podem ser ministrados como cursos aut\u00f3nomos (em ingl\u00eas ou portugu\u00eas) ou como complemento de um programa de forma\u00e7\u00e3o lingu\u00edstica.<\/p>\n<div class=\"gap5\"><\/div>\n<p><a href=\"\/?page_id=991\" target=\"_self\" class=\"btn btn-geneng btn-md\">Study Skills<\/a><\/p>\n<div class=\"gap5\"><\/div>\n<p><a href=\"\/presentation-skills\" target=\"_self\" class=\"btn btn-geneng btn-md\">Presentation Skills<\/a><\/p>\n<div class=\"gap5\"><\/div>\n<p><a href=\"\/negotiation-skills\" target=\"_self\" class=\"btn btn-geneng btn-md\">Negotiation Skills<\/a><\/p>\n<div class=\"gap5\"><\/div>\n<p><a href=\"\/writing-skills\" target=\"_self\" class=\"btn btn-geneng btn-md\">Writing Skills<\/a><\/p>\n<div class=\"gap5\"><\/div>\n<div class=\"gap20\"><\/div>\n<p>Contacte-nos agora, para uma avalia\u00e7\u00e3o de n\u00edvel (gratuita) para come\u00e7ar a melhorar as suas habilidades lingu\u00edstacas.<\/p>\n<div class=\"gap10\"><\/div>\n<p><a href=\"\/?page_id=931\" target=\"_self\" class=\"btn btn-pricing btn-md\"><i class=\"fa fa-list-alt\"><\/i> &nbsp; Solicita uma Avalia\u00e7\u00e3o<\/a><\/p>\n<div class=\"gap20\"><\/div>\n<br \/>\n<a href=\"\/?page_id=39\" target=\"_self\" class=\"btn btn-default btn-sm\"><i class=\"fa fa-envelope-o\"><\/i> &nbsp; Contact us<\/a>\n<div class=\"gap30\"><\/div>\n<\/div>\n<\/div>\n","protected":false},"excerpt":{"rendered":"","protected":false},"author":7,"featured_media":0,"parent":0,"menu_order":0,"comment_status":"closed","ping_status":"closed","template":"page-fullwidth.php","meta":{"jetpack_post_was_ever_published":false,"footnotes":""},"class_list":["post-2266","page","type-page","status-publish","hentry"],"yoast_head":"<!-- This site is optimized with the Yoast SEO plugin v27.4 - https:\/\/yoast.com\/product\/yoast-seo-wordpress\/ -->\n<title>Presentation Skills - Lynden Language Solutions<\/title>\n<meta name=\"robots\" content=\"index, follow, max-snippet:-1, max-image-preview:large, max-video-preview:-1\" \/>\n<link rel=\"canonical\" href=\"https:\/\/lynden.co.mz\/pt-pt\/presentation-skills\/\" \/>\n<meta property=\"og:locale\" content=\"pt_PT\" \/>\n<meta property=\"og:type\" content=\"article\" \/>\n<meta property=\"og:title\" content=\"Presentation Skills - Lynden Language Solutions\" \/>\n<meta property=\"og:url\" content=\"https:\/\/lynden.co.mz\/pt-pt\/presentation-skills\/\" \/>\n<meta property=\"og:site_name\" content=\"Lynden Language Solutions\" \/>\n<meta property=\"article:modified_time\" content=\"2023-11-19T15:50:30+00:00\" \/>\n<meta property=\"og:image\" content=\"http:\/\/lynden.co.mz\/wp-content\/uploads\/2023\/10\/LLS-Presentation-Skills.png\" \/>\n<meta name=\"twitter:card\" content=\"summary_large_image\" \/>\n<meta name=\"twitter:label1\" content=\"Tempo estimado de leitura\" \/>\n\t<meta name=\"twitter:data1\" content=\"1 minuto\" \/>\n<script type=\"application\/ld+json\" class=\"yoast-schema-graph\">{\"@context\":\"https:\\\/\\\/schema.org\",\"@graph\":[{\"@type\":\"WebPage\",\"@id\":\"https:\\\/\\\/lynden.co.mz\\\/pt-pt\\\/presentation-skills\\\/\",\"url\":\"https:\\\/\\\/lynden.co.mz\\\/pt-pt\\\/presentation-skills\\\/\",\"name\":\"Presentation Skills - Lynden Language Solutions\",\"isPartOf\":{\"@id\":\"https:\\\/\\\/lynden.co.mz\\\/#website\"},\"primaryImageOfPage\":{\"@id\":\"https:\\\/\\\/lynden.co.mz\\\/pt-pt\\\/presentation-skills\\\/#primaryimage\"},\"image\":{\"@id\":\"https:\\\/\\\/lynden.co.mz\\\/pt-pt\\\/presentation-skills\\\/#primaryimage\"},\"thumbnailUrl\":\"http:\\\/\\\/lynden.co.mz\\\/wp-content\\\/uploads\\\/2023\\\/10\\\/LLS-Presentation-Skills.png\",\"datePublished\":\"2023-11-19T15:50:28+00:00\",\"dateModified\":\"2023-11-19T15:50:30+00:00\",\"breadcrumb\":{\"@id\":\"https:\\\/\\\/lynden.co.mz\\\/pt-pt\\\/presentation-skills\\\/#breadcrumb\"},\"inLanguage\":\"pt-PT\",\"potentialAction\":[{\"@type\":\"ReadAction\",\"target\":[\"https:\\\/\\\/lynden.co.mz\\\/pt-pt\\\/presentation-skills\\\/\"]}]},{\"@type\":\"ImageObject\",\"inLanguage\":\"pt-PT\",\"@id\":\"https:\\\/\\\/lynden.co.mz\\\/pt-pt\\\/presentation-skills\\\/#primaryimage\",\"url\":\"http:\\\/\\\/lynden.co.mz\\\/wp-content\\\/uploads\\\/2023\\\/10\\\/LLS-Presentation-Skills.png\",\"contentUrl\":\"http:\\\/\\\/lynden.co.mz\\\/wp-content\\\/uploads\\\/2023\\\/10\\\/LLS-Presentation-Skills.png\"},{\"@type\":\"BreadcrumbList\",\"@id\":\"https:\\\/\\\/lynden.co.mz\\\/pt-pt\\\/presentation-skills\\\/#breadcrumb\",\"itemListElement\":[{\"@type\":\"ListItem\",\"position\":1,\"name\":\"Home\",\"item\":\"https:\\\/\\\/lynden.co.mz\\\/pt-pt\\\/\"},{\"@type\":\"ListItem\",\"position\":2,\"name\":\"Presentation Skills\"}]},{\"@type\":\"WebSite\",\"@id\":\"https:\\\/\\\/lynden.co.mz\\\/#website\",\"url\":\"https:\\\/\\\/lynden.co.mz\\\/\",\"name\":\"Lynden Language Solutions\",\"description\":\"Tailored language solutions for maximised learning.\",\"potentialAction\":[{\"@type\":\"SearchAction\",\"target\":{\"@type\":\"EntryPoint\",\"urlTemplate\":\"https:\\\/\\\/lynden.co.mz\\\/?s={search_term_string}\"},\"query-input\":{\"@type\":\"PropertyValueSpecification\",\"valueRequired\":true,\"valueName\":\"search_term_string\"}}],\"inLanguage\":\"pt-PT\"}]}<\/script>\n<!-- \/ Yoast SEO plugin. -->","yoast_head_json":{"title":"Presentation Skills - Lynden Language Solutions","robots":{"index":"index","follow":"follow","max-snippet":"max-snippet:-1","max-image-preview":"max-image-preview:large","max-video-preview":"max-video-preview:-1"},"canonical":"https:\/\/lynden.co.mz\/pt-pt\/presentation-skills\/","og_locale":"pt_PT","og_type":"article","og_title":"Presentation Skills - Lynden Language Solutions","og_url":"https:\/\/lynden.co.mz\/pt-pt\/presentation-skills\/","og_site_name":"Lynden Language Solutions","article_modified_time":"2023-11-19T15:50:30+00:00","og_image":[{"url":"http:\/\/lynden.co.mz\/wp-content\/uploads\/2023\/10\/LLS-Presentation-Skills.png","type":"","width":"","height":""}],"twitter_card":"summary_large_image","twitter_misc":{"Tempo estimado de leitura":"1 minuto"},"schema":{"@context":"https:\/\/schema.org","@graph":[{"@type":"WebPage","@id":"https:\/\/lynden.co.mz\/pt-pt\/presentation-skills\/","url":"https:\/\/lynden.co.mz\/pt-pt\/presentation-skills\/","name":"Presentation Skills - Lynden Language Solutions","isPartOf":{"@id":"https:\/\/lynden.co.mz\/#website"},"primaryImageOfPage":{"@id":"https:\/\/lynden.co.mz\/pt-pt\/presentation-skills\/#primaryimage"},"image":{"@id":"https:\/\/lynden.co.mz\/pt-pt\/presentation-skills\/#primaryimage"},"thumbnailUrl":"http:\/\/lynden.co.mz\/wp-content\/uploads\/2023\/10\/LLS-Presentation-Skills.png","datePublished":"2023-11-19T15:50:28+00:00","dateModified":"2023-11-19T15:50:30+00:00","breadcrumb":{"@id":"https:\/\/lynden.co.mz\/pt-pt\/presentation-skills\/#breadcrumb"},"inLanguage":"pt-PT","potentialAction":[{"@type":"ReadAction","target":["https:\/\/lynden.co.mz\/pt-pt\/presentation-skills\/"]}]},{"@type":"ImageObject","inLanguage":"pt-PT","@id":"https:\/\/lynden.co.mz\/pt-pt\/presentation-skills\/#primaryimage","url":"http:\/\/lynden.co.mz\/wp-content\/uploads\/2023\/10\/LLS-Presentation-Skills.png","contentUrl":"http:\/\/lynden.co.mz\/wp-content\/uploads\/2023\/10\/LLS-Presentation-Skills.png"},{"@type":"BreadcrumbList","@id":"https:\/\/lynden.co.mz\/pt-pt\/presentation-skills\/#breadcrumb","itemListElement":[{"@type":"ListItem","position":1,"name":"Home","item":"https:\/\/lynden.co.mz\/pt-pt\/"},{"@type":"ListItem","position":2,"name":"Presentation Skills"}]},{"@type":"WebSite","@id":"https:\/\/lynden.co.mz\/#website","url":"https:\/\/lynden.co.mz\/","name":"Lynden Language Solutions","description":"Tailored language solutions for maximised learning.","potentialAction":[{"@type":"SearchAction","target":{"@type":"EntryPoint","urlTemplate":"https:\/\/lynden.co.mz\/?s={search_term_string}"},"query-input":{"@type":"PropertyValueSpecification","valueRequired":true,"valueName":"search_term_string"}}],"inLanguage":"pt-PT"}]}},"jetpack_sharing_enabled":true,"jetpack_shortlink":"https:\/\/wp.me\/P8lW95-Ay","_links":{"self":[{"href":"https:\/\/lynden.co.mz\/pt-pt\/wp-json\/wp\/v2\/pages\/2266","targetHints":{"allow":["GET"]}}],"collection":[{"href":"https:\/\/lynden.co.mz\/pt-pt\/wp-json\/wp\/v2\/pages"}],"about":[{"href":"https:\/\/lynden.co.mz\/pt-pt\/wp-json\/wp\/v2\/types\/page"}],"author":[{"embeddable":true,"href":"https:\/\/lynden.co.mz\/pt-pt\/wp-json\/wp\/v2\/users\/7"}],"replies":[{"embeddable":true,"href":"https:\/\/lynden.co.mz\/pt-pt\/wp-json\/wp\/v2\/comments?post=2266"}],"version-history":[{"count":1,"href":"https:\/\/lynden.co.mz\/pt-pt\/wp-json\/wp\/v2\/pages\/2266\/revisions"}],"predecessor-version":[{"id":2267,"href":"https:\/\/lynden.co.mz\/pt-pt\/wp-json\/wp\/v2\/pages\/2266\/revisions\/2267"}],"wp:attachment":[{"href":"https:\/\/lynden.co.mz\/pt-pt\/wp-json\/wp\/v2\/media?parent=2266"}],"curies":[{"name":"wp","href":"https:\/\/api.w.org\/{rel}","templated":true}]}}