{"id":2268,"date":"2023-11-19T19:30:45","date_gmt":"2023-11-19T17:30:45","guid":{"rendered":"https:\/\/lynden.co.mz\/?page_id=2268"},"modified":"2023-11-19T21:46:39","modified_gmt":"2023-11-19T19:46:39","slug":"competencias-de-apresentacao","status":"publish","type":"page","link":"https:\/\/lynden.co.mz\/pt-pt\/competencias-de-apresentacao\/","title":{"rendered":"Compet\u00eancias de Apresenta\u00e7\u00e3o"},"content":{"rendered":"<div class=\"row gutter k-equal-height\">\n<blockquote><p>Melhore as compet\u00eancias de apresenta\u00e7\u00e3o de neg\u00f3cios de seus funcion\u00e1rios.<\/p><\/blockquote>\n<\/div>\n<div class=\"row gutter k-equal-height\">\n<div class=\"col-lg-4 col-md-4 col-sm-4 col-xs-12\"><div class=\"gap10\"><\/div>\n<h5>Apresentando-se de maneira eficaz<\/h5>\n<p>Oferecemos forma\u00e7\u00e3o em compet\u00eancias de apresenta\u00e7\u00e3o para permitir que voc\u00ea comunique com confian\u00e7a e compet\u00eancia para todo o tipo de p\u00fablico.<\/p>\n<p>Os programas s\u00e3o adaptados \u00e0s suas necessidades espec\u00edficas, individualmente ou em equipe. O conte\u00fado inclui o uso de linguagem eficaz, estrutura da apresenta\u00e7\u00e3o, uso optimizado de voz e gestos para criar uma impress\u00e3o duradoura, bem como uma variedade de estilos de falar em p\u00fablico, desde um discurso formal at\u00e9 uma reuni\u00e3o ou conversa casual.<\/p>\n<div class=\"gap10\"><\/div>\n<\/div>\n<div class=\"col-lg-4 col-md-4 col-sm-4 col-xs-12\">\n<div class=\"gap20\"><\/div><img decoding=\"async\" class=\"alignnone size-full wp-image-1382\" src=\"http:\/\/lynden.co.mz\/wp-content\/uploads\/2023\/10\/LLS-Business-Presentation.png\" ><div class=\"gap10\"><\/div>\nOs cursos podem ser ministrados em ingl\u00eas ou portugu\u00eas, com foco no desenvolvimento de compet\u00eancias. O programa pode incluir uma componente de forma\u00e7\u00e3o lingu\u00edstica.<br \/>\n<\/div>\n<div class=\"col-lg-4 col-md-4 col-sm-4 col-xs-12\">\n<h5>Ensino Corporativo<\/h5>\n<div class=\"gap10\"><\/div>\n<p><a href=\"\/?page_id=1557\" target=\"_self\" class=\"btn btn-corp btn-md\">Cursos de Atendimento ao Cliente<\/a><\/p>\n<div class=\"gap5\"><\/div>\n<p><a href=\"\/?page_id=1386\" target=\"_self\" class=\"btn btn-corp btn-md\">Forma\u00e7\u00e3o Intercultural<\/a><\/p>\n<div class=\"gap5\"><\/div>\n<p><a href=\"\/pt-pt\/cultura-organizacional\" target=\"_self\" class=\"btn btn-corp btn-md\">Cultura Organizacional<\/a><\/p>\n<div class=\"gap5\"><\/div>\n<p><a href=\"\/pt-pt\/competencias-de-apresentacao\/\" target=\"_self\" class=\"btn btn-corp btn-md\">Compet\u00eancias de Apresenta\u00e7\u00e3o<\/a><\/p>\n<div class=\"gap5\"><\/div>\n<div class=\"gap5\"><\/div>\n<p><a href=\"\/pt-pt\/excel-skills\/\" target=\"_self\" class=\"btn btn-corp btn-md\">Cursos de Excel<\/a><\/p>\n<div class=\"gap5\"><\/div>\n<p><a href=\"\/negotiation-skills-and-strategies\" target=\"_self\" class=\"btn btn-corp btn-md\">Negotiation Skills and Strategies<\/a><\/p>\n<div class=\"gap5\"><\/div>\n<p><a href=\"\/?page_id=1376\" target=\"_self\" class=\"btn btn-pt btn-md\">Portuguese for International Staff<\/a><\/p>\n<div class=\"gap20\"><\/div>\n<p>Oferecemos pre\u00e7os altamente competitivos, por hora. Os cursos podem ser ministrados na nossa Escola, online ou presencial. Os hor\u00e1rios s\u00e3o flex\u00edveis de modo a satisfazer as necessidades dos nossos Clientes.<\/p>\n<div class=\"gap10\"><\/div>\n\n<p>Please contact us for more information.<br \/>\n<div class=\"gap10\"><\/div>\n<a href=\"\/?page_id=39\" target=\"_self\" class=\"btn btn-default btn-sm\"><i class=\"fa fa-envelope-o\"><\/i> &nbsp; Contact us<\/a><div class=\"gap30\"><\/div>\n<\/div>\n<\/div>\n","protected":false},"excerpt":{"rendered":"","protected":false},"author":7,"featured_media":0,"parent":0,"menu_order":0,"comment_status":"closed","ping_status":"closed","template":"page-fullwidth.php","meta":{"jetpack_post_was_ever_published":false,"footnotes":""},"class_list":["post-2268","page","type-page","status-publish","hentry"],"yoast_head":"<!-- This site is optimized with the Yoast SEO plugin v27.4 - https:\/\/yoast.com\/product\/yoast-seo-wordpress\/ -->\n<title>Compet\u00eancias de Apresenta\u00e7\u00e3o - Lynden Language Solutions<\/title>\n<meta name=\"robots\" content=\"index, follow, max-snippet:-1, max-image-preview:large, max-video-preview:-1\" \/>\n<link rel=\"canonical\" href=\"https:\/\/lynden.co.mz\/pt-pt\/competencias-de-apresentacao\/\" \/>\n<meta property=\"og:locale\" content=\"pt_PT\" \/>\n<meta property=\"og:type\" content=\"article\" \/>\n<meta property=\"og:title\" content=\"Compet\u00eancias de Apresenta\u00e7\u00e3o - Lynden Language Solutions\" \/>\n<meta property=\"og:url\" content=\"https:\/\/lynden.co.mz\/pt-pt\/competencias-de-apresentacao\/\" \/>\n<meta property=\"og:site_name\" content=\"Lynden Language Solutions\" \/>\n<meta property=\"article:modified_time\" content=\"2023-11-19T19:46:39+00:00\" \/>\n<meta property=\"og:image\" content=\"http:\/\/lynden.co.mz\/wp-content\/uploads\/2023\/10\/LLS-Business-Presentation.png\" \/>\n<meta name=\"twitter:card\" content=\"summary_large_image\" \/>\n<meta name=\"twitter:label1\" content=\"Tempo estimado de leitura\" \/>\n\t<meta name=\"twitter:data1\" content=\"1 minuto\" \/>\n<script type=\"application\/ld+json\" class=\"yoast-schema-graph\">{\"@context\":\"https:\\\/\\\/schema.org\",\"@graph\":[{\"@type\":\"WebPage\",\"@id\":\"https:\\\/\\\/lynden.co.mz\\\/pt-pt\\\/competencias-de-apresentacao\\\/\",\"url\":\"https:\\\/\\\/lynden.co.mz\\\/pt-pt\\\/competencias-de-apresentacao\\\/\",\"name\":\"Compet\u00eancias de Apresenta\u00e7\u00e3o - Lynden Language Solutions\",\"isPartOf\":{\"@id\":\"https:\\\/\\\/lynden.co.mz\\\/#website\"},\"primaryImageOfPage\":{\"@id\":\"https:\\\/\\\/lynden.co.mz\\\/pt-pt\\\/competencias-de-apresentacao\\\/#primaryimage\"},\"image\":{\"@id\":\"https:\\\/\\\/lynden.co.mz\\\/pt-pt\\\/competencias-de-apresentacao\\\/#primaryimage\"},\"thumbnailUrl\":\"http:\\\/\\\/lynden.co.mz\\\/wp-content\\\/uploads\\\/2023\\\/10\\\/LLS-Business-Presentation.png\",\"datePublished\":\"2023-11-19T17:30:45+00:00\",\"dateModified\":\"2023-11-19T19:46:39+00:00\",\"breadcrumb\":{\"@id\":\"https:\\\/\\\/lynden.co.mz\\\/pt-pt\\\/competencias-de-apresentacao\\\/#breadcrumb\"},\"inLanguage\":\"pt-PT\",\"potentialAction\":[{\"@type\":\"ReadAction\",\"target\":[\"https:\\\/\\\/lynden.co.mz\\\/pt-pt\\\/competencias-de-apresentacao\\\/\"]}]},{\"@type\":\"ImageObject\",\"inLanguage\":\"pt-PT\",\"@id\":\"https:\\\/\\\/lynden.co.mz\\\/pt-pt\\\/competencias-de-apresentacao\\\/#primaryimage\",\"url\":\"http:\\\/\\\/lynden.co.mz\\\/wp-content\\\/uploads\\\/2023\\\/10\\\/LLS-Business-Presentation.png\",\"contentUrl\":\"http:\\\/\\\/lynden.co.mz\\\/wp-content\\\/uploads\\\/2023\\\/10\\\/LLS-Business-Presentation.png\"},{\"@type\":\"BreadcrumbList\",\"@id\":\"https:\\\/\\\/lynden.co.mz\\\/pt-pt\\\/competencias-de-apresentacao\\\/#breadcrumb\",\"itemListElement\":[{\"@type\":\"ListItem\",\"position\":1,\"name\":\"Home\",\"item\":\"https:\\\/\\\/lynden.co.mz\\\/pt-pt\\\/\"},{\"@type\":\"ListItem\",\"position\":2,\"name\":\"Compet\u00eancias de Apresenta\u00e7\u00e3o\"}]},{\"@type\":\"WebSite\",\"@id\":\"https:\\\/\\\/lynden.co.mz\\\/#website\",\"url\":\"https:\\\/\\\/lynden.co.mz\\\/\",\"name\":\"Lynden Language Solutions\",\"description\":\"Tailored language solutions for maximised learning.\",\"potentialAction\":[{\"@type\":\"SearchAction\",\"target\":{\"@type\":\"EntryPoint\",\"urlTemplate\":\"https:\\\/\\\/lynden.co.mz\\\/?s={search_term_string}\"},\"query-input\":{\"@type\":\"PropertyValueSpecification\",\"valueRequired\":true,\"valueName\":\"search_term_string\"}}],\"inLanguage\":\"pt-PT\"}]}<\/script>\n<!-- \/ Yoast SEO plugin. -->","yoast_head_json":{"title":"Compet\u00eancias de Apresenta\u00e7\u00e3o - Lynden Language Solutions","robots":{"index":"index","follow":"follow","max-snippet":"max-snippet:-1","max-image-preview":"max-image-preview:large","max-video-preview":"max-video-preview:-1"},"canonical":"https:\/\/lynden.co.mz\/pt-pt\/competencias-de-apresentacao\/","og_locale":"pt_PT","og_type":"article","og_title":"Compet\u00eancias de Apresenta\u00e7\u00e3o - Lynden Language Solutions","og_url":"https:\/\/lynden.co.mz\/pt-pt\/competencias-de-apresentacao\/","og_site_name":"Lynden Language Solutions","article_modified_time":"2023-11-19T19:46:39+00:00","og_image":[{"url":"http:\/\/lynden.co.mz\/wp-content\/uploads\/2023\/10\/LLS-Business-Presentation.png","type":"","width":"","height":""}],"twitter_card":"summary_large_image","twitter_misc":{"Tempo estimado de leitura":"1 minuto"},"schema":{"@context":"https:\/\/schema.org","@graph":[{"@type":"WebPage","@id":"https:\/\/lynden.co.mz\/pt-pt\/competencias-de-apresentacao\/","url":"https:\/\/lynden.co.mz\/pt-pt\/competencias-de-apresentacao\/","name":"Compet\u00eancias de Apresenta\u00e7\u00e3o - Lynden Language Solutions","isPartOf":{"@id":"https:\/\/lynden.co.mz\/#website"},"primaryImageOfPage":{"@id":"https:\/\/lynden.co.mz\/pt-pt\/competencias-de-apresentacao\/#primaryimage"},"image":{"@id":"https:\/\/lynden.co.mz\/pt-pt\/competencias-de-apresentacao\/#primaryimage"},"thumbnailUrl":"http:\/\/lynden.co.mz\/wp-content\/uploads\/2023\/10\/LLS-Business-Presentation.png","datePublished":"2023-11-19T17:30:45+00:00","dateModified":"2023-11-19T19:46:39+00:00","breadcrumb":{"@id":"https:\/\/lynden.co.mz\/pt-pt\/competencias-de-apresentacao\/#breadcrumb"},"inLanguage":"pt-PT","potentialAction":[{"@type":"ReadAction","target":["https:\/\/lynden.co.mz\/pt-pt\/competencias-de-apresentacao\/"]}]},{"@type":"ImageObject","inLanguage":"pt-PT","@id":"https:\/\/lynden.co.mz\/pt-pt\/competencias-de-apresentacao\/#primaryimage","url":"http:\/\/lynden.co.mz\/wp-content\/uploads\/2023\/10\/LLS-Business-Presentation.png","contentUrl":"http:\/\/lynden.co.mz\/wp-content\/uploads\/2023\/10\/LLS-Business-Presentation.png"},{"@type":"BreadcrumbList","@id":"https:\/\/lynden.co.mz\/pt-pt\/competencias-de-apresentacao\/#breadcrumb","itemListElement":[{"@type":"ListItem","position":1,"name":"Home","item":"https:\/\/lynden.co.mz\/pt-pt\/"},{"@type":"ListItem","position":2,"name":"Compet\u00eancias de Apresenta\u00e7\u00e3o"}]},{"@type":"WebSite","@id":"https:\/\/lynden.co.mz\/#website","url":"https:\/\/lynden.co.mz\/","name":"Lynden Language Solutions","description":"Tailored language solutions for maximised learning.","potentialAction":[{"@type":"SearchAction","target":{"@type":"EntryPoint","urlTemplate":"https:\/\/lynden.co.mz\/?s={search_term_string}"},"query-input":{"@type":"PropertyValueSpecification","valueRequired":true,"valueName":"search_term_string"}}],"inLanguage":"pt-PT"}]}},"jetpack_sharing_enabled":true,"jetpack_shortlink":"https:\/\/wp.me\/P8lW95-AA","_links":{"self":[{"href":"https:\/\/lynden.co.mz\/pt-pt\/wp-json\/wp\/v2\/pages\/2268","targetHints":{"allow":["GET"]}}],"collection":[{"href":"https:\/\/lynden.co.mz\/pt-pt\/wp-json\/wp\/v2\/pages"}],"about":[{"href":"https:\/\/lynden.co.mz\/pt-pt\/wp-json\/wp\/v2\/types\/page"}],"author":[{"embeddable":true,"href":"https:\/\/lynden.co.mz\/pt-pt\/wp-json\/wp\/v2\/users\/7"}],"replies":[{"embeddable":true,"href":"https:\/\/lynden.co.mz\/pt-pt\/wp-json\/wp\/v2\/comments?post=2268"}],"version-history":[{"count":2,"href":"https:\/\/lynden.co.mz\/pt-pt\/wp-json\/wp\/v2\/pages\/2268\/revisions"}],"predecessor-version":[{"id":2271,"href":"https:\/\/lynden.co.mz\/pt-pt\/wp-json\/wp\/v2\/pages\/2268\/revisions\/2271"}],"wp:attachment":[{"href":"https:\/\/lynden.co.mz\/pt-pt\/wp-json\/wp\/v2\/media?parent=2268"}],"curies":[{"name":"wp","href":"https:\/\/api.w.org\/{rel}","templated":true}]}}