{"id":2272,"date":"2023-11-19T21:51:32","date_gmt":"2023-11-19T19:51:32","guid":{"rendered":"https:\/\/lynden.co.mz\/?page_id=2272"},"modified":"2023-11-30T18:48:01","modified_gmt":"2023-11-30T16:48:01","slug":"cultura-organizacional","status":"publish","type":"page","link":"https:\/\/lynden.co.mz\/pt-pt\/cultura-organizacional\/","title":{"rendered":"Cultura Organizacional"},"content":{"rendered":"<div class=\"row gutter k-equal-height\">\n<blockquote><p>Seus funcion\u00e1rios est\u00e3o cientes do que est\u00e1 no centro de seu trabalho di\u00e1rio?<\/p><\/blockquote>\n<\/div>\n\n\n<div class=\"row gutter k-equal-height\">\n<div class=\"col-lg-4 col-md-4 col-sm-4 col-xs-12\"><div class=\"gap10\"><\/div>\n<h5>Envolvimento dos funcion\u00e1rios<\/h5>\n<p>A miss\u00e3o\/vis\u00e3o\/valores da sua empresa s\u00e3o a base do seu trabalho, mas os seus funcion\u00e1rios est\u00e3o<br \/>\ncientes do que est\u00e1 no centro do seu trabalho di\u00e1rio? Al\u00e9m da miss\u00e3o e dos valores oficiais, cada<br \/>\nempresa tamb\u00e9m possui regras e h\u00e1bitos internos (n\u00e3o escritos): n\u00edveis de formalidade, por<br \/>\nexemplo, no idioma e no c\u00f3digo de vestimenta, fluxos e hierarquias de comunica\u00e7\u00e3o interna, etc.<br \/>\ntodos os funcion\u00e1rios conhecem e aderem \u00e0 sua cultura \u00fanica, para que possam extrair o melhor da<br \/>\nsua empresa.<br \/>\n<div class=\"gap10\"><\/div>\n<\/div>\n<div class=\"col-lg-4 col-md-4 col-sm-4 col-xs-12\">\n<div class=\"gap20\"><\/div><img decoding=\"async\" class=\"alignnone size-full wp-image-1382\" src=\"http:\/\/lynden.co.mz\/wp-content\/uploads\/2023\/10\/LSS-Company-Culture.png\" alt=\"LSS_customer-service-01\" ><div class=\"gap10\"><\/div>\nEste curso pode ser combinado com um curso de Atendimento ao Cliente, para garantir que seus<br \/>\nfuncion\u00e1rios representem os valores da sua empresa da melhor maneira poss\u00edvel.<br \/>\n<\/div>\n<div class=\"col-lg-4 col-md-4 col-sm-4 col-xs-12\">\n<h5>Ensino Corporativo<\/h5>\n<p><div class=\"gap10\"><\/div>\n<p><a href=\"\/?page_id=1557\" target=\"_self\" class=\"btn btn-corp btn-md\">Cursos de Atendimento ao Cliente<\/a><\/p>\n<div class=\"gap5\"><\/div>\n<p><a href=\"\/?page_id=1386\" target=\"_self\" class=\"btn btn-corp btn-md\">Forma\u00e7\u00e3o Intercultural<\/a><\/p>\n<div class=\"gap5\"><\/div>\n<p><a href=\"\/pt-pt\/cultura-organizacional\" target=\"_self\" class=\"btn btn-corp btn-md\">Cultura Organizacional<\/a><\/p>\n<div class=\"gap5\"><\/div>\n<p><a href=\"\/pt-pt\/competencias-de-apresentacao\/\" target=\"_self\" class=\"btn btn-corp btn-md\">Compet\u00eancias de Apresenta\u00e7\u00e3o<\/a><\/p>\n<div class=\"gap5\"><\/div>\n<div class=\"gap5\"><\/div>\n<p><a href=\"\/pt-pt\/excel-skills\/\" target=\"_self\" class=\"btn btn-corp btn-md\">Cursos de Excel<\/a><\/p>\n<div class=\"gap5\"><\/div>\n<p><a href=\"\/negotiation-skills-and-strategies\" target=\"_self\" class=\"btn btn-corp btn-md\">Negotiation Skills and Strategies<\/a><\/p>\n<div class=\"gap5\"><\/div>\n<p><a href=\"\/?page_id=1376\" target=\"_self\" class=\"btn btn-pt btn-md\">Portuguese for International Staff<\/a><\/p>\n<div class=\"gap20\"><\/div>\n<p>Oferecemos pre\u00e7os altamente competitivos, por hora. Os cursos podem ser ministrados na nossa Escola, online ou presencial. Os hor\u00e1rios s\u00e3o flex\u00edveis de modo a satisfazer as necessidades dos nossos Clientes.<\/p>\n<div class=\"gap10\"><\/div>\n<\/p>\n<p>Entre em contato para mais informa\u00e7\u00e3o.<br \/>\n<div class=\"gap10\"><\/div>\n<a href=\"\/?page_id=39\" target=\"_self\" class=\"btn btn-default btn-sm\"><i class=\"fa fa-envelope-o\"><\/i> &nbsp; Contacte-nos<\/a><div class=\"gap30\"><\/div>\n<\/div>\n<\/div>\n","protected":false},"excerpt":{"rendered":"","protected":false},"author":7,"featured_media":0,"parent":0,"menu_order":0,"comment_status":"closed","ping_status":"closed","template":"page-fullwidth.php","meta":{"jetpack_post_was_ever_published":false,"footnotes":""},"class_list":["post-2272","page","type-page","status-publish","hentry"],"yoast_head":"<!-- This site is optimized with the Yoast SEO plugin v27.4 - https:\/\/yoast.com\/product\/yoast-seo-wordpress\/ -->\n<title>Cultura Organizacional - Lynden Language Solutions<\/title>\n<meta name=\"robots\" content=\"index, follow, max-snippet:-1, max-image-preview:large, max-video-preview:-1\" \/>\n<link rel=\"canonical\" href=\"https:\/\/lynden.co.mz\/pt-pt\/cultura-organizacional\/\" \/>\n<meta property=\"og:locale\" content=\"pt_PT\" \/>\n<meta property=\"og:type\" content=\"article\" \/>\n<meta property=\"og:title\" content=\"Cultura Organizacional - Lynden Language Solutions\" \/>\n<meta property=\"og:url\" content=\"https:\/\/lynden.co.mz\/pt-pt\/cultura-organizacional\/\" \/>\n<meta property=\"og:site_name\" content=\"Lynden Language Solutions\" \/>\n<meta property=\"article:modified_time\" content=\"2023-11-30T16:48:01+00:00\" \/>\n<meta property=\"og:image\" content=\"http:\/\/lynden.co.mz\/wp-content\/uploads\/2023\/10\/LSS-Company-Culture.png\" \/>\n<meta name=\"twitter:card\" content=\"summary_large_image\" \/>\n<meta name=\"twitter:label1\" content=\"Tempo estimado de leitura\" \/>\n\t<meta name=\"twitter:data1\" content=\"1 minuto\" \/>\n<script type=\"application\/ld+json\" class=\"yoast-schema-graph\">{\"@context\":\"https:\\\/\\\/schema.org\",\"@graph\":[{\"@type\":\"WebPage\",\"@id\":\"https:\\\/\\\/lynden.co.mz\\\/pt-pt\\\/cultura-organizacional\\\/\",\"url\":\"https:\\\/\\\/lynden.co.mz\\\/pt-pt\\\/cultura-organizacional\\\/\",\"name\":\"Cultura Organizacional - Lynden Language Solutions\",\"isPartOf\":{\"@id\":\"https:\\\/\\\/lynden.co.mz\\\/#website\"},\"primaryImageOfPage\":{\"@id\":\"https:\\\/\\\/lynden.co.mz\\\/pt-pt\\\/cultura-organizacional\\\/#primaryimage\"},\"image\":{\"@id\":\"https:\\\/\\\/lynden.co.mz\\\/pt-pt\\\/cultura-organizacional\\\/#primaryimage\"},\"thumbnailUrl\":\"http:\\\/\\\/lynden.co.mz\\\/wp-content\\\/uploads\\\/2023\\\/10\\\/LSS-Company-Culture.png\",\"datePublished\":\"2023-11-19T19:51:32+00:00\",\"dateModified\":\"2023-11-30T16:48:01+00:00\",\"breadcrumb\":{\"@id\":\"https:\\\/\\\/lynden.co.mz\\\/pt-pt\\\/cultura-organizacional\\\/#breadcrumb\"},\"inLanguage\":\"pt-PT\",\"potentialAction\":[{\"@type\":\"ReadAction\",\"target\":[\"https:\\\/\\\/lynden.co.mz\\\/pt-pt\\\/cultura-organizacional\\\/\"]}]},{\"@type\":\"ImageObject\",\"inLanguage\":\"pt-PT\",\"@id\":\"https:\\\/\\\/lynden.co.mz\\\/pt-pt\\\/cultura-organizacional\\\/#primaryimage\",\"url\":\"http:\\\/\\\/lynden.co.mz\\\/wp-content\\\/uploads\\\/2023\\\/10\\\/LSS-Company-Culture.png\",\"contentUrl\":\"http:\\\/\\\/lynden.co.mz\\\/wp-content\\\/uploads\\\/2023\\\/10\\\/LSS-Company-Culture.png\"},{\"@type\":\"BreadcrumbList\",\"@id\":\"https:\\\/\\\/lynden.co.mz\\\/pt-pt\\\/cultura-organizacional\\\/#breadcrumb\",\"itemListElement\":[{\"@type\":\"ListItem\",\"position\":1,\"name\":\"Home\",\"item\":\"https:\\\/\\\/lynden.co.mz\\\/pt-pt\\\/\"},{\"@type\":\"ListItem\",\"position\":2,\"name\":\"Cultura Organizacional\"}]},{\"@type\":\"WebSite\",\"@id\":\"https:\\\/\\\/lynden.co.mz\\\/#website\",\"url\":\"https:\\\/\\\/lynden.co.mz\\\/\",\"name\":\"Lynden Language Solutions\",\"description\":\"Tailored language solutions for maximised learning.\",\"potentialAction\":[{\"@type\":\"SearchAction\",\"target\":{\"@type\":\"EntryPoint\",\"urlTemplate\":\"https:\\\/\\\/lynden.co.mz\\\/?s={search_term_string}\"},\"query-input\":{\"@type\":\"PropertyValueSpecification\",\"valueRequired\":true,\"valueName\":\"search_term_string\"}}],\"inLanguage\":\"pt-PT\"}]}<\/script>\n<!-- \/ Yoast SEO plugin. -->","yoast_head_json":{"title":"Cultura Organizacional - Lynden Language Solutions","robots":{"index":"index","follow":"follow","max-snippet":"max-snippet:-1","max-image-preview":"max-image-preview:large","max-video-preview":"max-video-preview:-1"},"canonical":"https:\/\/lynden.co.mz\/pt-pt\/cultura-organizacional\/","og_locale":"pt_PT","og_type":"article","og_title":"Cultura Organizacional - Lynden Language Solutions","og_url":"https:\/\/lynden.co.mz\/pt-pt\/cultura-organizacional\/","og_site_name":"Lynden Language Solutions","article_modified_time":"2023-11-30T16:48:01+00:00","og_image":[{"url":"http:\/\/lynden.co.mz\/wp-content\/uploads\/2023\/10\/LSS-Company-Culture.png","type":"","width":"","height":""}],"twitter_card":"summary_large_image","twitter_misc":{"Tempo estimado de leitura":"1 minuto"},"schema":{"@context":"https:\/\/schema.org","@graph":[{"@type":"WebPage","@id":"https:\/\/lynden.co.mz\/pt-pt\/cultura-organizacional\/","url":"https:\/\/lynden.co.mz\/pt-pt\/cultura-organizacional\/","name":"Cultura Organizacional - Lynden Language Solutions","isPartOf":{"@id":"https:\/\/lynden.co.mz\/#website"},"primaryImageOfPage":{"@id":"https:\/\/lynden.co.mz\/pt-pt\/cultura-organizacional\/#primaryimage"},"image":{"@id":"https:\/\/lynden.co.mz\/pt-pt\/cultura-organizacional\/#primaryimage"},"thumbnailUrl":"http:\/\/lynden.co.mz\/wp-content\/uploads\/2023\/10\/LSS-Company-Culture.png","datePublished":"2023-11-19T19:51:32+00:00","dateModified":"2023-11-30T16:48:01+00:00","breadcrumb":{"@id":"https:\/\/lynden.co.mz\/pt-pt\/cultura-organizacional\/#breadcrumb"},"inLanguage":"pt-PT","potentialAction":[{"@type":"ReadAction","target":["https:\/\/lynden.co.mz\/pt-pt\/cultura-organizacional\/"]}]},{"@type":"ImageObject","inLanguage":"pt-PT","@id":"https:\/\/lynden.co.mz\/pt-pt\/cultura-organizacional\/#primaryimage","url":"http:\/\/lynden.co.mz\/wp-content\/uploads\/2023\/10\/LSS-Company-Culture.png","contentUrl":"http:\/\/lynden.co.mz\/wp-content\/uploads\/2023\/10\/LSS-Company-Culture.png"},{"@type":"BreadcrumbList","@id":"https:\/\/lynden.co.mz\/pt-pt\/cultura-organizacional\/#breadcrumb","itemListElement":[{"@type":"ListItem","position":1,"name":"Home","item":"https:\/\/lynden.co.mz\/pt-pt\/"},{"@type":"ListItem","position":2,"name":"Cultura Organizacional"}]},{"@type":"WebSite","@id":"https:\/\/lynden.co.mz\/#website","url":"https:\/\/lynden.co.mz\/","name":"Lynden Language Solutions","description":"Tailored language solutions for maximised learning.","potentialAction":[{"@type":"SearchAction","target":{"@type":"EntryPoint","urlTemplate":"https:\/\/lynden.co.mz\/?s={search_term_string}"},"query-input":{"@type":"PropertyValueSpecification","valueRequired":true,"valueName":"search_term_string"}}],"inLanguage":"pt-PT"}]}},"jetpack_sharing_enabled":true,"jetpack_shortlink":"https:\/\/wp.me\/P8lW95-AE","_links":{"self":[{"href":"https:\/\/lynden.co.mz\/pt-pt\/wp-json\/wp\/v2\/pages\/2272","targetHints":{"allow":["GET"]}}],"collection":[{"href":"https:\/\/lynden.co.mz\/pt-pt\/wp-json\/wp\/v2\/pages"}],"about":[{"href":"https:\/\/lynden.co.mz\/pt-pt\/wp-json\/wp\/v2\/types\/page"}],"author":[{"embeddable":true,"href":"https:\/\/lynden.co.mz\/pt-pt\/wp-json\/wp\/v2\/users\/7"}],"replies":[{"embeddable":true,"href":"https:\/\/lynden.co.mz\/pt-pt\/wp-json\/wp\/v2\/comments?post=2272"}],"version-history":[{"count":2,"href":"https:\/\/lynden.co.mz\/pt-pt\/wp-json\/wp\/v2\/pages\/2272\/revisions"}],"predecessor-version":[{"id":2285,"href":"https:\/\/lynden.co.mz\/pt-pt\/wp-json\/wp\/v2\/pages\/2272\/revisions\/2285"}],"wp:attachment":[{"href":"https:\/\/lynden.co.mz\/pt-pt\/wp-json\/wp\/v2\/media?parent=2272"}],"curies":[{"name":"wp","href":"https:\/\/api.w.org\/{rel}","templated":true}]}}