{"id":2324,"date":"2023-12-01T08:58:51","date_gmt":"2023-12-01T06:58:51","guid":{"rendered":"https:\/\/lynden.co.mz\/excel-skills\/"},"modified":"2023-12-08T00:17:53","modified_gmt":"2023-12-07T22:17:53","slug":"excel-skills","status":"publish","type":"page","link":"https:\/\/lynden.co.mz\/pt-pt\/excel-skills\/","title":{"rendered":"Cursos de Excel"},"content":{"rendered":"<div class=\"row gutter k-equal-height\">\n<blockquote><p>Forne\u00e7a \u00e0 sua equipa habilidades pr\u00e1ticas por meio de nossos cursos abrangentes de Excel.<\/p><\/blockquote>\n<\/div>\n\n\n<div class=\"row gutter k-equal-height\">\n<div class=\"col-lg-8 col-md-8 col-sm-8 col-xs-12\"><div class=\"gap10\"><\/div><img decoding=\"async\" class=\"alignnone size-full wp-image-1382\" src=\"http:\/\/lynden.co.mz\/wp-content\/uploads\/2023\/12\/LLS-Slide-8.png\"><div class=\"gap10\"><\/div>\n<h5>N\u00edveis<\/h5>\n<p>Os cursos podem ser ministrados em diferentes n\u00edveis:<\/p>\n<p><b>Principiante<br \/>\nIntermedi\u00e1rio<br \/>\nAvan\u00e7ado<\/b><\/p>\n<p>O conte\u00fado pode ser adaptado \u00e0s suas necessidades espec\u00edficas.<\/p>\n<p>A dura\u00e7\u00e3o de cada curso \u00e9 de 8 horas no m\u00ednimo. O hor\u00e1rio, a frequ\u00eancia e a dura\u00e7\u00e3o podem ser acordados dependendo de suas necessidades e disponibilidade.<\/p>\n<div class=\"gap20\"><\/div>\n<\/div>\n<div class=\"col-lg-4 col-md-4 col-sm-4 col-xs-12\">\n<h5>Ensino Corporativo<\/h5>\n<p><div class=\"gap10\"><\/div>\n<p><a href=\"\/?page_id=1557\" target=\"_self\" class=\"btn btn-corp btn-md\">Cursos de Atendimento ao Cliente<\/a><\/p>\n<div class=\"gap5\"><\/div>\n<p><a href=\"\/?page_id=1386\" target=\"_self\" class=\"btn btn-corp btn-md\">Forma\u00e7\u00e3o Intercultural<\/a><\/p>\n<div class=\"gap5\"><\/div>\n<p><a href=\"\/pt-pt\/cultura-organizacional\" target=\"_self\" class=\"btn btn-corp btn-md\">Cultura Organizacional<\/a><\/p>\n<div class=\"gap5\"><\/div>\n<p><a href=\"\/pt-pt\/competencias-de-apresentacao\/\" target=\"_self\" class=\"btn btn-corp btn-md\">Compet\u00eancias de Apresenta\u00e7\u00e3o<\/a><\/p>\n<div class=\"gap5\"><\/div>\n<div class=\"gap5\"><\/div>\n<p><a href=\"\/pt-pt\/excel-skills\/\" target=\"_self\" class=\"btn btn-corp btn-md\">Cursos de Excel<\/a><\/p>\n<div class=\"gap5\"><\/div>\n<p><a href=\"\/negotiation-skills-and-strategies\" target=\"_self\" class=\"btn btn-corp btn-md\">Negotiation Skills and Strategies<\/a><\/p>\n<div class=\"gap5\"><\/div>\n<p><a href=\"\/?page_id=1376\" target=\"_self\" class=\"btn btn-pt btn-md\">Portuguese for International Staff<\/a><\/p>\n<div class=\"gap20\"><\/div>\n<p>Oferecemos pre\u00e7os altamente competitivos, por hora. Os cursos podem ser ministrados na nossa Escola, online ou presencial. Os hor\u00e1rios s\u00e3o flex\u00edveis de modo a satisfazer as necessidades dos nossos Clientes.<\/p>\n<div class=\"gap10\"><\/div>\n<\/p>\n<p>Contacte-nos para mais informa\u00e7\u00f5es<br \/>\n<div class=\"gap10\"><\/div>\n<a href=\"\/?page_id=39\" target=\"_self\" class=\"btn btn-default btn-sm\"><i class=\"fa fa-envelope-o\"><\/i> &nbsp; Contacto<\/a><div class=\"gap30\"><\/div>\n<\/div>\n<\/div>\n","protected":false},"excerpt":{"rendered":"","protected":false},"author":7,"featured_media":0,"parent":0,"menu_order":0,"comment_status":"closed","ping_status":"closed","template":"page-fullwidth.php","meta":{"jetpack_post_was_ever_published":false,"footnotes":""},"class_list":["post-2324","page","type-page","status-publish","hentry"],"yoast_head":"<!-- This site is optimized with the Yoast SEO plugin v27.4 - https:\/\/yoast.com\/product\/yoast-seo-wordpress\/ -->\n<title>Cursos de Excel - Lynden Language Solutions<\/title>\n<meta name=\"robots\" content=\"index, follow, max-snippet:-1, max-image-preview:large, max-video-preview:-1\" \/>\n<link rel=\"canonical\" href=\"https:\/\/lynden.co.mz\/pt-pt\/excel-skills\/\" \/>\n<meta property=\"og:locale\" content=\"pt_PT\" \/>\n<meta property=\"og:type\" content=\"article\" \/>\n<meta property=\"og:title\" content=\"Cursos de Excel - Lynden Language Solutions\" \/>\n<meta property=\"og:url\" content=\"https:\/\/lynden.co.mz\/pt-pt\/excel-skills\/\" \/>\n<meta property=\"og:site_name\" content=\"Lynden Language Solutions\" \/>\n<meta property=\"article:modified_time\" content=\"2023-12-07T22:17:53+00:00\" \/>\n<meta property=\"og:image\" content=\"http:\/\/lynden.co.mz\/wp-content\/uploads\/2023\/12\/LLS-Slide-8.png\" \/>\n<meta name=\"twitter:card\" content=\"summary_large_image\" \/>\n<meta name=\"twitter:label1\" content=\"Tempo estimado de leitura\" \/>\n\t<meta name=\"twitter:data1\" content=\"1 minuto\" \/>\n<script type=\"application\/ld+json\" class=\"yoast-schema-graph\">{\"@context\":\"https:\\\/\\\/schema.org\",\"@graph\":[{\"@type\":\"WebPage\",\"@id\":\"https:\\\/\\\/lynden.co.mz\\\/pt-pt\\\/excel-skills\\\/\",\"url\":\"https:\\\/\\\/lynden.co.mz\\\/pt-pt\\\/excel-skills\\\/\",\"name\":\"Cursos de Excel - Lynden Language Solutions\",\"isPartOf\":{\"@id\":\"https:\\\/\\\/lynden.co.mz\\\/#website\"},\"primaryImageOfPage\":{\"@id\":\"https:\\\/\\\/lynden.co.mz\\\/pt-pt\\\/excel-skills\\\/#primaryimage\"},\"image\":{\"@id\":\"https:\\\/\\\/lynden.co.mz\\\/pt-pt\\\/excel-skills\\\/#primaryimage\"},\"thumbnailUrl\":\"http:\\\/\\\/lynden.co.mz\\\/wp-content\\\/uploads\\\/2023\\\/12\\\/LLS-Slide-8.png\",\"datePublished\":\"2023-12-01T06:58:51+00:00\",\"dateModified\":\"2023-12-07T22:17:53+00:00\",\"breadcrumb\":{\"@id\":\"https:\\\/\\\/lynden.co.mz\\\/pt-pt\\\/excel-skills\\\/#breadcrumb\"},\"inLanguage\":\"pt-PT\",\"potentialAction\":[{\"@type\":\"ReadAction\",\"target\":[\"https:\\\/\\\/lynden.co.mz\\\/pt-pt\\\/excel-skills\\\/\"]}]},{\"@type\":\"ImageObject\",\"inLanguage\":\"pt-PT\",\"@id\":\"https:\\\/\\\/lynden.co.mz\\\/pt-pt\\\/excel-skills\\\/#primaryimage\",\"url\":\"http:\\\/\\\/lynden.co.mz\\\/wp-content\\\/uploads\\\/2023\\\/12\\\/LLS-Slide-8.png\",\"contentUrl\":\"http:\\\/\\\/lynden.co.mz\\\/wp-content\\\/uploads\\\/2023\\\/12\\\/LLS-Slide-8.png\"},{\"@type\":\"BreadcrumbList\",\"@id\":\"https:\\\/\\\/lynden.co.mz\\\/pt-pt\\\/excel-skills\\\/#breadcrumb\",\"itemListElement\":[{\"@type\":\"ListItem\",\"position\":1,\"name\":\"Home\",\"item\":\"https:\\\/\\\/lynden.co.mz\\\/pt-pt\\\/\"},{\"@type\":\"ListItem\",\"position\":2,\"name\":\"Cursos de Excel\"}]},{\"@type\":\"WebSite\",\"@id\":\"https:\\\/\\\/lynden.co.mz\\\/#website\",\"url\":\"https:\\\/\\\/lynden.co.mz\\\/\",\"name\":\"Lynden Language Solutions\",\"description\":\"Tailored language solutions for maximised learning.\",\"potentialAction\":[{\"@type\":\"SearchAction\",\"target\":{\"@type\":\"EntryPoint\",\"urlTemplate\":\"https:\\\/\\\/lynden.co.mz\\\/?s={search_term_string}\"},\"query-input\":{\"@type\":\"PropertyValueSpecification\",\"valueRequired\":true,\"valueName\":\"search_term_string\"}}],\"inLanguage\":\"pt-PT\"}]}<\/script>\n<!-- \/ Yoast SEO plugin. -->","yoast_head_json":{"title":"Cursos de Excel - Lynden Language Solutions","robots":{"index":"index","follow":"follow","max-snippet":"max-snippet:-1","max-image-preview":"max-image-preview:large","max-video-preview":"max-video-preview:-1"},"canonical":"https:\/\/lynden.co.mz\/pt-pt\/excel-skills\/","og_locale":"pt_PT","og_type":"article","og_title":"Cursos de Excel - Lynden Language Solutions","og_url":"https:\/\/lynden.co.mz\/pt-pt\/excel-skills\/","og_site_name":"Lynden Language Solutions","article_modified_time":"2023-12-07T22:17:53+00:00","og_image":[{"url":"http:\/\/lynden.co.mz\/wp-content\/uploads\/2023\/12\/LLS-Slide-8.png","type":"","width":"","height":""}],"twitter_card":"summary_large_image","twitter_misc":{"Tempo estimado de leitura":"1 minuto"},"schema":{"@context":"https:\/\/schema.org","@graph":[{"@type":"WebPage","@id":"https:\/\/lynden.co.mz\/pt-pt\/excel-skills\/","url":"https:\/\/lynden.co.mz\/pt-pt\/excel-skills\/","name":"Cursos de Excel - Lynden Language Solutions","isPartOf":{"@id":"https:\/\/lynden.co.mz\/#website"},"primaryImageOfPage":{"@id":"https:\/\/lynden.co.mz\/pt-pt\/excel-skills\/#primaryimage"},"image":{"@id":"https:\/\/lynden.co.mz\/pt-pt\/excel-skills\/#primaryimage"},"thumbnailUrl":"http:\/\/lynden.co.mz\/wp-content\/uploads\/2023\/12\/LLS-Slide-8.png","datePublished":"2023-12-01T06:58:51+00:00","dateModified":"2023-12-07T22:17:53+00:00","breadcrumb":{"@id":"https:\/\/lynden.co.mz\/pt-pt\/excel-skills\/#breadcrumb"},"inLanguage":"pt-PT","potentialAction":[{"@type":"ReadAction","target":["https:\/\/lynden.co.mz\/pt-pt\/excel-skills\/"]}]},{"@type":"ImageObject","inLanguage":"pt-PT","@id":"https:\/\/lynden.co.mz\/pt-pt\/excel-skills\/#primaryimage","url":"http:\/\/lynden.co.mz\/wp-content\/uploads\/2023\/12\/LLS-Slide-8.png","contentUrl":"http:\/\/lynden.co.mz\/wp-content\/uploads\/2023\/12\/LLS-Slide-8.png"},{"@type":"BreadcrumbList","@id":"https:\/\/lynden.co.mz\/pt-pt\/excel-skills\/#breadcrumb","itemListElement":[{"@type":"ListItem","position":1,"name":"Home","item":"https:\/\/lynden.co.mz\/pt-pt\/"},{"@type":"ListItem","position":2,"name":"Cursos de Excel"}]},{"@type":"WebSite","@id":"https:\/\/lynden.co.mz\/#website","url":"https:\/\/lynden.co.mz\/","name":"Lynden Language Solutions","description":"Tailored language solutions for maximised learning.","potentialAction":[{"@type":"SearchAction","target":{"@type":"EntryPoint","urlTemplate":"https:\/\/lynden.co.mz\/?s={search_term_string}"},"query-input":{"@type":"PropertyValueSpecification","valueRequired":true,"valueName":"search_term_string"}}],"inLanguage":"pt-PT"}]}},"jetpack_sharing_enabled":true,"jetpack_shortlink":"https:\/\/wp.me\/P8lW95-Bu","_links":{"self":[{"href":"https:\/\/lynden.co.mz\/pt-pt\/wp-json\/wp\/v2\/pages\/2324","targetHints":{"allow":["GET"]}}],"collection":[{"href":"https:\/\/lynden.co.mz\/pt-pt\/wp-json\/wp\/v2\/pages"}],"about":[{"href":"https:\/\/lynden.co.mz\/pt-pt\/wp-json\/wp\/v2\/types\/page"}],"author":[{"embeddable":true,"href":"https:\/\/lynden.co.mz\/pt-pt\/wp-json\/wp\/v2\/users\/7"}],"replies":[{"embeddable":true,"href":"https:\/\/lynden.co.mz\/pt-pt\/wp-json\/wp\/v2\/comments?post=2324"}],"version-history":[{"count":8,"href":"https:\/\/lynden.co.mz\/pt-pt\/wp-json\/wp\/v2\/pages\/2324\/revisions"}],"predecessor-version":[{"id":2334,"href":"https:\/\/lynden.co.mz\/pt-pt\/wp-json\/wp\/v2\/pages\/2324\/revisions\/2334"}],"wp:attachment":[{"href":"https:\/\/lynden.co.mz\/pt-pt\/wp-json\/wp\/v2\/media?parent=2324"}],"curies":[{"name":"wp","href":"https:\/\/api.w.org\/{rel}","templated":true}]}}