{"id":863,"date":"2014-09-24T16:00:24","date_gmt":"2014-09-24T14:00:24","guid":{"rendered":"http:\/\/lynden.co.mz.s45189.gridserver.com\/?page_id=863"},"modified":"2017-01-07T23:44:49","modified_gmt":"2017-01-07T21:44:49","slug":"cursos-de-ingles-geral","status":"publish","type":"page","link":"https:\/\/lynden.co.mz\/pt-pt\/cursos-de-ingles-geral\/","title":{"rendered":"Cursos de Ingl\u00eas Geral"},"content":{"rendered":"<div class=\"row gutter k-equal-height\">\n<div class=\"col-lg-9 col-md-9 col-sm-6 col-xs-12\">\n<blockquote><p>Os cursos de Ingl\u00eas Geral abrangem todos os aspectos do idioma Ingl\u00eas: habilidades, gram\u00e1tica, bem como o conte\u00fado cultural.<\/p><\/blockquote>\n<\/div><div class=\"col-lg-3 col-md-3 col-sm-6 col-xs-12\"><\/div>\n<\/div>\n<div class=\"row gutter k-equal-height\">\n<div class=\"col-lg-4 col-md-4 col-sm-4 col-xs-12\"><div class=\"gap10\"><\/div><div class=\"gap10\"><\/div><img loading=\"lazy\" decoding=\"async\" src=\"http:\/\/lynden.co.mz\/wp-content\/uploads\/2014\/09\/LLS_Image-01_01.jpg\" alt=\"LLS_Image-01_01\" width=\"800\" height=\"273\" class=\"alignnone size-full wp-image-1327\" srcset=\"https:\/\/lynden.co.mz\/wp-content\/uploads\/2014\/09\/LLS_Image-01_01.jpg 800w, https:\/\/lynden.co.mz\/wp-content\/uploads\/2014\/09\/LLS_Image-01_01-768x262.jpg 768w\" sizes=\"auto, (max-width: 800px) 100vw, 800px\" \/><div class=\"gap10\"><\/div><div class=\"gap10\"><\/div>Leccionamos todos os n\u00edveis em simult\u00e2neo ao longo do ano. Ministramos cursos desde o n\u00edvel elementar ate ao avan\u00e7ado. Os programas dos cursos s\u00e3o adaptados aos respectivos n\u00edveis,  o total de horas de curso variam entre 60 horas para iniciantes e 66 horas para alunos mais avan\u00e7ados.<br \/>\n<\/div>\n<div class=\"col-lg-4 col-md-4 col-sm-4 col-xs-12\"><div class=\"gap10\"><\/div><div class=\"gap10\"><\/div>\n<p>Temos m\u00f3dulos electivos dispon\u00edveis quando solicitados:<br \/>\n<strong><\/p>\n<ul>\n<li>Prepara\u00e7\u00e3o para exames de Cambridge (PET, FCE, CAE)<\/li>\n<li>Ingl\u00eas para neg\u00f3cios<\/li>\n<li>Ingl\u00eas para profissionais jur\u00eddicos<\/li>\n<li>Ingl\u00eas para banc\u00e1rios<\/li>\n<li>Ingl\u00eas para contabilidade e auditoria<\/li>\n<\/ul>\n<p><\/strong>\n<\/p>\n<\/div>\n<div class=\"col-lg-4 col-md-4 col-sm-4 col-xs-12\"><h5>Mais informa\u00e7\u00e3o<\/h5>\n<p><a href=\"\/?page_id=1058\" target=\"_self\" class=\"btn btn-calendar btn-md\"><i class=\"fa fa-calendar\"><\/i> &nbsp; Calend\u00e1rio Cursos 2018<\/a><\/p>\n<div class=\"gap5\"><\/div>\n<p><a href=\"\/?page_id=931\" target=\"_self\" class=\"btn btn-pricing btn-md\"><i class=\"fa fa-list-alt\"><\/i> &nbsp; Avalia\u00e7\u00e3o<\/a><\/p>\n<div class=\"gap10\"><\/div>\n<h5>Inscreva-se<\/h5>\n<p><a href=\"http:\/\/lynden.co.mz\/pt-pt\/contacto\/\" target=\"_self\" class=\"btn btn-default btn-md\"><i class=\"fa fa-envelope-o\"><\/i> &nbsp; Contacto<\/a><\/p>\n<div class=\"gap10\"><\/div>\n<\/div>\n<\/div>\n","protected":false},"excerpt":{"rendered":"","protected":false},"author":6,"featured_media":0,"parent":0,"menu_order":0,"comment_status":"closed","ping_status":"closed","template":"page-fullwidth.php","meta":{"jetpack_post_was_ever_published":false,"footnotes":""},"class_list":["post-863","page","type-page","status-publish","hentry"],"yoast_head":"<!-- This site is optimized with the Yoast SEO plugin v27.4 - https:\/\/yoast.com\/product\/yoast-seo-wordpress\/ -->\n<title>Cursos de Ingl\u00eas Geral - Lynden Language Solutions<\/title>\n<meta name=\"robots\" content=\"index, follow, max-snippet:-1, max-image-preview:large, max-video-preview:-1\" \/>\n<link rel=\"canonical\" href=\"https:\/\/lynden.co.mz\/pt-pt\/cursos-de-ingles-geral\/\" \/>\n<meta property=\"og:locale\" content=\"pt_PT\" \/>\n<meta property=\"og:type\" content=\"article\" \/>\n<meta property=\"og:title\" content=\"Cursos de Ingl\u00eas Geral - Lynden Language Solutions\" \/>\n<meta property=\"og:url\" content=\"https:\/\/lynden.co.mz\/pt-pt\/cursos-de-ingles-geral\/\" \/>\n<meta property=\"og:site_name\" content=\"Lynden Language Solutions\" \/>\n<meta property=\"article:modified_time\" content=\"2017-01-07T21:44:49+00:00\" \/>\n<meta property=\"og:image\" content=\"http:\/\/lynden.co.mz\/wp-content\/uploads\/2014\/09\/LLS_Image-01_01.jpg\" \/>\n<meta name=\"twitter:card\" content=\"summary_large_image\" \/>\n<meta name=\"twitter:label1\" content=\"Tempo estimado de leitura\" \/>\n\t<meta name=\"twitter:data1\" content=\"1 minuto\" \/>\n<script type=\"application\/ld+json\" class=\"yoast-schema-graph\">{\"@context\":\"https:\\\/\\\/schema.org\",\"@graph\":[{\"@type\":\"WebPage\",\"@id\":\"https:\\\/\\\/lynden.co.mz\\\/pt-pt\\\/cursos-de-ingles-geral\\\/\",\"url\":\"https:\\\/\\\/lynden.co.mz\\\/pt-pt\\\/cursos-de-ingles-geral\\\/\",\"name\":\"Cursos de Ingl\u00eas Geral - Lynden Language Solutions\",\"isPartOf\":{\"@id\":\"http:\\\/\\\/lynden.co.mz\\\/#website\"},\"primaryImageOfPage\":{\"@id\":\"https:\\\/\\\/lynden.co.mz\\\/pt-pt\\\/cursos-de-ingles-geral\\\/#primaryimage\"},\"image\":{\"@id\":\"https:\\\/\\\/lynden.co.mz\\\/pt-pt\\\/cursos-de-ingles-geral\\\/#primaryimage\"},\"thumbnailUrl\":\"http:\\\/\\\/lynden.co.mz\\\/wp-content\\\/uploads\\\/2014\\\/09\\\/LLS_Image-01_01.jpg\",\"datePublished\":\"2014-09-24T14:00:24+00:00\",\"dateModified\":\"2017-01-07T21:44:49+00:00\",\"breadcrumb\":{\"@id\":\"https:\\\/\\\/lynden.co.mz\\\/pt-pt\\\/cursos-de-ingles-geral\\\/#breadcrumb\"},\"inLanguage\":\"pt-PT\",\"potentialAction\":[{\"@type\":\"ReadAction\",\"target\":[\"https:\\\/\\\/lynden.co.mz\\\/pt-pt\\\/cursos-de-ingles-geral\\\/\"]}]},{\"@type\":\"ImageObject\",\"inLanguage\":\"pt-PT\",\"@id\":\"https:\\\/\\\/lynden.co.mz\\\/pt-pt\\\/cursos-de-ingles-geral\\\/#primaryimage\",\"url\":\"http:\\\/\\\/lynden.co.mz\\\/wp-content\\\/uploads\\\/2014\\\/09\\\/LLS_Image-01_01.jpg\",\"contentUrl\":\"http:\\\/\\\/lynden.co.mz\\\/wp-content\\\/uploads\\\/2014\\\/09\\\/LLS_Image-01_01.jpg\"},{\"@type\":\"BreadcrumbList\",\"@id\":\"https:\\\/\\\/lynden.co.mz\\\/pt-pt\\\/cursos-de-ingles-geral\\\/#breadcrumb\",\"itemListElement\":[{\"@type\":\"ListItem\",\"position\":1,\"name\":\"Home\",\"item\":\"https:\\\/\\\/lynden.co.mz\\\/pt-pt\\\/\"},{\"@type\":\"ListItem\",\"position\":2,\"name\":\"Cursos de Ingl\u00eas Geral\"}]},{\"@type\":\"WebSite\",\"@id\":\"http:\\\/\\\/lynden.co.mz\\\/#website\",\"url\":\"http:\\\/\\\/lynden.co.mz\\\/\",\"name\":\"Lynden Language Solutions\",\"description\":\"Tailored language solutions for maximised learning.\",\"potentialAction\":[{\"@type\":\"SearchAction\",\"target\":{\"@type\":\"EntryPoint\",\"urlTemplate\":\"http:\\\/\\\/lynden.co.mz\\\/?s={search_term_string}\"},\"query-input\":{\"@type\":\"PropertyValueSpecification\",\"valueRequired\":true,\"valueName\":\"search_term_string\"}}],\"inLanguage\":\"pt-PT\"}]}<\/script>\n<!-- \/ Yoast SEO plugin. -->","yoast_head_json":{"title":"Cursos de Ingl\u00eas Geral - Lynden Language Solutions","robots":{"index":"index","follow":"follow","max-snippet":"max-snippet:-1","max-image-preview":"max-image-preview:large","max-video-preview":"max-video-preview:-1"},"canonical":"https:\/\/lynden.co.mz\/pt-pt\/cursos-de-ingles-geral\/","og_locale":"pt_PT","og_type":"article","og_title":"Cursos de Ingl\u00eas Geral - Lynden Language Solutions","og_url":"https:\/\/lynden.co.mz\/pt-pt\/cursos-de-ingles-geral\/","og_site_name":"Lynden Language Solutions","article_modified_time":"2017-01-07T21:44:49+00:00","og_image":[{"url":"http:\/\/lynden.co.mz\/wp-content\/uploads\/2014\/09\/LLS_Image-01_01.jpg","type":"","width":"","height":""}],"twitter_card":"summary_large_image","twitter_misc":{"Tempo estimado de leitura":"1 minuto"},"schema":{"@context":"https:\/\/schema.org","@graph":[{"@type":"WebPage","@id":"https:\/\/lynden.co.mz\/pt-pt\/cursos-de-ingles-geral\/","url":"https:\/\/lynden.co.mz\/pt-pt\/cursos-de-ingles-geral\/","name":"Cursos de Ingl\u00eas Geral - Lynden Language Solutions","isPartOf":{"@id":"http:\/\/lynden.co.mz\/#website"},"primaryImageOfPage":{"@id":"https:\/\/lynden.co.mz\/pt-pt\/cursos-de-ingles-geral\/#primaryimage"},"image":{"@id":"https:\/\/lynden.co.mz\/pt-pt\/cursos-de-ingles-geral\/#primaryimage"},"thumbnailUrl":"http:\/\/lynden.co.mz\/wp-content\/uploads\/2014\/09\/LLS_Image-01_01.jpg","datePublished":"2014-09-24T14:00:24+00:00","dateModified":"2017-01-07T21:44:49+00:00","breadcrumb":{"@id":"https:\/\/lynden.co.mz\/pt-pt\/cursos-de-ingles-geral\/#breadcrumb"},"inLanguage":"pt-PT","potentialAction":[{"@type":"ReadAction","target":["https:\/\/lynden.co.mz\/pt-pt\/cursos-de-ingles-geral\/"]}]},{"@type":"ImageObject","inLanguage":"pt-PT","@id":"https:\/\/lynden.co.mz\/pt-pt\/cursos-de-ingles-geral\/#primaryimage","url":"http:\/\/lynden.co.mz\/wp-content\/uploads\/2014\/09\/LLS_Image-01_01.jpg","contentUrl":"http:\/\/lynden.co.mz\/wp-content\/uploads\/2014\/09\/LLS_Image-01_01.jpg"},{"@type":"BreadcrumbList","@id":"https:\/\/lynden.co.mz\/pt-pt\/cursos-de-ingles-geral\/#breadcrumb","itemListElement":[{"@type":"ListItem","position":1,"name":"Home","item":"https:\/\/lynden.co.mz\/pt-pt\/"},{"@type":"ListItem","position":2,"name":"Cursos de Ingl\u00eas Geral"}]},{"@type":"WebSite","@id":"http:\/\/lynden.co.mz\/#website","url":"http:\/\/lynden.co.mz\/","name":"Lynden Language Solutions","description":"Tailored language solutions for maximised learning.","potentialAction":[{"@type":"SearchAction","target":{"@type":"EntryPoint","urlTemplate":"http:\/\/lynden.co.mz\/?s={search_term_string}"},"query-input":{"@type":"PropertyValueSpecification","valueRequired":true,"valueName":"search_term_string"}}],"inLanguage":"pt-PT"}]}},"jetpack_sharing_enabled":true,"jetpack_shortlink":"https:\/\/wp.me\/P8lW95-dV","_links":{"self":[{"href":"https:\/\/lynden.co.mz\/pt-pt\/wp-json\/wp\/v2\/pages\/863","targetHints":{"allow":["GET"]}}],"collection":[{"href":"https:\/\/lynden.co.mz\/pt-pt\/wp-json\/wp\/v2\/pages"}],"about":[{"href":"https:\/\/lynden.co.mz\/pt-pt\/wp-json\/wp\/v2\/types\/page"}],"author":[{"embeddable":true,"href":"https:\/\/lynden.co.mz\/pt-pt\/wp-json\/wp\/v2\/users\/6"}],"replies":[{"embeddable":true,"href":"https:\/\/lynden.co.mz\/pt-pt\/wp-json\/wp\/v2\/comments?post=863"}],"version-history":[{"count":8,"href":"https:\/\/lynden.co.mz\/pt-pt\/wp-json\/wp\/v2\/pages\/863\/revisions"}],"predecessor-version":[{"id":1542,"href":"https:\/\/lynden.co.mz\/pt-pt\/wp-json\/wp\/v2\/pages\/863\/revisions\/1542"}],"wp:attachment":[{"href":"https:\/\/lynden.co.mz\/pt-pt\/wp-json\/wp\/v2\/media?parent=863"}],"curies":[{"name":"wp","href":"https:\/\/api.w.org\/{rel}","templated":true}]}}