{"id":931,"date":"2014-09-20T16:09:26","date_gmt":"2014-09-20T14:09:26","guid":{"rendered":"http:\/\/lynden.co.mz.s45189.gridserver.com\/?page_id=931"},"modified":"2017-01-07T23:48:01","modified_gmt":"2017-01-07T21:48:01","slug":"avaliacao","status":"publish","type":"page","link":"https:\/\/lynden.co.mz\/pt-pt\/avaliacao\/","title":{"rendered":"Avalia\u00e7\u00e3o"},"content":{"rendered":"<h5>Avalia\u00e7\u00e3o N\u00edvel<\/h5>\n<p>A avalia\u00e7\u00e3o \u00e9 feita atrav\u00e9s de um teste para organiza\u00e7\u00e3o de grupos ou individuais nos seus correctos n\u00edveis de ingl\u00eas.<\/p>\n<a href=\"mailto:info@lynden.co.mz?subject=Avalia\u00e7\u00e3o%20Lynden%20Language%20School\" target=\"_self\" class=\"btn btn-success btn-md\"><i class=\"fa fa-check\"><\/i> &nbsp; Solicita uma avalia\u00e7\u00e3o<\/a>\n<div class=\"gap20\"><\/div>\n<h5>Avalia\u00e7\u00e3o Curso<\/h5>\n<p>As habilidades de falar, escrever e compreendeer s\u00e3o avaliadas num sistema de avalia\u00e7\u00e3o cont\u00ednua com tarefas determinadas durante o curso. O uso de Ingl\u00eas (gram\u00e1tica, vocabul\u00e1rio e leitura) \u00e9 testado no final do curso numa prova Final.<\/p>\n<p>A nota final reflete uma m\u00e9dia das habilidades adquiridas durante todo o curso e o resultado do teste Final. Os nossos padr\u00f5es s\u00e3o muito elevados, e avaliamos cada caso individualmente, tendo em conta a m\u00e9dia da auala e a realiza\u00e7\u00e3o em termos de compet\u00eancias e presen\u00e7a.<br \/>\n<div class=\"gap10\"><\/div>\n<h5>Relat\u00f3rios<\/h5>\n<p class=\"font_8\">Relat\u00f3rios semanais de presen\u00e7a, bem como um Relat\u00f3rio Final, mostrando o resultado e atendimento, est\u00e3o dispon\u00edveis para as entidades patrocinadoras.<\/p>\n","protected":false},"excerpt":{"rendered":"<p>Avalia\u00e7\u00e3o N\u00edvel A avalia\u00e7\u00e3o \u00e9 feita atrav\u00e9s de um teste para organiza\u00e7\u00e3o de grupos ou individuais nos seus correctos n\u00edveis de ingl\u00eas. Avalia\u00e7\u00e3o Curso&#8230; &nbsp; <a href=\"https:\/\/lynden.co.mz\/pt-pt\/avaliacao\/\" class=\"moretag\">Read More<\/a><\/p>\n","protected":false},"author":6,"featured_media":0,"parent":0,"menu_order":0,"comment_status":"closed","ping_status":"closed","template":"","meta":{"jetpack_post_was_ever_published":false,"footnotes":""},"class_list":["post-931","page","type-page","status-publish","hentry"],"yoast_head":"<!-- This site is optimized with the Yoast SEO plugin v27.5 - https:\/\/yoast.com\/product\/yoast-seo-wordpress\/ -->\n<title>Avalia\u00e7\u00e3o - Lynden Language Solutions<\/title>\n<meta name=\"robots\" content=\"index, follow, max-snippet:-1, max-image-preview:large, max-video-preview:-1\" \/>\n<link rel=\"canonical\" href=\"https:\/\/lynden.co.mz\/pt-pt\/avaliacao\/\" \/>\n<meta property=\"og:locale\" content=\"pt_PT\" \/>\n<meta property=\"og:type\" content=\"article\" \/>\n<meta property=\"og:title\" content=\"Avalia\u00e7\u00e3o - Lynden Language Solutions\" \/>\n<meta property=\"og:description\" content=\"Avalia\u00e7\u00e3o N\u00edvel A avalia\u00e7\u00e3o \u00e9 feita atrav\u00e9s de um teste para organiza\u00e7\u00e3o de grupos ou individuais nos seus correctos n\u00edveis de ingl\u00eas. Avalia\u00e7\u00e3o Curso... &nbsp; Read More\" \/>\n<meta property=\"og:url\" content=\"https:\/\/lynden.co.mz\/pt-pt\/avaliacao\/\" \/>\n<meta property=\"og:site_name\" content=\"Lynden Language Solutions\" \/>\n<meta property=\"article:modified_time\" content=\"2017-01-07T21:48:01+00:00\" \/>\n<meta name=\"twitter:card\" content=\"summary_large_image\" \/>\n<meta name=\"twitter:label1\" content=\"Tempo estimado de leitura\" \/>\n\t<meta name=\"twitter:data1\" content=\"1 minuto\" \/>\n<script type=\"application\/ld+json\" class=\"yoast-schema-graph\">{\"@context\":\"https:\\\/\\\/schema.org\",\"@graph\":[{\"@type\":\"WebPage\",\"@id\":\"https:\\\/\\\/lynden.co.mz\\\/pt-pt\\\/avaliacao\\\/\",\"url\":\"https:\\\/\\\/lynden.co.mz\\\/pt-pt\\\/avaliacao\\\/\",\"name\":\"Avalia\u00e7\u00e3o - Lynden Language Solutions\",\"isPartOf\":{\"@id\":\"http:\\\/\\\/lynden.co.mz\\\/#website\"},\"datePublished\":\"2014-09-20T14:09:26+00:00\",\"dateModified\":\"2017-01-07T21:48:01+00:00\",\"breadcrumb\":{\"@id\":\"https:\\\/\\\/lynden.co.mz\\\/pt-pt\\\/avaliacao\\\/#breadcrumb\"},\"inLanguage\":\"pt-PT\",\"potentialAction\":[{\"@type\":\"ReadAction\",\"target\":[\"https:\\\/\\\/lynden.co.mz\\\/pt-pt\\\/avaliacao\\\/\"]}]},{\"@type\":\"BreadcrumbList\",\"@id\":\"https:\\\/\\\/lynden.co.mz\\\/pt-pt\\\/avaliacao\\\/#breadcrumb\",\"itemListElement\":[{\"@type\":\"ListItem\",\"position\":1,\"name\":\"Home\",\"item\":\"http:\\\/\\\/lynden.co.mz\\\/pt-pt\\\/\"},{\"@type\":\"ListItem\",\"position\":2,\"name\":\"Avalia\u00e7\u00e3o\"}]},{\"@type\":\"WebSite\",\"@id\":\"http:\\\/\\\/lynden.co.mz\\\/#website\",\"url\":\"http:\\\/\\\/lynden.co.mz\\\/\",\"name\":\"Lynden Language Solutions\",\"description\":\"Tailored language solutions for maximised learning.\",\"potentialAction\":[{\"@type\":\"SearchAction\",\"target\":{\"@type\":\"EntryPoint\",\"urlTemplate\":\"http:\\\/\\\/lynden.co.mz\\\/?s={search_term_string}\"},\"query-input\":{\"@type\":\"PropertyValueSpecification\",\"valueRequired\":true,\"valueName\":\"search_term_string\"}}],\"inLanguage\":\"pt-PT\"}]}<\/script>\n<!-- \/ Yoast SEO plugin. -->","yoast_head_json":{"title":"Avalia\u00e7\u00e3o - Lynden Language Solutions","robots":{"index":"index","follow":"follow","max-snippet":"max-snippet:-1","max-image-preview":"max-image-preview:large","max-video-preview":"max-video-preview:-1"},"canonical":"https:\/\/lynden.co.mz\/pt-pt\/avaliacao\/","og_locale":"pt_PT","og_type":"article","og_title":"Avalia\u00e7\u00e3o - Lynden Language Solutions","og_description":"Avalia\u00e7\u00e3o N\u00edvel A avalia\u00e7\u00e3o \u00e9 feita atrav\u00e9s de um teste para organiza\u00e7\u00e3o de grupos ou individuais nos seus correctos n\u00edveis de ingl\u00eas. Avalia\u00e7\u00e3o Curso... &nbsp; Read More","og_url":"https:\/\/lynden.co.mz\/pt-pt\/avaliacao\/","og_site_name":"Lynden Language Solutions","article_modified_time":"2017-01-07T21:48:01+00:00","twitter_card":"summary_large_image","twitter_misc":{"Tempo estimado de leitura":"1 minuto"},"schema":{"@context":"https:\/\/schema.org","@graph":[{"@type":"WebPage","@id":"https:\/\/lynden.co.mz\/pt-pt\/avaliacao\/","url":"https:\/\/lynden.co.mz\/pt-pt\/avaliacao\/","name":"Avalia\u00e7\u00e3o - Lynden Language Solutions","isPartOf":{"@id":"http:\/\/lynden.co.mz\/#website"},"datePublished":"2014-09-20T14:09:26+00:00","dateModified":"2017-01-07T21:48:01+00:00","breadcrumb":{"@id":"https:\/\/lynden.co.mz\/pt-pt\/avaliacao\/#breadcrumb"},"inLanguage":"pt-PT","potentialAction":[{"@type":"ReadAction","target":["https:\/\/lynden.co.mz\/pt-pt\/avaliacao\/"]}]},{"@type":"BreadcrumbList","@id":"https:\/\/lynden.co.mz\/pt-pt\/avaliacao\/#breadcrumb","itemListElement":[{"@type":"ListItem","position":1,"name":"Home","item":"http:\/\/lynden.co.mz\/pt-pt\/"},{"@type":"ListItem","position":2,"name":"Avalia\u00e7\u00e3o"}]},{"@type":"WebSite","@id":"http:\/\/lynden.co.mz\/#website","url":"http:\/\/lynden.co.mz\/","name":"Lynden Language Solutions","description":"Tailored language solutions for maximised learning.","potentialAction":[{"@type":"SearchAction","target":{"@type":"EntryPoint","urlTemplate":"http:\/\/lynden.co.mz\/?s={search_term_string}"},"query-input":{"@type":"PropertyValueSpecification","valueRequired":true,"valueName":"search_term_string"}}],"inLanguage":"pt-PT"}]}},"jetpack_sharing_enabled":true,"jetpack_shortlink":"https:\/\/wp.me\/P8lW95-f1","_links":{"self":[{"href":"https:\/\/lynden.co.mz\/pt-pt\/wp-json\/wp\/v2\/pages\/931","targetHints":{"allow":["GET"]}}],"collection":[{"href":"https:\/\/lynden.co.mz\/pt-pt\/wp-json\/wp\/v2\/pages"}],"about":[{"href":"https:\/\/lynden.co.mz\/pt-pt\/wp-json\/wp\/v2\/types\/page"}],"author":[{"embeddable":true,"href":"https:\/\/lynden.co.mz\/pt-pt\/wp-json\/wp\/v2\/users\/6"}],"replies":[{"embeddable":true,"href":"https:\/\/lynden.co.mz\/pt-pt\/wp-json\/wp\/v2\/comments?post=931"}],"version-history":[{"count":5,"href":"https:\/\/lynden.co.mz\/pt-pt\/wp-json\/wp\/v2\/pages\/931\/revisions"}],"predecessor-version":[{"id":1077,"href":"https:\/\/lynden.co.mz\/pt-pt\/wp-json\/wp\/v2\/pages\/931\/revisions\/1077"}],"wp:attachment":[{"href":"https:\/\/lynden.co.mz\/pt-pt\/wp-json\/wp\/v2\/media?parent=931"}],"curies":[{"name":"wp","href":"https:\/\/api.w.org\/{rel}","templated":true}]}}